{"id":431,"date":"2022-04-25T07:42:47","date_gmt":"2022-04-25T07:42:47","guid":{"rendered":"https:\/\/ducttrench.com\/index.php\/what-is-trench-heating-francais\/"},"modified":"2022-05-23T12:35:32","modified_gmt":"2022-05-23T12:35:32","slug":"chauffage-en-caniveau","status":"publish","type":"page","link":"https:\/\/ducttrench.com\/index.php\/fr\/chauffage-en-caniveau\/","title":{"rendered":"Qu&#8217;est-ce qu&#8217;un chauffage en caniveau ?"},"content":{"rendered":"\n<p class=\"has-black-color has-text-color\"><a href=\"https:\/\/ducttrench.com\/index.php\/fr\/chauffages-tranchee\/\">Le chauffage en caniveau<\/a> (ou chauffage en tranch\u00e9e) est un excellent moyen de fournir un syst\u00e8me de chauffage dans une pi\u00e8ce. Plac\u00e9 devant un vitrage, le chauffage en caniveau s&#8217;oppose aux courants d&#8217;air descendants et \u00e9limine les condensations. Il peut \u00eatre utilis\u00e9 comme source de chaleur principale ou secondaire dans n&#8217;importe quelle pi\u00e8ce. Il est aujourd&#8217;hui largement utilis\u00e9 dans les environnements commerciaux ou les habitations. Il est le moyen id\u00e9al pour chauffer un espace sans perdre un espace mural pr\u00e9cieux.<\/p>\n\n\n\n<p class=\"has-black-color has-text-color\">L&#8217;installation dans le sol d&#8217;un syst\u00e8me de chauffage par convection naturelle \u00e0 eau chaude basse temp\u00e9rature offre une excellente alternative aux radiateurs conventionnels. Une fois install\u00e9, seul la grille est visible. Cette derni\u00e8re est disponible dans une vari\u00e9t\u00e9 de finitions et de styles. Le chauffage en caniveau est facile \u00e0 installer et ne n\u00e9cessite que peu ou pas d&#8217;entretien.<\/p>\n\n\n\n<div class=\"wp-block-group\"><div class=\"wp-block-group__inner-container is-layout-flow wp-block-group-is-layout-flow\">\n<p>Nos chauffages sont test\u00e9s par le laboratoire ind\u00e9pendant <a href=\"https:\/\/www.bsria.com\/fr\/\">BSRIA<\/a> garantissant la qualit\u00e9 et la fiabilit\u00e9 de nos produits.<\/p>\n\n\n\n<div class=\"wp-block-group\"><div class=\"wp-block-group__inner-container is-layout-flow wp-block-group-is-layout-flow\">\n<figure class=\"wp-block-image size-large is-resized\"><img loading=\"lazy\" decoding=\"async\" src=\"http:\/\/ducttrench.com\/wp-content\/uploads\/2022\/04\/logo-BSRIA-1024x292.png\" alt=\"\" class=\"wp-image-335\" width=\"71\" height=\"20\" srcset=\"https:\/\/ducttrench.com\/wp-content\/uploads\/2022\/04\/logo-BSRIA-1024x292.png 1024w, https:\/\/ducttrench.com\/wp-content\/uploads\/2022\/04\/logo-BSRIA-300x85.png 300w, https:\/\/ducttrench.com\/wp-content\/uploads\/2022\/04\/logo-BSRIA-768x219.png 768w, https:\/\/ducttrench.com\/wp-content\/uploads\/2022\/04\/logo-BSRIA-1536x437.png 1536w, https:\/\/ducttrench.com\/wp-content\/uploads\/2022\/04\/logo-BSRIA-2048x583.png 2048w\" sizes=\"auto, (max-width: 71px) 100vw, 71px\" \/><\/figure>\n<\/div><\/div>\n<\/div><\/div>\n\n\n\n<div class=\"alignnormal\"><div id=\"metaslider-id-801\" style=\"width: 100%;\" class=\"ml-slider-3-27-5 metaslider metaslider-flex metaslider-801 ml-slider ms-theme-blend has-dots-nav\">\n    <div id=\"metaslider_container_801\">\n        <div id=\"metaslider_801\">\n            <ul aria-live=\"polite\" class=\"slides\">\n                <li style=\"display: block; width: 100%;\" class=\"slide-802 ms-image\"><a href=\"https:\/\/ducttrench.com\/index.php\/fr\/chauffages-tranchee\/\" target=\"_self\"><img loading=\"lazy\" decoding=\"async\" src=\"https:\/\/ducttrench.com\/wp-content\/uploads\/2022\/05\/TRENCH-1-600x200.jpg\" height=\"200\" width=\"600\" alt=\"\" class=\"slider-801 slide-802\" title=\"TRENCH-1\" \/><\/a><div class=\"caption-wrap\"><div class=\"caption\">Chauffage en caniveau <\/div><\/div><\/li>\n                <li style=\"display: none; width: 100%;\" class=\"slide-803 ms-image\"><a href=\"https:\/\/ducttrench.com\/index.php\/fr\/trench-heating-produit-et-options\/options-2\/aquafan\/\" target=\"_self\"><img loading=\"lazy\" decoding=\"async\" src=\"https:\/\/ducttrench.com\/wp-content\/uploads\/2022\/05\/aquafan-1.jpg\" height=\"200\" width=\"600\" alt=\"\" class=\"slider-801 slide-803\" title=\"aquafan-1\" \/><\/a><div class=\"caption-wrap\"><div class=\"caption\">Aquafan <\/div><\/div><\/li>\n                <li style=\"display: none; width: 100%;\" class=\"slide-804 ms-image\"><a href=\"https:\/\/ducttrench.com\/index.php\/fr\/trench-heating-produit-et-options\/options-2\/electrofan-3\/\" target=\"_self\"><img loading=\"lazy\" decoding=\"async\" src=\"https:\/\/ducttrench.com\/wp-content\/uploads\/2022\/05\/electrofan-1.jpg\" height=\"200\" width=\"600\" alt=\"\" class=\"slider-801 slide-804\" title=\"electrofan-1\" \/><\/a><div class=\"caption-wrap\"><div class=\"caption\">Electrofan <\/div><\/div><\/li>\n                <li style=\"display: none; width: 100%;\" class=\"slide-805 ms-image\"><a href=\"https:\/\/ducttrench.com\/index.php\/fr\/trench-heating-produit-et-options\/options-2\/electrotrench-3\/\" target=\"_self\"><img loading=\"lazy\" decoding=\"async\" src=\"https:\/\/ducttrench.com\/wp-content\/uploads\/2022\/05\/electrotrench-1.jpg\" height=\"200\" width=\"600\" alt=\"\" class=\"slider-801 slide-805\" title=\"electrotrench-1\" \/><\/a><div class=\"caption-wrap\"><div class=\"caption\">Electrotrench <\/div><\/div><\/li>\n                <li style=\"display: none; width: 100%;\" class=\"slide-806 ms-image\"><a href=\"https:\/\/ducttrench.com\/index.php\/fr\/trench-heating-produit-et-options\/options-2\/chauffage-en-tranchee\/\" target=\"_self\"><img loading=\"lazy\" decoding=\"async\" src=\"https:\/\/ducttrench.com\/wp-content\/uploads\/2022\/05\/grille-1.jpg\" height=\"200\" width=\"600\" alt=\"\" class=\"slider-801 slide-806\" title=\"grille-1\" \/><\/a><div class=\"caption-wrap\"><div class=\"caption\">Grilles &amp; angles <\/div><\/div><\/li>\n                <li style=\"display: none; width: 100%;\" class=\"slide-807 ms-image\"><img loading=\"lazy\" decoding=\"async\" src=\"https:\/\/ducttrench.com\/wp-content\/uploads\/2022\/05\/valves-conrols-1.jpg\" height=\"200\" width=\"600\" alt=\"\" class=\"slider-801 slide-807\" title=\"valves-conrols-1\" \/><div class=\"caption-wrap\"><div class=\"caption\">Valves &amp; contr\u00f4le <\/div><\/div><\/li>\n            <\/ul>\n        <\/div>\n        \n    <\/div>\n<\/div><\/div>\n","protected":false},"excerpt":{"rendered":"<p>Le chauffage en caniveau (ou chauffage en tranch\u00e9e) est un excellent moyen de fournir un syst\u00e8me de chauffage dans une<\/p>\n<p><span class=\"more-link\"><a href=\"https:\/\/ducttrench.com\/index.php\/fr\/chauffage-en-caniveau\/\" class=\"readmore\">Continue reading<span class=\"screen-reader-text\">Qu&#8217;est-ce qu&#8217;un chauffage en caniveau ?<\/span><\/a><\/span><\/p>\n","protected":false},"author":1,"featured_media":0,"parent":0,"menu_order":0,"comment_status":"closed","ping_status":"closed","template":"","meta":{"om_disable_all_campaigns":false,"_monsterinsights_skip_tracking":false,"_monsterinsights_sitenote_active":false,"_monsterinsights_sitenote_note":"","_monsterinsights_sitenote_category":0,"footnotes":""},"class_list":["post-431","page","type-page","status-publish","hentry"],"yoast_head":"<!-- This site is optimized with the Yoast SEO plugin v18.9 - https:\/\/yoast.com\/wordpress\/plugins\/seo\/ -->\n<title>Qu&#039;est-ce qu&#039;un chauffage en caniveau ? - Duct Engineering Ltd.<\/title>\n<meta name=\"description\" content=\"Le chauffage en caniveau est un excellent moyen de fournir un syst\u00e8me de chauffage dans une pi\u00e8ce sans perdre d&#039;espace.\" \/>\n<meta name=\"robots\" content=\"index, follow, max-snippet:-1, max-image-preview:large, max-video-preview:-1\" \/>\n<link rel=\"canonical\" href=\"https:\/\/ducttrench.com\/index.php\/fr\/chauffage-en-caniveau\/\" \/>\n<meta property=\"og:locale\" content=\"en_US\" \/>\n<meta property=\"og:type\" content=\"article\" \/>\n<meta property=\"og:title\" content=\"Qu&#039;est-ce qu&#039;un chauffage en caniveau ? - Duct Engineering Ltd.\" \/>\n<meta property=\"og:description\" content=\"Le chauffage en caniveau est un excellent moyen de fournir un syst\u00e8me de chauffage dans une pi\u00e8ce sans perdre d&#039;espace.\" \/>\n<meta property=\"og:url\" content=\"https:\/\/ducttrench.com\/index.php\/fr\/chauffage-en-caniveau\/\" \/>\n<meta property=\"og:site_name\" content=\"Duct Engineering Ltd.\" \/>\n<meta property=\"article:modified_time\" content=\"2022-05-23T12:35:32+00:00\" \/>\n<meta property=\"og:image\" content=\"http:\/\/ducttrench.com\/wp-content\/uploads\/2022\/04\/logo-BSRIA-1024x292.png\" \/>\n<meta name=\"twitter:card\" content=\"summary_large_image\" \/>\n<meta name=\"twitter:label1\" content=\"Est. reading time\" \/>\n\t<meta name=\"twitter:data1\" content=\"1 minute\" \/>\n<script type=\"application\/ld+json\" class=\"yoast-schema-graph\">{\"@context\":\"https:\/\/schema.org\",\"@graph\":[{\"@type\":\"WebSite\",\"@id\":\"https:\/\/ducttrench.com\/#website\",\"url\":\"https:\/\/ducttrench.com\/\",\"name\":\"Duct Engineering Ltd.\",\"description\":\"Trench Heating\",\"potentialAction\":[{\"@type\":\"SearchAction\",\"target\":{\"@type\":\"EntryPoint\",\"urlTemplate\":\"https:\/\/ducttrench.com\/?s={search_term_string}\"},\"query-input\":\"required name=search_term_string\"}],\"inLanguage\":\"en-US\"},{\"@type\":\"ImageObject\",\"inLanguage\":\"en-US\",\"@id\":\"https:\/\/ducttrench.com\/index.php\/fr\/chauffage-en-caniveau\/#primaryimage\",\"url\":\"https:\/\/ducttrench.com\/wp-content\/uploads\/2022\/04\/logo-BSRIA.png\",\"contentUrl\":\"https:\/\/ducttrench.com\/wp-content\/uploads\/2022\/04\/logo-BSRIA.png\",\"width\":2560,\"height\":729},{\"@type\":\"WebPage\",\"@id\":\"https:\/\/ducttrench.com\/index.php\/fr\/chauffage-en-caniveau\/#webpage\",\"url\":\"https:\/\/ducttrench.com\/index.php\/fr\/chauffage-en-caniveau\/\",\"name\":\"Qu'est-ce qu'un chauffage en caniveau ? - Duct Engineering Ltd.\",\"isPartOf\":{\"@id\":\"https:\/\/ducttrench.com\/#website\"},\"primaryImageOfPage\":{\"@id\":\"https:\/\/ducttrench.com\/index.php\/fr\/chauffage-en-caniveau\/#primaryimage\"},\"datePublished\":\"2022-04-25T07:42:47+00:00\",\"dateModified\":\"2022-05-23T12:35:32+00:00\",\"description\":\"Le chauffage en caniveau est un excellent moyen de fournir un syst\u00e8me de chauffage dans une pi\u00e8ce sans perdre d'espace.\",\"breadcrumb\":{\"@id\":\"https:\/\/ducttrench.com\/index.php\/fr\/chauffage-en-caniveau\/#breadcrumb\"},\"inLanguage\":\"en-US\",\"potentialAction\":[{\"@type\":\"ReadAction\",\"target\":[\"https:\/\/ducttrench.com\/index.php\/fr\/chauffage-en-caniveau\/\"]}]},{\"@type\":\"BreadcrumbList\",\"@id\":\"https:\/\/ducttrench.com\/index.php\/fr\/chauffage-en-caniveau\/#breadcrumb\",\"itemListElement\":[{\"@type\":\"ListItem\",\"position\":1,\"name\":\"Home\",\"item\":\"https:\/\/ducttrench.com\/\"},{\"@type\":\"ListItem\",\"position\":2,\"name\":\"Qu&rsquo;est-ce qu&rsquo;un chauffage en caniveau ?\"}]}]}<\/script>\n<!-- \/ Yoast SEO plugin. -->","yoast_head_json":{"title":"Qu'est-ce qu'un chauffage en caniveau ? - Duct Engineering Ltd.","description":"Le chauffage en caniveau est un excellent moyen de fournir un syst\u00e8me de chauffage dans une pi\u00e8ce sans perdre d'espace.","robots":{"index":"index","follow":"follow","max-snippet":"max-snippet:-1","max-image-preview":"max-image-preview:large","max-video-preview":"max-video-preview:-1"},"canonical":"https:\/\/ducttrench.com\/index.php\/fr\/chauffage-en-caniveau\/","og_locale":"en_US","og_type":"article","og_title":"Qu'est-ce qu'un chauffage en caniveau ? - Duct Engineering Ltd.","og_description":"Le chauffage en caniveau est un excellent moyen de fournir un syst\u00e8me de chauffage dans une pi\u00e8ce sans perdre d'espace.","og_url":"https:\/\/ducttrench.com\/index.php\/fr\/chauffage-en-caniveau\/","og_site_name":"Duct Engineering Ltd.","article_modified_time":"2022-05-23T12:35:32+00:00","og_image":[{"url":"http:\/\/ducttrench.com\/wp-content\/uploads\/2022\/04\/logo-BSRIA-1024x292.png"}],"twitter_card":"summary_large_image","twitter_misc":{"Est. reading time":"1 minute"},"schema":{"@context":"https:\/\/schema.org","@graph":[{"@type":"WebSite","@id":"https:\/\/ducttrench.com\/#website","url":"https:\/\/ducttrench.com\/","name":"Duct Engineering Ltd.","description":"Trench Heating","potentialAction":[{"@type":"SearchAction","target":{"@type":"EntryPoint","urlTemplate":"https:\/\/ducttrench.com\/?s={search_term_string}"},"query-input":"required name=search_term_string"}],"inLanguage":"en-US"},{"@type":"ImageObject","inLanguage":"en-US","@id":"https:\/\/ducttrench.com\/index.php\/fr\/chauffage-en-caniveau\/#primaryimage","url":"https:\/\/ducttrench.com\/wp-content\/uploads\/2022\/04\/logo-BSRIA.png","contentUrl":"https:\/\/ducttrench.com\/wp-content\/uploads\/2022\/04\/logo-BSRIA.png","width":2560,"height":729},{"@type":"WebPage","@id":"https:\/\/ducttrench.com\/index.php\/fr\/chauffage-en-caniveau\/#webpage","url":"https:\/\/ducttrench.com\/index.php\/fr\/chauffage-en-caniveau\/","name":"Qu'est-ce qu'un chauffage en caniveau ? - Duct Engineering Ltd.","isPartOf":{"@id":"https:\/\/ducttrench.com\/#website"},"primaryImageOfPage":{"@id":"https:\/\/ducttrench.com\/index.php\/fr\/chauffage-en-caniveau\/#primaryimage"},"datePublished":"2022-04-25T07:42:47+00:00","dateModified":"2022-05-23T12:35:32+00:00","description":"Le chauffage en caniveau est un excellent moyen de fournir un syst\u00e8me de chauffage dans une pi\u00e8ce sans perdre d'espace.","breadcrumb":{"@id":"https:\/\/ducttrench.com\/index.php\/fr\/chauffage-en-caniveau\/#breadcrumb"},"inLanguage":"en-US","potentialAction":[{"@type":"ReadAction","target":["https:\/\/ducttrench.com\/index.php\/fr\/chauffage-en-caniveau\/"]}]},{"@type":"BreadcrumbList","@id":"https:\/\/ducttrench.com\/index.php\/fr\/chauffage-en-caniveau\/#breadcrumb","itemListElement":[{"@type":"ListItem","position":1,"name":"Home","item":"https:\/\/ducttrench.com\/"},{"@type":"ListItem","position":2,"name":"Qu&rsquo;est-ce qu&rsquo;un chauffage en caniveau ?"}]}]}},"_links":{"self":[{"href":"https:\/\/ducttrench.com\/index.php\/wp-json\/wp\/v2\/pages\/431","targetHints":{"allow":["GET"]}}],"collection":[{"href":"https:\/\/ducttrench.com\/index.php\/wp-json\/wp\/v2\/pages"}],"about":[{"href":"https:\/\/ducttrench.com\/index.php\/wp-json\/wp\/v2\/types\/page"}],"author":[{"embeddable":true,"href":"https:\/\/ducttrench.com\/index.php\/wp-json\/wp\/v2\/users\/1"}],"replies":[{"embeddable":true,"href":"https:\/\/ducttrench.com\/index.php\/wp-json\/wp\/v2\/comments?post=431"}],"version-history":[{"count":8,"href":"https:\/\/ducttrench.com\/index.php\/wp-json\/wp\/v2\/pages\/431\/revisions"}],"predecessor-version":[{"id":859,"href":"https:\/\/ducttrench.com\/index.php\/wp-json\/wp\/v2\/pages\/431\/revisions\/859"}],"wp:attachment":[{"href":"https:\/\/ducttrench.com\/index.php\/wp-json\/wp\/v2\/media?parent=431"}],"curies":[{"name":"wp","href":"https:\/\/api.w.org\/{rel}","templated":true}]}}