{"id":433,"date":"2022-04-25T07:42:47","date_gmt":"2022-04-25T07:42:47","guid":{"rendered":"https:\/\/ducttrench.com\/index.php\/what-is-trench-heating-espanol\/"},"modified":"2022-05-23T10:01:24","modified_gmt":"2022-05-23T10:01:24","slug":"what-is-trench-heating-espanol","status":"publish","type":"page","link":"https:\/\/ducttrench.com\/index.php\/es\/what-is-trench-heating-espanol\/","title":{"rendered":"\u00bfQue es  Trench Heating?"},"content":{"rendered":"\n<p>El producto <a href=\"https:\/\/ducttrench.com\/index.php\/es\/productos-y-opciones\/unidades-de-calentamiento-de-zanjas\/\">Trench Heating<\/a> o la calefacci\u00f3n de zanja es una manera favorecida para proveer un sistema de calefaccion en frente de acristalamiento de altura completa. Cuando es metido en frente de acristalamiento, &#8220;Trench heating&#8221; (calefacci\u00f3n subterranea) contrarrestar\u00e1 tiros descendentes y eliminar\u00e1 condensaci\u00f3n. Trench heating puede ser utilisado como manera primera o segunda fuente de calefacci\u00f3n en cualquier habitacion. Es muy usado tanto en medioambientes commerciales como en medioambientes dom\u00e9sticos. Trench heating es una manera ideal de calentar una zona sin perdir valioso espacio en la pared. La installacion en el suelo de conveccion natural, baja temperadura, calefacci\u00f3n subterannea oferta una alternativa excelente radiadores convencionales. Una vez insatalada, solamente el reja es visible que es disponible una variedad de estilas y refinamientos. Trench heating es f\u00e1cil a instalar y requiere casimente no mantenimiento. <\/p>\n\n\n\n<p>Nuestro Trench heating ha sido probado para el laboratorio independiente <a href=\"https:\/\/www.bsria.com\/fr\/\" target=\"_blank\" rel=\"noreferrer noopener\">BSRIA<\/a> que garantiza la calidad y la fiabildad del producto.<\/p>\n\n\n\n<figure class=\"wp-block-image size-large is-resized\"><img loading=\"lazy\" decoding=\"async\" src=\"http:\/\/ducttrench.com\/wp-content\/uploads\/2022\/04\/logo-BSRIA-1024x292.png\" alt=\"\" class=\"wp-image-335\" width=\"78\" height=\"22\" srcset=\"https:\/\/ducttrench.com\/wp-content\/uploads\/2022\/04\/logo-BSRIA-1024x292.png 1024w, https:\/\/ducttrench.com\/wp-content\/uploads\/2022\/04\/logo-BSRIA-300x85.png 300w, https:\/\/ducttrench.com\/wp-content\/uploads\/2022\/04\/logo-BSRIA-768x219.png 768w, https:\/\/ducttrench.com\/wp-content\/uploads\/2022\/04\/logo-BSRIA-1536x437.png 1536w, https:\/\/ducttrench.com\/wp-content\/uploads\/2022\/04\/logo-BSRIA-2048x583.png 2048w\" sizes=\"auto, (max-width: 78px) 100vw, 78px\" \/><\/figure>\n\n\n\n<div class=\"alignnormal\"><div id=\"metaslider-id-791\" style=\"width: 100%;\" class=\"ml-slider-3-27-5 metaslider metaslider-flex metaslider-791 ml-slider ms-theme-blend has-dots-nav\">\n    <div id=\"metaslider_container_791\">\n        <div id=\"metaslider_791\">\n            <ul aria-live=\"polite\" class=\"slides\">\n                <li style=\"display: block; width: 100%;\" class=\"slide-797 ms-image\"><a href=\"https:\/\/ducttrench.com\/index.php\/es\/productos-y-opciones\/unidades-de-calentamiento-de-zanjas\/\" target=\"_self\"><img loading=\"lazy\" decoding=\"async\" src=\"https:\/\/ducttrench.com\/wp-content\/uploads\/2022\/05\/TRENCH-1-600x200.jpg\" height=\"200\" width=\"600\" alt=\"\" class=\"slider-791 slide-797\" title=\"TRENCH-1\" \/><\/a><div class=\"caption-wrap\"><div class=\"caption\">Calentamiento de zanjas<\/div><\/div><\/li>\n                <li style=\"display: none; width: 100%;\" class=\"slide-792 ms-image\"><a href=\"https:\/\/ducttrench.com\/index.php\/es\/productos-y-opciones\/opciones\/aquafan-espanol\/\" target=\"_self\"><img loading=\"lazy\" decoding=\"async\" src=\"https:\/\/ducttrench.com\/wp-content\/uploads\/2022\/05\/aquafan-1.jpg\" height=\"200\" width=\"600\" alt=\"\" class=\"slider-791 slide-792\" title=\"aquafan-1\" \/><\/a><div class=\"caption-wrap\"><div class=\"caption\">Aquafan <\/div><\/div><\/li>\n                <li style=\"display: none; width: 100%;\" class=\"slide-793 ms-image\"><a href=\"https:\/\/ducttrench.com\/index.php\/es\/productos-y-opciones\/opciones\/electrofan-espanol\/\" target=\"_self\"><img loading=\"lazy\" decoding=\"async\" src=\"https:\/\/ducttrench.com\/wp-content\/uploads\/2022\/05\/electrofan-1.jpg\" height=\"200\" width=\"600\" alt=\"\" class=\"slider-791 slide-793\" title=\"electrofan-1\" \/><\/a><div class=\"caption-wrap\"><div class=\"caption\">Electrofan<\/div><\/div><\/li>\n                <li style=\"display: none; width: 100%;\" class=\"slide-794 ms-image\"><a href=\"https:\/\/ducttrench.com\/index.php\/es\/productos-y-opciones\/opciones\/electrotrench-espanol\/\" target=\"_self\"><img loading=\"lazy\" decoding=\"async\" src=\"https:\/\/ducttrench.com\/wp-content\/uploads\/2022\/05\/electrotrench-1.jpg\" height=\"200\" width=\"600\" alt=\"\" class=\"slider-791 slide-794\" title=\"electrotrench-1\" \/><\/a><div class=\"caption-wrap\"><div class=\"caption\">Electrotrench<\/div><\/div><\/li>\n                <li style=\"display: none; width: 100%;\" class=\"slide-795 ms-image\"><a href=\"https:\/\/ducttrench.com\/index.php\/es\/productos-y-opciones\/opciones\/rejillas-y-angulos\/\" target=\"_self\"><img loading=\"lazy\" decoding=\"async\" src=\"https:\/\/ducttrench.com\/wp-content\/uploads\/2022\/05\/grille-1.jpg\" height=\"200\" width=\"600\" alt=\"\" class=\"slider-791 slide-795\" title=\"grille-1\" \/><\/a><div class=\"caption-wrap\"><div class=\"caption\">Rejillas y \u00e1ngulos<\/div><\/div><\/li>\n                <li style=\"display: none; width: 100%;\" class=\"slide-796 ms-image\"><a href=\"https:\/\/ducttrench.com\/index.php\/es\/productos-y-opciones\/opciones\/valvulas-y-controles\/\" target=\"_self\"><img loading=\"lazy\" decoding=\"async\" src=\"https:\/\/ducttrench.com\/wp-content\/uploads\/2022\/05\/valves-conrols-1.jpg\" height=\"200\" width=\"600\" alt=\"\" class=\"slider-791 slide-796\" title=\"valves-conrols-1\" \/><\/a><div class=\"caption-wrap\"><div class=\"caption\">V\u00e1lvulas y controles<\/div><\/div><\/li>\n            <\/ul>\n        <\/div>\n        \n    <\/div>\n<\/div><\/div>\n","protected":false},"excerpt":{"rendered":"<p>El producto Trench Heating o la calefacci\u00f3n de zanja es una manera favorecida para proveer un sistema de calefaccion en<\/p>\n<p><span class=\"more-link\"><a href=\"https:\/\/ducttrench.com\/index.php\/es\/what-is-trench-heating-espanol\/\" class=\"readmore\">Continue reading<span class=\"screen-reader-text\">\u00bfQue es  Trench Heating?<\/span><\/a><\/span><\/p>\n","protected":false},"author":1,"featured_media":0,"parent":0,"menu_order":1,"comment_status":"closed","ping_status":"closed","template":"","meta":{"om_disable_all_campaigns":false,"_monsterinsights_skip_tracking":false,"_monsterinsights_sitenote_active":false,"_monsterinsights_sitenote_note":"","_monsterinsights_sitenote_category":0,"footnotes":""},"class_list":["post-433","page","type-page","status-publish","hentry"],"yoast_head":"<!-- This site is optimized with the Yoast SEO plugin v18.9 - https:\/\/yoast.com\/wordpress\/plugins\/seo\/ -->\n<title>\u00bfQue es Trench Heating? - Duct Engineering Ltd.<\/title>\n<meta name=\"description\" content=\"Calentamiento de zanja es una forma ideal de calentar una zona sin perder un valioso espacio en la pared. Probado por BSRIA.\" \/>\n<meta name=\"robots\" content=\"index, follow, max-snippet:-1, max-image-preview:large, max-video-preview:-1\" \/>\n<link rel=\"canonical\" href=\"https:\/\/ducttrench.com\/index.php\/es\/what-is-trench-heating-espanol\/\" \/>\n<meta property=\"og:locale\" content=\"en_US\" \/>\n<meta property=\"og:type\" content=\"article\" \/>\n<meta property=\"og:title\" content=\"\u00bfQue es Trench Heating? - Duct Engineering Ltd.\" \/>\n<meta property=\"og:description\" content=\"Calentamiento de zanja es una forma ideal de calentar una zona sin perder un valioso espacio en la pared. Probado por BSRIA.\" \/>\n<meta property=\"og:url\" content=\"https:\/\/ducttrench.com\/index.php\/es\/what-is-trench-heating-espanol\/\" \/>\n<meta property=\"og:site_name\" content=\"Duct Engineering Ltd.\" \/>\n<meta property=\"article:modified_time\" content=\"2022-05-23T10:01:24+00:00\" \/>\n<meta property=\"og:image\" content=\"http:\/\/ducttrench.com\/wp-content\/uploads\/2022\/04\/logo-BSRIA-1024x292.png\" \/>\n<meta name=\"twitter:card\" content=\"summary_large_image\" \/>\n<meta name=\"twitter:label1\" content=\"Est. reading time\" \/>\n\t<meta name=\"twitter:data1\" content=\"1 minute\" \/>\n<script type=\"application\/ld+json\" class=\"yoast-schema-graph\">{\"@context\":\"https:\/\/schema.org\",\"@graph\":[{\"@type\":\"WebSite\",\"@id\":\"https:\/\/ducttrench.com\/#website\",\"url\":\"https:\/\/ducttrench.com\/\",\"name\":\"Duct Engineering Ltd.\",\"description\":\"Trench Heating\",\"potentialAction\":[{\"@type\":\"SearchAction\",\"target\":{\"@type\":\"EntryPoint\",\"urlTemplate\":\"https:\/\/ducttrench.com\/?s={search_term_string}\"},\"query-input\":\"required name=search_term_string\"}],\"inLanguage\":\"en-US\"},{\"@type\":\"ImageObject\",\"inLanguage\":\"en-US\",\"@id\":\"https:\/\/ducttrench.com\/index.php\/es\/what-is-trench-heating-espanol\/#primaryimage\",\"url\":\"https:\/\/ducttrench.com\/wp-content\/uploads\/2022\/04\/logo-BSRIA.png\",\"contentUrl\":\"https:\/\/ducttrench.com\/wp-content\/uploads\/2022\/04\/logo-BSRIA.png\",\"width\":2560,\"height\":729},{\"@type\":\"WebPage\",\"@id\":\"https:\/\/ducttrench.com\/index.php\/es\/what-is-trench-heating-espanol\/#webpage\",\"url\":\"https:\/\/ducttrench.com\/index.php\/es\/what-is-trench-heating-espanol\/\",\"name\":\"\u00bfQue es Trench Heating? - Duct Engineering Ltd.\",\"isPartOf\":{\"@id\":\"https:\/\/ducttrench.com\/#website\"},\"primaryImageOfPage\":{\"@id\":\"https:\/\/ducttrench.com\/index.php\/es\/what-is-trench-heating-espanol\/#primaryimage\"},\"datePublished\":\"2022-04-25T07:42:47+00:00\",\"dateModified\":\"2022-05-23T10:01:24+00:00\",\"description\":\"Calentamiento de zanja es una forma ideal de calentar una zona sin perder un valioso espacio en la pared. Probado por BSRIA.\",\"breadcrumb\":{\"@id\":\"https:\/\/ducttrench.com\/index.php\/es\/what-is-trench-heating-espanol\/#breadcrumb\"},\"inLanguage\":\"en-US\",\"potentialAction\":[{\"@type\":\"ReadAction\",\"target\":[\"https:\/\/ducttrench.com\/index.php\/es\/what-is-trench-heating-espanol\/\"]}]},{\"@type\":\"BreadcrumbList\",\"@id\":\"https:\/\/ducttrench.com\/index.php\/es\/what-is-trench-heating-espanol\/#breadcrumb\",\"itemListElement\":[{\"@type\":\"ListItem\",\"position\":1,\"name\":\"Home\",\"item\":\"https:\/\/ducttrench.com\/\"},{\"@type\":\"ListItem\",\"position\":2,\"name\":\"\u00bfQue es Trench Heating?\"}]}]}<\/script>\n<!-- \/ Yoast SEO plugin. -->","yoast_head_json":{"title":"\u00bfQue es Trench Heating? - Duct Engineering Ltd.","description":"Calentamiento de zanja es una forma ideal de calentar una zona sin perder un valioso espacio en la pared. Probado por BSRIA.","robots":{"index":"index","follow":"follow","max-snippet":"max-snippet:-1","max-image-preview":"max-image-preview:large","max-video-preview":"max-video-preview:-1"},"canonical":"https:\/\/ducttrench.com\/index.php\/es\/what-is-trench-heating-espanol\/","og_locale":"en_US","og_type":"article","og_title":"\u00bfQue es Trench Heating? - Duct Engineering Ltd.","og_description":"Calentamiento de zanja es una forma ideal de calentar una zona sin perder un valioso espacio en la pared. Probado por BSRIA.","og_url":"https:\/\/ducttrench.com\/index.php\/es\/what-is-trench-heating-espanol\/","og_site_name":"Duct Engineering Ltd.","article_modified_time":"2022-05-23T10:01:24+00:00","og_image":[{"url":"http:\/\/ducttrench.com\/wp-content\/uploads\/2022\/04\/logo-BSRIA-1024x292.png"}],"twitter_card":"summary_large_image","twitter_misc":{"Est. reading time":"1 minute"},"schema":{"@context":"https:\/\/schema.org","@graph":[{"@type":"WebSite","@id":"https:\/\/ducttrench.com\/#website","url":"https:\/\/ducttrench.com\/","name":"Duct Engineering Ltd.","description":"Trench Heating","potentialAction":[{"@type":"SearchAction","target":{"@type":"EntryPoint","urlTemplate":"https:\/\/ducttrench.com\/?s={search_term_string}"},"query-input":"required name=search_term_string"}],"inLanguage":"en-US"},{"@type":"ImageObject","inLanguage":"en-US","@id":"https:\/\/ducttrench.com\/index.php\/es\/what-is-trench-heating-espanol\/#primaryimage","url":"https:\/\/ducttrench.com\/wp-content\/uploads\/2022\/04\/logo-BSRIA.png","contentUrl":"https:\/\/ducttrench.com\/wp-content\/uploads\/2022\/04\/logo-BSRIA.png","width":2560,"height":729},{"@type":"WebPage","@id":"https:\/\/ducttrench.com\/index.php\/es\/what-is-trench-heating-espanol\/#webpage","url":"https:\/\/ducttrench.com\/index.php\/es\/what-is-trench-heating-espanol\/","name":"\u00bfQue es Trench Heating? - Duct Engineering Ltd.","isPartOf":{"@id":"https:\/\/ducttrench.com\/#website"},"primaryImageOfPage":{"@id":"https:\/\/ducttrench.com\/index.php\/es\/what-is-trench-heating-espanol\/#primaryimage"},"datePublished":"2022-04-25T07:42:47+00:00","dateModified":"2022-05-23T10:01:24+00:00","description":"Calentamiento de zanja es una forma ideal de calentar una zona sin perder un valioso espacio en la pared. Probado por BSRIA.","breadcrumb":{"@id":"https:\/\/ducttrench.com\/index.php\/es\/what-is-trench-heating-espanol\/#breadcrumb"},"inLanguage":"en-US","potentialAction":[{"@type":"ReadAction","target":["https:\/\/ducttrench.com\/index.php\/es\/what-is-trench-heating-espanol\/"]}]},{"@type":"BreadcrumbList","@id":"https:\/\/ducttrench.com\/index.php\/es\/what-is-trench-heating-espanol\/#breadcrumb","itemListElement":[{"@type":"ListItem","position":1,"name":"Home","item":"https:\/\/ducttrench.com\/"},{"@type":"ListItem","position":2,"name":"\u00bfQue es Trench Heating?"}]}]}},"_links":{"self":[{"href":"https:\/\/ducttrench.com\/index.php\/wp-json\/wp\/v2\/pages\/433","targetHints":{"allow":["GET"]}}],"collection":[{"href":"https:\/\/ducttrench.com\/index.php\/wp-json\/wp\/v2\/pages"}],"about":[{"href":"https:\/\/ducttrench.com\/index.php\/wp-json\/wp\/v2\/types\/page"}],"author":[{"embeddable":true,"href":"https:\/\/ducttrench.com\/index.php\/wp-json\/wp\/v2\/users\/1"}],"replies":[{"embeddable":true,"href":"https:\/\/ducttrench.com\/index.php\/wp-json\/wp\/v2\/comments?post=433"}],"version-history":[{"count":5,"href":"https:\/\/ducttrench.com\/index.php\/wp-json\/wp\/v2\/pages\/433\/revisions"}],"predecessor-version":[{"id":823,"href":"https:\/\/ducttrench.com\/index.php\/wp-json\/wp\/v2\/pages\/433\/revisions\/823"}],"wp:attachment":[{"href":"https:\/\/ducttrench.com\/index.php\/wp-json\/wp\/v2\/media?parent=433"}],"curies":[{"name":"wp","href":"https:\/\/api.w.org\/{rel}","templated":true}]}}