{"id":484,"date":"2022-04-25T08:30:57","date_gmt":"2022-04-25T08:30:57","guid":{"rendered":"https:\/\/ducttrench.com\/?page_id=484"},"modified":"2022-05-23T13:21:33","modified_gmt":"2022-05-23T13:21:33","slug":"lentreprise","status":"publish","type":"page","link":"https:\/\/ducttrench.com\/index.php\/fr\/lentreprise\/","title":{"rendered":"\u00c0 propos de nous"},"content":{"rendered":"\n<p><a href=\"http:\/\/www.airflowdampers.co.uk\/index.php\" target=\"_blank\" rel=\"noreferrer noopener\">DUCT Engineering (Luton) Ltd&nbsp;<\/a>a \u00e9t\u00e9 fond\u00e9e il y a 40 ans.<\/p>\n\n\n\n<p>Nous fabriquons une gamme compl\u00e8te de clapets de r\u00e9gulation de d\u00e9bit d&#8217;air et de clapets coupe-feu.<\/p>\n\n\n\n<p>Nous comptons parmi nos clients des fabricants de la CTA, de grands constructeurs automobiles, des fabricants de conteneurs de g\u00e9n\u00e9rateurs Offshore et marins, ainsi que des industries alimentaires, textiles et c\u00e9ramiques.<\/p>\n\n\n\n<p>Nous fabriquons et produisons depuis 20 ans une gamme compl\u00e8te de <a href=\"https:\/\/ducttrench.com\/index.php\/fr\/chauffages-tranchee\/\">chauffages<\/a> \u00e0 convection naturelle, de chauffages \u00e9lectriques ainsi que de chauffages \u00e0 eau chaude assist\u00e9s par ventilateur.<\/p>\n\n\n\n<p>Nos produits sont de haute qualit\u00e9 (des unit\u00e9s standard aux unit\u00e9s sur-mesure) afin de r\u00e9pondre aux besoins de chacun de nos clients, qui peuvent inclure des d\u00e9tails tels que des profils courbes, des inserts, des onglets et des selles.<\/p>\n\n\n\n<p>Nos chauffages en caniveau \u00e9lectriques et \u00e0 eau chaude avec ventilateur donnent une chaleur plus \u00e9lev\u00e9e.<\/p>\n\n\n\n<p>Nos convecteurs \u00e9lectriques pour chauffages en caniveau offrent une alternative \u00e0 l&#8217;eau chaude sanitaire.<\/p>\n\n\n\n<p>Tous nos appareils de chauffage sont fabriqu\u00e9s \u00e0 partir de mat\u00e9riaux et de composants de haute qualit\u00e9. Contrairement \u00e0 certains de nos concurrents, ils sont enti\u00e8rement assembl\u00e9s et test\u00e9s en usine avant d&#8217;\u00eatre exp\u00e9di\u00e9s. Cela permet une installation plus rapide et plus facile avec des \u00e9conomies significatives sur le site. Toutes les unit\u00e9s sont test\u00e9es selon la norme DIN EN 16450. Les r\u00e9sultats des tests sont disponibles sur demande.<\/p>\n\n\n\n<p><\/p>\n","protected":false},"excerpt":{"rendered":"<p>DUCT Engineering (Luton) Ltd&nbsp;a \u00e9t\u00e9 fond\u00e9e il y a 40 ans. Nous fabriquons une gamme compl\u00e8te de clapets de r\u00e9gulation<\/p>\n<p><span class=\"more-link\"><a href=\"https:\/\/ducttrench.com\/index.php\/fr\/lentreprise\/\" class=\"readmore\">Continue reading<span class=\"screen-reader-text\">\u00c0 propos de nous<\/span><\/a><\/span><\/p>\n","protected":false},"author":1,"featured_media":0,"parent":0,"menu_order":0,"comment_status":"closed","ping_status":"closed","template":"","meta":{"om_disable_all_campaigns":false,"_monsterinsights_skip_tracking":false,"_monsterinsights_sitenote_active":false,"_monsterinsights_sitenote_note":"","_monsterinsights_sitenote_category":0,"footnotes":""},"class_list":["post-484","page","type-page","status-publish","hentry"],"yoast_head":"<!-- This site is optimized with the Yoast SEO plugin v18.9 - https:\/\/yoast.com\/wordpress\/plugins\/seo\/ -->\n<title>\u00c0 propos de nous - Duct Engineering Ltd.<\/title>\n<meta name=\"description\" content=\"Nous fabriquons des produits de haute qualit\u00e9, des unit\u00e9s standard aux unit\u00e9s sur-mesure. \/\/ Chauffage en caniveau\" \/>\n<meta name=\"robots\" content=\"index, follow, max-snippet:-1, max-image-preview:large, max-video-preview:-1\" \/>\n<link rel=\"canonical\" href=\"https:\/\/ducttrench.com\/index.php\/fr\/lentreprise\/\" \/>\n<meta property=\"og:locale\" content=\"en_US\" \/>\n<meta property=\"og:type\" content=\"article\" \/>\n<meta property=\"og:title\" content=\"\u00c0 propos de nous - Duct Engineering Ltd.\" \/>\n<meta property=\"og:description\" content=\"Nous fabriquons des produits de haute qualit\u00e9, des unit\u00e9s standard aux unit\u00e9s sur-mesure. \/\/ Chauffage en caniveau\" \/>\n<meta property=\"og:url\" content=\"https:\/\/ducttrench.com\/index.php\/fr\/lentreprise\/\" \/>\n<meta property=\"og:site_name\" content=\"Duct Engineering Ltd.\" \/>\n<meta property=\"article:modified_time\" content=\"2022-05-23T13:21:33+00:00\" \/>\n<meta name=\"twitter:card\" content=\"summary_large_image\" \/>\n<meta name=\"twitter:label1\" content=\"Est. reading time\" \/>\n\t<meta name=\"twitter:data1\" content=\"1 minute\" \/>\n<script type=\"application\/ld+json\" class=\"yoast-schema-graph\">{\"@context\":\"https:\/\/schema.org\",\"@graph\":[{\"@type\":\"WebSite\",\"@id\":\"https:\/\/ducttrench.com\/#website\",\"url\":\"https:\/\/ducttrench.com\/\",\"name\":\"Duct Engineering Ltd.\",\"description\":\"Trench Heating\",\"potentialAction\":[{\"@type\":\"SearchAction\",\"target\":{\"@type\":\"EntryPoint\",\"urlTemplate\":\"https:\/\/ducttrench.com\/?s={search_term_string}\"},\"query-input\":\"required name=search_term_string\"}],\"inLanguage\":\"en-US\"},{\"@type\":\"WebPage\",\"@id\":\"https:\/\/ducttrench.com\/index.php\/fr\/lentreprise\/#webpage\",\"url\":\"https:\/\/ducttrench.com\/index.php\/fr\/lentreprise\/\",\"name\":\"\u00c0 propos de nous - Duct Engineering Ltd.\",\"isPartOf\":{\"@id\":\"https:\/\/ducttrench.com\/#website\"},\"datePublished\":\"2022-04-25T08:30:57+00:00\",\"dateModified\":\"2022-05-23T13:21:33+00:00\",\"description\":\"Nous fabriquons des produits de haute qualit\u00e9, des unit\u00e9s standard aux unit\u00e9s sur-mesure. \/\/ Chauffage en caniveau\",\"breadcrumb\":{\"@id\":\"https:\/\/ducttrench.com\/index.php\/fr\/lentreprise\/#breadcrumb\"},\"inLanguage\":\"en-US\",\"potentialAction\":[{\"@type\":\"ReadAction\",\"target\":[\"https:\/\/ducttrench.com\/index.php\/fr\/lentreprise\/\"]}]},{\"@type\":\"BreadcrumbList\",\"@id\":\"https:\/\/ducttrench.com\/index.php\/fr\/lentreprise\/#breadcrumb\",\"itemListElement\":[{\"@type\":\"ListItem\",\"position\":1,\"name\":\"Home\",\"item\":\"https:\/\/ducttrench.com\/\"},{\"@type\":\"ListItem\",\"position\":2,\"name\":\"\u00c0 propos de nous\"}]}]}<\/script>\n<!-- \/ Yoast SEO plugin. -->","yoast_head_json":{"title":"\u00c0 propos de nous - Duct Engineering Ltd.","description":"Nous fabriquons des produits de haute qualit\u00e9, des unit\u00e9s standard aux unit\u00e9s sur-mesure. \/\/ Chauffage en caniveau","robots":{"index":"index","follow":"follow","max-snippet":"max-snippet:-1","max-image-preview":"max-image-preview:large","max-video-preview":"max-video-preview:-1"},"canonical":"https:\/\/ducttrench.com\/index.php\/fr\/lentreprise\/","og_locale":"en_US","og_type":"article","og_title":"\u00c0 propos de nous - Duct Engineering Ltd.","og_description":"Nous fabriquons des produits de haute qualit\u00e9, des unit\u00e9s standard aux unit\u00e9s sur-mesure. \/\/ Chauffage en caniveau","og_url":"https:\/\/ducttrench.com\/index.php\/fr\/lentreprise\/","og_site_name":"Duct Engineering Ltd.","article_modified_time":"2022-05-23T13:21:33+00:00","twitter_card":"summary_large_image","twitter_misc":{"Est. reading time":"1 minute"},"schema":{"@context":"https:\/\/schema.org","@graph":[{"@type":"WebSite","@id":"https:\/\/ducttrench.com\/#website","url":"https:\/\/ducttrench.com\/","name":"Duct Engineering Ltd.","description":"Trench Heating","potentialAction":[{"@type":"SearchAction","target":{"@type":"EntryPoint","urlTemplate":"https:\/\/ducttrench.com\/?s={search_term_string}"},"query-input":"required name=search_term_string"}],"inLanguage":"en-US"},{"@type":"WebPage","@id":"https:\/\/ducttrench.com\/index.php\/fr\/lentreprise\/#webpage","url":"https:\/\/ducttrench.com\/index.php\/fr\/lentreprise\/","name":"\u00c0 propos de nous - Duct Engineering Ltd.","isPartOf":{"@id":"https:\/\/ducttrench.com\/#website"},"datePublished":"2022-04-25T08:30:57+00:00","dateModified":"2022-05-23T13:21:33+00:00","description":"Nous fabriquons des produits de haute qualit\u00e9, des unit\u00e9s standard aux unit\u00e9s sur-mesure. \/\/ Chauffage en caniveau","breadcrumb":{"@id":"https:\/\/ducttrench.com\/index.php\/fr\/lentreprise\/#breadcrumb"},"inLanguage":"en-US","potentialAction":[{"@type":"ReadAction","target":["https:\/\/ducttrench.com\/index.php\/fr\/lentreprise\/"]}]},{"@type":"BreadcrumbList","@id":"https:\/\/ducttrench.com\/index.php\/fr\/lentreprise\/#breadcrumb","itemListElement":[{"@type":"ListItem","position":1,"name":"Home","item":"https:\/\/ducttrench.com\/"},{"@type":"ListItem","position":2,"name":"\u00c0 propos de nous"}]}]}},"_links":{"self":[{"href":"https:\/\/ducttrench.com\/index.php\/wp-json\/wp\/v2\/pages\/484","targetHints":{"allow":["GET"]}}],"collection":[{"href":"https:\/\/ducttrench.com\/index.php\/wp-json\/wp\/v2\/pages"}],"about":[{"href":"https:\/\/ducttrench.com\/index.php\/wp-json\/wp\/v2\/types\/page"}],"author":[{"embeddable":true,"href":"https:\/\/ducttrench.com\/index.php\/wp-json\/wp\/v2\/users\/1"}],"replies":[{"embeddable":true,"href":"https:\/\/ducttrench.com\/index.php\/wp-json\/wp\/v2\/comments?post=484"}],"version-history":[{"count":5,"href":"https:\/\/ducttrench.com\/index.php\/wp-json\/wp\/v2\/pages\/484\/revisions"}],"predecessor-version":[{"id":880,"href":"https:\/\/ducttrench.com\/index.php\/wp-json\/wp\/v2\/pages\/484\/revisions\/880"}],"wp:attachment":[{"href":"https:\/\/ducttrench.com\/index.php\/wp-json\/wp\/v2\/media?parent=484"}],"curies":[{"name":"wp","href":"https:\/\/api.w.org\/{rel}","templated":true}]}}