{"id":583,"date":"2022-05-21T15:28:12","date_gmt":"2022-05-21T15:28:12","guid":{"rendered":"https:\/\/ducttrench.com\/?page_id=583"},"modified":"2022-05-22T13:26:27","modified_gmt":"2022-05-22T13:26:27","slug":"aquafan","status":"publish","type":"page","link":"https:\/\/ducttrench.com\/index.php\/fr\/trench-heating-produit-et-options\/options-2\/aquafan\/","title":{"rendered":"Aquafan"},"content":{"rendered":"\n<p>Les unit\u00e9s LPHW assist\u00e9es par un ventilateur (AQUAFAN) qui force l&#8217;air sur les bancs d&#8217;\u00e9l\u00e9ments \u00e0 ailettes, permettent d&#8217;obtenir des rendements thermiques plus \u00e9lev\u00e9s et un meilleur flux d&#8217;air.<\/p>\n\n\n\n<p>Ces solutions de chauffage par le sol sont particuli\u00e8rement utiles pour lutter contre les courants descendants et la condensation dans les zones vitr\u00e9es telles que les v\u00e9randas, les portes pliantes et les murs-rideaux. En raison du haut niveau de chaleur qu&#8217;ils permettent d&#8217;atteindre, ils peuvent \u00e9galement \u00eatre utilis\u00e9s comme source de chaleur primaire. La maximisation de l&#8217;espace mural qui en r\u00e9sulte permet \u00e9galement d&#8217;augmenter l&#8217;espace au sol utilisable.<\/p>\n\n\n\n<p>La diversit\u00e9 des choix de finitions des grilles et des angles permet \u00e0 nos unit\u00e9s de s&#8217;int\u00e9grer esth\u00e9tiquement \u00e0 la vaste gamme de finitions disponibles dans la d\u00e9coration int\u00e9rieure.<\/p>\n\n\n\n<p>Les chaudi\u00e8res \u00e0 eau chaude, les syst\u00e8mes d&#8217;eau chaude solaires et les pompes \u00e0 chaleur g\u00e9othermiques peuvent alimenter les unit\u00e9s. Il convient de noter que les puissances calorifiques pour LPHW et AQUAFAN d\u00e9pendent des temp\u00e9ratures de d\u00e9part\/retour de la source d&#8217;eau.<\/p>\n\n\n\n<p><strong>Nous proposons deux mod\u00e8les d&#8217;AQUAFAN :<\/strong><\/p>\n\n\n\n<p><strong>AQUAFAN 1<\/strong><\/p>\n\n\n\n<figure class=\"wp-block-image size-large is-resized\"><img loading=\"lazy\" decoding=\"async\" src=\"https:\/\/ducttrench.com\/wp-content\/uploads\/2022\/05\/Capture-de\u0301cran-2022-05-21-a\u0300-17.42.00-1024x663.png\" alt=\"\" class=\"wp-image-600\" width=\"920\" height=\"595\" srcset=\"https:\/\/ducttrench.com\/wp-content\/uploads\/2022\/05\/Capture-de\u0301cran-2022-05-21-a\u0300-17.42.00-1024x663.png 1024w, https:\/\/ducttrench.com\/wp-content\/uploads\/2022\/05\/Capture-de\u0301cran-2022-05-21-a\u0300-17.42.00-300x194.png 300w, https:\/\/ducttrench.com\/wp-content\/uploads\/2022\/05\/Capture-de\u0301cran-2022-05-21-a\u0300-17.42.00-768x498.png 768w, https:\/\/ducttrench.com\/wp-content\/uploads\/2022\/05\/Capture-de\u0301cran-2022-05-21-a\u0300-17.42.00-1536x995.png 1536w, https:\/\/ducttrench.com\/wp-content\/uploads\/2022\/05\/Capture-de\u0301cran-2022-05-21-a\u0300-17.42.00.png 1948w\" sizes=\"auto, (max-width: 920px) 100vw, 920px\" \/><\/figure>\n\n\n\n<p><strong>AQUAFAN 2<\/strong><\/p>\n\n\n\n<figure class=\"wp-block-image size-large\"><img loading=\"lazy\" decoding=\"async\" width=\"1024\" height=\"602\" src=\"https:\/\/ducttrench.com\/wp-content\/uploads\/2022\/05\/Capture-de\u0301cran-2022-05-21-a\u0300-17.42.38-1024x602.png\" alt=\"\" class=\"wp-image-601\" srcset=\"https:\/\/ducttrench.com\/wp-content\/uploads\/2022\/05\/Capture-de\u0301cran-2022-05-21-a\u0300-17.42.38-1024x602.png 1024w, https:\/\/ducttrench.com\/wp-content\/uploads\/2022\/05\/Capture-de\u0301cran-2022-05-21-a\u0300-17.42.38-300x176.png 300w, https:\/\/ducttrench.com\/wp-content\/uploads\/2022\/05\/Capture-de\u0301cran-2022-05-21-a\u0300-17.42.38-768x451.png 768w, https:\/\/ducttrench.com\/wp-content\/uploads\/2022\/05\/Capture-de\u0301cran-2022-05-21-a\u0300-17.42.38-1536x903.png 1536w, https:\/\/ducttrench.com\/wp-content\/uploads\/2022\/05\/Capture-de\u0301cran-2022-05-21-a\u0300-17.42.38-2048x1203.png 2048w\" sizes=\"auto, (max-width: 1024px) 100vw, 1024px\" \/><\/figure>\n","protected":false},"excerpt":{"rendered":"<p>Les unit\u00e9s LPHW assist\u00e9es par un ventilateur (AQUAFAN) qui force l&#8217;air sur les bancs d&#8217;\u00e9l\u00e9ments \u00e0 ailettes, permettent d&#8217;obtenir des<\/p>\n<p><span class=\"more-link\"><a href=\"https:\/\/ducttrench.com\/index.php\/fr\/trench-heating-produit-et-options\/options-2\/aquafan\/\" class=\"readmore\">Continue reading<span class=\"screen-reader-text\">Aquafan<\/span><\/a><\/span><\/p>\n","protected":false},"author":1,"featured_media":0,"parent":649,"menu_order":1,"comment_status":"closed","ping_status":"closed","template":"","meta":{"om_disable_all_campaigns":false,"_monsterinsights_skip_tracking":false,"_monsterinsights_sitenote_active":false,"_monsterinsights_sitenote_note":"","_monsterinsights_sitenote_category":0,"footnotes":""},"class_list":["post-583","page","type-page","status-publish","hentry"],"yoast_head":"<!-- This site is optimized with the Yoast SEO plugin v18.9 - https:\/\/yoast.com\/wordpress\/plugins\/seo\/ -->\n<title>Aquafan - Duct Engineering Ltd.<\/title>\n<meta name=\"description\" content=\"Chauffage en tranch\u00e9e - Les unit\u00e9s LPHW assist\u00e9es par un ventilateur (AQUAFAN) forcent l&#039;air sur les bancs d&#039;\u00e9l\u00e9ments \u00e0 ailettes, ce qui permet d&#039;obtenir des rendements thermiques plus \u00e9lev\u00e9s et un meilleur flux d&#039;air.\" \/>\n<meta name=\"robots\" content=\"index, follow, max-snippet:-1, max-image-preview:large, max-video-preview:-1\" \/>\n<link rel=\"canonical\" href=\"https:\/\/ducttrench.com\/index.php\/fr\/trench-heating-produit-et-options\/options-2\/aquafan\/\" \/>\n<meta property=\"og:locale\" content=\"en_US\" \/>\n<meta property=\"og:type\" content=\"article\" \/>\n<meta property=\"og:title\" content=\"Aquafan - Duct Engineering Ltd.\" \/>\n<meta property=\"og:description\" content=\"Chauffage en tranch\u00e9e - Les unit\u00e9s LPHW assist\u00e9es par un ventilateur (AQUAFAN) forcent l&#039;air sur les bancs d&#039;\u00e9l\u00e9ments \u00e0 ailettes, ce qui permet d&#039;obtenir des rendements thermiques plus \u00e9lev\u00e9s et un meilleur flux d&#039;air.\" \/>\n<meta property=\"og:url\" content=\"https:\/\/ducttrench.com\/index.php\/fr\/trench-heating-produit-et-options\/options-2\/aquafan\/\" \/>\n<meta property=\"og:site_name\" content=\"Duct Engineering Ltd.\" \/>\n<meta property=\"article:modified_time\" content=\"2022-05-22T13:26:27+00:00\" \/>\n<meta name=\"twitter:card\" content=\"summary_large_image\" \/>\n<meta name=\"twitter:label1\" content=\"Est. reading time\" \/>\n\t<meta name=\"twitter:data1\" content=\"2 minutes\" \/>\n<script type=\"application\/ld+json\" class=\"yoast-schema-graph\">{\"@context\":\"https:\/\/schema.org\",\"@graph\":[{\"@type\":\"WebSite\",\"@id\":\"https:\/\/ducttrench.com\/#website\",\"url\":\"https:\/\/ducttrench.com\/\",\"name\":\"Duct Engineering Ltd.\",\"description\":\"Trench Heating\",\"potentialAction\":[{\"@type\":\"SearchAction\",\"target\":{\"@type\":\"EntryPoint\",\"urlTemplate\":\"https:\/\/ducttrench.com\/?s={search_term_string}\"},\"query-input\":\"required name=search_term_string\"}],\"inLanguage\":\"en-US\"},{\"@type\":\"WebPage\",\"@id\":\"https:\/\/ducttrench.com\/index.php\/fr\/trench-heating-produit-et-options\/options-2\/aquafan\/#webpage\",\"url\":\"https:\/\/ducttrench.com\/index.php\/fr\/trench-heating-produit-et-options\/options-2\/aquafan\/\",\"name\":\"Aquafan - Duct Engineering Ltd.\",\"isPartOf\":{\"@id\":\"https:\/\/ducttrench.com\/#website\"},\"datePublished\":\"2022-05-21T15:28:12+00:00\",\"dateModified\":\"2022-05-22T13:26:27+00:00\",\"description\":\"Chauffage en tranch\u00e9e - Les unit\u00e9s LPHW assist\u00e9es par un ventilateur (AQUAFAN) forcent l'air sur les bancs d'\u00e9l\u00e9ments \u00e0 ailettes, ce qui permet d'obtenir des rendements thermiques plus \u00e9lev\u00e9s et un meilleur flux d'air.\",\"breadcrumb\":{\"@id\":\"https:\/\/ducttrench.com\/index.php\/fr\/trench-heating-produit-et-options\/options-2\/aquafan\/#breadcrumb\"},\"inLanguage\":\"en-US\",\"potentialAction\":[{\"@type\":\"ReadAction\",\"target\":[\"https:\/\/ducttrench.com\/index.php\/fr\/trench-heating-produit-et-options\/options-2\/aquafan\/\"]}]},{\"@type\":\"BreadcrumbList\",\"@id\":\"https:\/\/ducttrench.com\/index.php\/fr\/trench-heating-produit-et-options\/options-2\/aquafan\/#breadcrumb\",\"itemListElement\":[{\"@type\":\"ListItem\",\"position\":1,\"name\":\"Home\",\"item\":\"https:\/\/ducttrench.com\/\"},{\"@type\":\"ListItem\",\"position\":2,\"name\":\"Produits et options\",\"item\":\"https:\/\/ducttrench.com\/index.php\/fr\/trench-heating-produit-et-options\/\"},{\"@type\":\"ListItem\",\"position\":3,\"name\":\"Options\",\"item\":\"https:\/\/ducttrench.com\/index.php\/fr\/trench-heating-produit-et-options\/options-2\/\"},{\"@type\":\"ListItem\",\"position\":4,\"name\":\"Aquafan\"}]}]}<\/script>\n<!-- \/ Yoast SEO plugin. -->","yoast_head_json":{"title":"Aquafan - Duct Engineering Ltd.","description":"Chauffage en tranch\u00e9e - Les unit\u00e9s LPHW assist\u00e9es par un ventilateur (AQUAFAN) forcent l'air sur les bancs d'\u00e9l\u00e9ments \u00e0 ailettes, ce qui permet d'obtenir des rendements thermiques plus \u00e9lev\u00e9s et un meilleur flux d'air.","robots":{"index":"index","follow":"follow","max-snippet":"max-snippet:-1","max-image-preview":"max-image-preview:large","max-video-preview":"max-video-preview:-1"},"canonical":"https:\/\/ducttrench.com\/index.php\/fr\/trench-heating-produit-et-options\/options-2\/aquafan\/","og_locale":"en_US","og_type":"article","og_title":"Aquafan - Duct Engineering Ltd.","og_description":"Chauffage en tranch\u00e9e - Les unit\u00e9s LPHW assist\u00e9es par un ventilateur (AQUAFAN) forcent l'air sur les bancs d'\u00e9l\u00e9ments \u00e0 ailettes, ce qui permet d'obtenir des rendements thermiques plus \u00e9lev\u00e9s et un meilleur flux d'air.","og_url":"https:\/\/ducttrench.com\/index.php\/fr\/trench-heating-produit-et-options\/options-2\/aquafan\/","og_site_name":"Duct Engineering Ltd.","article_modified_time":"2022-05-22T13:26:27+00:00","twitter_card":"summary_large_image","twitter_misc":{"Est. reading time":"2 minutes"},"schema":{"@context":"https:\/\/schema.org","@graph":[{"@type":"WebSite","@id":"https:\/\/ducttrench.com\/#website","url":"https:\/\/ducttrench.com\/","name":"Duct Engineering Ltd.","description":"Trench Heating","potentialAction":[{"@type":"SearchAction","target":{"@type":"EntryPoint","urlTemplate":"https:\/\/ducttrench.com\/?s={search_term_string}"},"query-input":"required name=search_term_string"}],"inLanguage":"en-US"},{"@type":"WebPage","@id":"https:\/\/ducttrench.com\/index.php\/fr\/trench-heating-produit-et-options\/options-2\/aquafan\/#webpage","url":"https:\/\/ducttrench.com\/index.php\/fr\/trench-heating-produit-et-options\/options-2\/aquafan\/","name":"Aquafan - Duct Engineering Ltd.","isPartOf":{"@id":"https:\/\/ducttrench.com\/#website"},"datePublished":"2022-05-21T15:28:12+00:00","dateModified":"2022-05-22T13:26:27+00:00","description":"Chauffage en tranch\u00e9e - Les unit\u00e9s LPHW assist\u00e9es par un ventilateur (AQUAFAN) forcent l'air sur les bancs d'\u00e9l\u00e9ments \u00e0 ailettes, ce qui permet d'obtenir des rendements thermiques plus \u00e9lev\u00e9s et un meilleur flux d'air.","breadcrumb":{"@id":"https:\/\/ducttrench.com\/index.php\/fr\/trench-heating-produit-et-options\/options-2\/aquafan\/#breadcrumb"},"inLanguage":"en-US","potentialAction":[{"@type":"ReadAction","target":["https:\/\/ducttrench.com\/index.php\/fr\/trench-heating-produit-et-options\/options-2\/aquafan\/"]}]},{"@type":"BreadcrumbList","@id":"https:\/\/ducttrench.com\/index.php\/fr\/trench-heating-produit-et-options\/options-2\/aquafan\/#breadcrumb","itemListElement":[{"@type":"ListItem","position":1,"name":"Home","item":"https:\/\/ducttrench.com\/"},{"@type":"ListItem","position":2,"name":"Produits et options","item":"https:\/\/ducttrench.com\/index.php\/fr\/trench-heating-produit-et-options\/"},{"@type":"ListItem","position":3,"name":"Options","item":"https:\/\/ducttrench.com\/index.php\/fr\/trench-heating-produit-et-options\/options-2\/"},{"@type":"ListItem","position":4,"name":"Aquafan"}]}]}},"_links":{"self":[{"href":"https:\/\/ducttrench.com\/index.php\/wp-json\/wp\/v2\/pages\/583","targetHints":{"allow":["GET"]}}],"collection":[{"href":"https:\/\/ducttrench.com\/index.php\/wp-json\/wp\/v2\/pages"}],"about":[{"href":"https:\/\/ducttrench.com\/index.php\/wp-json\/wp\/v2\/types\/page"}],"author":[{"embeddable":true,"href":"https:\/\/ducttrench.com\/index.php\/wp-json\/wp\/v2\/users\/1"}],"replies":[{"embeddable":true,"href":"https:\/\/ducttrench.com\/index.php\/wp-json\/wp\/v2\/comments?post=583"}],"version-history":[{"count":2,"href":"https:\/\/ducttrench.com\/index.php\/wp-json\/wp\/v2\/pages\/583\/revisions"}],"predecessor-version":[{"id":602,"href":"https:\/\/ducttrench.com\/index.php\/wp-json\/wp\/v2\/pages\/583\/revisions\/602"}],"up":[{"embeddable":true,"href":"https:\/\/ducttrench.com\/index.php\/wp-json\/wp\/v2\/pages\/649"}],"wp:attachment":[{"href":"https:\/\/ducttrench.com\/index.php\/wp-json\/wp\/v2\/media?parent=583"}],"curies":[{"name":"wp","href":"https:\/\/api.w.org\/{rel}","templated":true}]}}