{"id":604,"date":"2022-05-21T15:47:00","date_gmt":"2022-05-21T15:47:00","guid":{"rendered":"https:\/\/ducttrench.com\/?page_id=604"},"modified":"2022-05-22T11:37:14","modified_gmt":"2022-05-22T11:37:14","slug":"electrotrench-3","status":"publish","type":"page","link":"https:\/\/ducttrench.com\/index.php\/fr\/trench-heating-produit-et-options\/options-2\/electrotrench-3\/","title":{"rendered":"Electrotrench"},"content":{"rendered":"\n<p>Les unit\u00e9s <strong>ELECTROTRENCH<\/strong> fournissent une convection naturelle \u00e0 partir d&#8217;\u00e9l\u00e9ments \u00e9lectriques.<\/p>\n\n\n\n<p>Ces solutions de chauffage au sol sont particuli\u00e8rement utiles pour lutter contre les courants descendants et la condensation dans les zones vitr\u00e9es telles que les v\u00e9randas, les portes pliantes et les murs-rideaux. La maximisation de l&#8217;espace mural qui en r\u00e9sulte permet \u00e9galement d&#8217;augmenter la surface utile au sol.<\/p>\n\n\n\n<p>Le choix vari\u00e9 de finitions <strong>GRILLE<\/strong> et <strong>ANGLE<\/strong> permet \u00e0 nos unit\u00e9s de s&#8217;int\u00e9grer esth\u00e9tiquement \u00e0 la vaste gamme de finitions disponibles dans la d\u00e9coration int\u00e9rieure.<\/p>\n\n\n\n<p>Nos unit\u00e9s sont de haute qualit\u00e9 et fournissent une solution de chauffage tr\u00e8s efficace.<\/p>\n\n\n\n<figure class=\"wp-block-image size-large\"><img loading=\"lazy\" decoding=\"async\" width=\"1024\" height=\"534\" src=\"https:\/\/ducttrench.com\/wp-content\/uploads\/2022\/05\/Capture-de\u0301cran-2022-05-21-a\u0300-17.46.11-1024x534.png\" alt=\"\" class=\"wp-image-605\" srcset=\"https:\/\/ducttrench.com\/wp-content\/uploads\/2022\/05\/Capture-de\u0301cran-2022-05-21-a\u0300-17.46.11-1024x534.png 1024w, https:\/\/ducttrench.com\/wp-content\/uploads\/2022\/05\/Capture-de\u0301cran-2022-05-21-a\u0300-17.46.11-300x157.png 300w, https:\/\/ducttrench.com\/wp-content\/uploads\/2022\/05\/Capture-de\u0301cran-2022-05-21-a\u0300-17.46.11-768x401.png 768w, https:\/\/ducttrench.com\/wp-content\/uploads\/2022\/05\/Capture-de\u0301cran-2022-05-21-a\u0300-17.46.11-1536x801.png 1536w, https:\/\/ducttrench.com\/wp-content\/uploads\/2022\/05\/Capture-de\u0301cran-2022-05-21-a\u0300-17.46.11-2048x1069.png 2048w\" sizes=\"auto, (max-width: 1024px) 100vw, 1024px\" \/><\/figure>\n","protected":false},"excerpt":{"rendered":"<p>Les unit\u00e9s ELECTROTRENCH fournissent une convection naturelle \u00e0 partir d&#8217;\u00e9l\u00e9ments \u00e9lectriques. Ces solutions de chauffage au sol sont particuli\u00e8rement utiles<\/p>\n<p><span class=\"more-link\"><a href=\"https:\/\/ducttrench.com\/index.php\/fr\/trench-heating-produit-et-options\/options-2\/electrotrench-3\/\" class=\"readmore\">Continue reading<span class=\"screen-reader-text\">Electrotrench<\/span><\/a><\/span><\/p>\n","protected":false},"author":1,"featured_media":0,"parent":649,"menu_order":3,"comment_status":"closed","ping_status":"closed","template":"","meta":{"om_disable_all_campaigns":false,"_monsterinsights_skip_tracking":false,"_monsterinsights_sitenote_active":false,"_monsterinsights_sitenote_note":"","_monsterinsights_sitenote_category":0,"footnotes":""},"class_list":["post-604","page","type-page","status-publish","hentry"],"yoast_head":"<!-- This site is optimized with the Yoast SEO plugin v18.9 - https:\/\/yoast.com\/wordpress\/plugins\/seo\/ -->\n<title>Electrotrench - Duct Engineering Ltd.<\/title>\n<meta name=\"description\" content=\"ELECTROTRENCH units which provide natural convection from electric elements (useful in combating downdraft and condensation in glazed areas).\" \/>\n<meta name=\"robots\" content=\"index, follow, max-snippet:-1, max-image-preview:large, max-video-preview:-1\" \/>\n<link rel=\"canonical\" href=\"https:\/\/ducttrench.com\/index.php\/fr\/trench-heating-produit-et-options\/options-2\/electrotrench-3\/\" \/>\n<meta property=\"og:locale\" content=\"en_US\" \/>\n<meta property=\"og:type\" content=\"article\" \/>\n<meta property=\"og:title\" content=\"Electrotrench - Duct Engineering Ltd.\" \/>\n<meta property=\"og:description\" content=\"ELECTROTRENCH units which provide natural convection from electric elements (useful in combating downdraft and condensation in glazed areas).\" \/>\n<meta property=\"og:url\" content=\"https:\/\/ducttrench.com\/index.php\/fr\/trench-heating-produit-et-options\/options-2\/electrotrench-3\/\" \/>\n<meta property=\"og:site_name\" content=\"Duct Engineering Ltd.\" \/>\n<meta property=\"article:modified_time\" content=\"2022-05-22T11:37:14+00:00\" \/>\n<meta name=\"twitter:card\" content=\"summary_large_image\" \/>\n<meta name=\"twitter:label1\" content=\"Est. reading time\" \/>\n\t<meta name=\"twitter:data1\" content=\"1 minute\" \/>\n<script type=\"application\/ld+json\" class=\"yoast-schema-graph\">{\"@context\":\"https:\/\/schema.org\",\"@graph\":[{\"@type\":\"WebSite\",\"@id\":\"https:\/\/ducttrench.com\/#website\",\"url\":\"https:\/\/ducttrench.com\/\",\"name\":\"Duct Engineering Ltd.\",\"description\":\"Trench Heating\",\"potentialAction\":[{\"@type\":\"SearchAction\",\"target\":{\"@type\":\"EntryPoint\",\"urlTemplate\":\"https:\/\/ducttrench.com\/?s={search_term_string}\"},\"query-input\":\"required name=search_term_string\"}],\"inLanguage\":\"en-US\"},{\"@type\":\"WebPage\",\"@id\":\"https:\/\/ducttrench.com\/index.php\/fr\/trench-heating-produit-et-options\/options-2\/electrotrench-3\/#webpage\",\"url\":\"https:\/\/ducttrench.com\/index.php\/fr\/trench-heating-produit-et-options\/options-2\/electrotrench-3\/\",\"name\":\"Electrotrench - Duct Engineering Ltd.\",\"isPartOf\":{\"@id\":\"https:\/\/ducttrench.com\/#website\"},\"datePublished\":\"2022-05-21T15:47:00+00:00\",\"dateModified\":\"2022-05-22T11:37:14+00:00\",\"description\":\"ELECTROTRENCH units which provide natural convection from electric elements (useful in combating downdraft and condensation in glazed areas).\",\"breadcrumb\":{\"@id\":\"https:\/\/ducttrench.com\/index.php\/fr\/trench-heating-produit-et-options\/options-2\/electrotrench-3\/#breadcrumb\"},\"inLanguage\":\"en-US\",\"potentialAction\":[{\"@type\":\"ReadAction\",\"target\":[\"https:\/\/ducttrench.com\/index.php\/fr\/trench-heating-produit-et-options\/options-2\/electrotrench-3\/\"]}]},{\"@type\":\"BreadcrumbList\",\"@id\":\"https:\/\/ducttrench.com\/index.php\/fr\/trench-heating-produit-et-options\/options-2\/electrotrench-3\/#breadcrumb\",\"itemListElement\":[{\"@type\":\"ListItem\",\"position\":1,\"name\":\"Home\",\"item\":\"https:\/\/ducttrench.com\/\"},{\"@type\":\"ListItem\",\"position\":2,\"name\":\"Produits et options\",\"item\":\"https:\/\/ducttrench.com\/index.php\/fr\/trench-heating-produit-et-options\/\"},{\"@type\":\"ListItem\",\"position\":3,\"name\":\"Options\",\"item\":\"https:\/\/ducttrench.com\/index.php\/fr\/trench-heating-produit-et-options\/options-2\/\"},{\"@type\":\"ListItem\",\"position\":4,\"name\":\"Electrotrench\"}]}]}<\/script>\n<!-- \/ Yoast SEO plugin. -->","yoast_head_json":{"title":"Electrotrench - Duct Engineering Ltd.","description":"ELECTROTRENCH units which provide natural convection from electric elements (useful in combating downdraft and condensation in glazed areas).","robots":{"index":"index","follow":"follow","max-snippet":"max-snippet:-1","max-image-preview":"max-image-preview:large","max-video-preview":"max-video-preview:-1"},"canonical":"https:\/\/ducttrench.com\/index.php\/fr\/trench-heating-produit-et-options\/options-2\/electrotrench-3\/","og_locale":"en_US","og_type":"article","og_title":"Electrotrench - Duct Engineering Ltd.","og_description":"ELECTROTRENCH units which provide natural convection from electric elements (useful in combating downdraft and condensation in glazed areas).","og_url":"https:\/\/ducttrench.com\/index.php\/fr\/trench-heating-produit-et-options\/options-2\/electrotrench-3\/","og_site_name":"Duct Engineering Ltd.","article_modified_time":"2022-05-22T11:37:14+00:00","twitter_card":"summary_large_image","twitter_misc":{"Est. reading time":"1 minute"},"schema":{"@context":"https:\/\/schema.org","@graph":[{"@type":"WebSite","@id":"https:\/\/ducttrench.com\/#website","url":"https:\/\/ducttrench.com\/","name":"Duct Engineering Ltd.","description":"Trench Heating","potentialAction":[{"@type":"SearchAction","target":{"@type":"EntryPoint","urlTemplate":"https:\/\/ducttrench.com\/?s={search_term_string}"},"query-input":"required name=search_term_string"}],"inLanguage":"en-US"},{"@type":"WebPage","@id":"https:\/\/ducttrench.com\/index.php\/fr\/trench-heating-produit-et-options\/options-2\/electrotrench-3\/#webpage","url":"https:\/\/ducttrench.com\/index.php\/fr\/trench-heating-produit-et-options\/options-2\/electrotrench-3\/","name":"Electrotrench - Duct Engineering Ltd.","isPartOf":{"@id":"https:\/\/ducttrench.com\/#website"},"datePublished":"2022-05-21T15:47:00+00:00","dateModified":"2022-05-22T11:37:14+00:00","description":"ELECTROTRENCH units which provide natural convection from electric elements (useful in combating downdraft and condensation in glazed areas).","breadcrumb":{"@id":"https:\/\/ducttrench.com\/index.php\/fr\/trench-heating-produit-et-options\/options-2\/electrotrench-3\/#breadcrumb"},"inLanguage":"en-US","potentialAction":[{"@type":"ReadAction","target":["https:\/\/ducttrench.com\/index.php\/fr\/trench-heating-produit-et-options\/options-2\/electrotrench-3\/"]}]},{"@type":"BreadcrumbList","@id":"https:\/\/ducttrench.com\/index.php\/fr\/trench-heating-produit-et-options\/options-2\/electrotrench-3\/#breadcrumb","itemListElement":[{"@type":"ListItem","position":1,"name":"Home","item":"https:\/\/ducttrench.com\/"},{"@type":"ListItem","position":2,"name":"Produits et options","item":"https:\/\/ducttrench.com\/index.php\/fr\/trench-heating-produit-et-options\/"},{"@type":"ListItem","position":3,"name":"Options","item":"https:\/\/ducttrench.com\/index.php\/fr\/trench-heating-produit-et-options\/options-2\/"},{"@type":"ListItem","position":4,"name":"Electrotrench"}]}]}},"_links":{"self":[{"href":"https:\/\/ducttrench.com\/index.php\/wp-json\/wp\/v2\/pages\/604","targetHints":{"allow":["GET"]}}],"collection":[{"href":"https:\/\/ducttrench.com\/index.php\/wp-json\/wp\/v2\/pages"}],"about":[{"href":"https:\/\/ducttrench.com\/index.php\/wp-json\/wp\/v2\/types\/page"}],"author":[{"embeddable":true,"href":"https:\/\/ducttrench.com\/index.php\/wp-json\/wp\/v2\/users\/1"}],"replies":[{"embeddable":true,"href":"https:\/\/ducttrench.com\/index.php\/wp-json\/wp\/v2\/comments?post=604"}],"version-history":[{"count":3,"href":"https:\/\/ducttrench.com\/index.php\/wp-json\/wp\/v2\/pages\/604\/revisions"}],"predecessor-version":[{"id":608,"href":"https:\/\/ducttrench.com\/index.php\/wp-json\/wp\/v2\/pages\/604\/revisions\/608"}],"up":[{"embeddable":true,"href":"https:\/\/ducttrench.com\/index.php\/wp-json\/wp\/v2\/pages\/649"}],"wp:attachment":[{"href":"https:\/\/ducttrench.com\/index.php\/wp-json\/wp\/v2\/media?parent=604"}],"curies":[{"name":"wp","href":"https:\/\/api.w.org\/{rel}","templated":true}]}}