{"id":647,"date":"2022-05-22T11:30:03","date_gmt":"2022-05-22T11:30:03","guid":{"rendered":"https:\/\/ducttrench.com\/?page_id=647"},"modified":"2022-05-23T12:59:06","modified_gmt":"2022-05-23T12:59:06","slug":"trench-heating-produit-et-options","status":"publish","type":"page","link":"https:\/\/ducttrench.com\/index.php\/fr\/trench-heating-produit-et-options\/","title":{"rendered":"Produits et options"},"content":{"rendered":"\n<p>Cette solution de chauffage par le sol ou sous-sol est assur\u00e9e par des unit\u00e9s de convection naturelle et\/ou de ventilation assist\u00e9e.<\/p>\n\n\n\n<p>En raison de la pr\u00e9valence des parois vitr\u00e9es du sol au plafond con\u00e7ues par des architectes, nous avons d\u00e9velopp\u00e9 une gamme \u00e9tendue de syst\u00e8mes de chauffage pour compenser les pertes de chaleur et contrer les courants descendants et la condensation.<\/p>\n\n\n\n<p>Ces syst\u00e8mes font circuler et chauffent l&#8217;air pour cr\u00e9er un environnement chaud et confortable.<\/p>\n\n\n\n<p>Les unit\u00e9s peuvent \u00eatre install\u00e9es dans le sol ou au sol, en fonction de la conception architecturale.<\/p>\n\n\n\n<p>Le <a href=\"https:\/\/ducttrench.com\/index.php\/fr\/chauffages-tranchee\/\">chauffage en caniveau<\/a> est un syst\u00e8me de chauffage par le sol offrant des solutions de chauffage primaire et\/ou secondaire pour les b\u00e2timents domestiques, commerciaux et industriels.<\/p>\n\n\n\n<p>Cette solution de chauffage compl\u00e8te peut \u00eatre install\u00e9e en tant que syst\u00e8me autonome ou int\u00e9gr\u00e9e \u00e0 des syst\u00e8mes de radiateurs existants.<\/p>\n\n\n\n<p>Lorsqu&#8217;il est utilis\u00e9 avec un chauffage par le sol, il doit \u00eatre dot\u00e9 d&#8217;une tuyauterie de d\u00e9part\/retour d\u00e9di\u00e9e afin de garantir que les temp\u00e9ratures de d\u00e9part\/retour sont suffisamment \u00e9lev\u00e9es pour produire une chaleur efficace.<\/p>\n\n\n\n<p>Les unit\u00e9s sont fabriqu\u00e9es sur mesure pour r\u00e9pondre aux exigences du client en mati\u00e8re de puissance thermique. Nous fabriquons les unit\u00e9s en sections de \u00b1 2,45 m de long qui sont boulonn\u00e9es ensemble pour former un parcours continu de toute longueur requise. Lorsque les unit\u00e9s sont en place et que la grille est ins\u00e9r\u00e9e, cela cr\u00e9e une finition globale &#8220;sans couture&#8221;. Les angles peuvent \u00eatre assembl\u00e9s bout \u00e0 bout ou coup\u00e9s en onglet \u00e0 l&#8217;angle souhait\u00e9. Des unit\u00e9s courbes sont \u00e9galement disponibles.<\/p>\n\n\n\n<p>Veuillez noter que nous fournissons nos unit\u00e9s enti\u00e8rement assembl\u00e9es, et non emball\u00e9es \u00e0 plat comme le font beaucoup de nos concurrents, pour une installation \u00e9conomique, rapide et facile par tout plombier comp\u00e9tent.<\/p>\n\n\n\n<h5 class=\"wp-block-heading\">REV\u00caTEMENT<\/h5>\n\n\n\n<p>Acier doux galvanis\u00e9 de 1,20 mm d&#8217;\u00e9paisseur avec une surface interne noire mate pr\u00e9-enduite et une surface externe grise. Utilis\u00e9 pour le corps de la tranch\u00e9e, les supports et les d\u00e9flecteurs.<\/p>\n\n\n\n<h5 class=\"wp-block-heading\">BANQUES D&#8217;\u00c9L\u00c9MENTS \u00c0 AILETTES<\/h5>\n\n\n\n<p>Tuyau de cuivre sur mesure de 21 mm de diam\u00e8tre, conforme \u00e0 la norme EN12451, expans\u00e9 sur des ailettes en aluminium de 0,50 mm d&#8217;\u00e9paisseur. Le chauffage par convection naturelle au moyen d&#8217;eau chaude est obtenu par l&#8217;utilisation de batteries d&#8217;\u00e9l\u00e9ments \u00e0 ailettes mont\u00e9es dans une enceinte appropri\u00e9e. Les bancs d&#8217;\u00e9l\u00e9ments \u00e0 ailettes sont disponibles dans une large gamme de tailles.<\/p>\n\n\n\n<p>Les bords retourn\u00e9s des ailettes et la liaison par dilatation avec le tube de cuivre constituent une batterie d&#8217;\u00e9l\u00e9ments tr\u00e8s efficace et m\u00e9caniquement solide.<\/p>\n\n\n\n<p>Les \u00e9l\u00e9ments \u00e0 ailettes peuvent \u00eatre assembl\u00e9s et fabriqu\u00e9s \u00e0 n&#8217;importe quelle longueur. Il convient toutefois de noter qu&#8217;il est recommand\u00e9 d&#8217;incorporer des soufflets de dilatation tous les 6 m\u00e8tres pour absorber la dilatation.<\/p>\n\n\n\n<p><strong>Nous pouvons fournir notre gamme compl\u00e8te de produits <a href=\"https:\/\/ducttrench.com\/index.php\/fr\/trench-heating-produit-et-options\/options-2\/chauffages-en-tranchee\/\">sur mesure<\/a> pour r\u00e9pondre aux besoins des clients.<\/strong><\/p>\n\n\n\n<p>D\u00e9couvrez nos <a href=\"https:\/\/ducttrench.com\/index.php\/fr\/trench-heating-produit-et-options\/options-2\/\">options<\/a><\/p>\n\n\n\n<figure class=\"wp-block-image size-large\"><img loading=\"lazy\" decoding=\"async\" width=\"1024\" height=\"681\" src=\"http:\/\/ducttrench.com\/wp-content\/uploads\/2022\/05\/a_JKE0510-1-1024x681.jpg\" alt=\"\" class=\"wp-image-618\" srcset=\"https:\/\/ducttrench.com\/wp-content\/uploads\/2022\/05\/a_JKE0510-1-1024x681.jpg 1024w, https:\/\/ducttrench.com\/wp-content\/uploads\/2022\/05\/a_JKE0510-1-300x200.jpg 300w, https:\/\/ducttrench.com\/wp-content\/uploads\/2022\/05\/a_JKE0510-1-768x511.jpg 768w, https:\/\/ducttrench.com\/wp-content\/uploads\/2022\/05\/a_JKE0510-1-1536x1022.jpg 1536w, https:\/\/ducttrench.com\/wp-content\/uploads\/2022\/05\/a_JKE0510-1-2048x1363.jpg 2048w, https:\/\/ducttrench.com\/wp-content\/uploads\/2022\/05\/a_JKE0510-1-920x613.jpg 920w, https:\/\/ducttrench.com\/wp-content\/uploads\/2022\/05\/a_JKE0510-1-666x444.jpg 666w\" sizes=\"auto, (max-width: 1024px) 100vw, 1024px\" \/><figcaption>Le produit Trench Heating<\/figcaption><\/figure>\n","protected":false},"excerpt":{"rendered":"<p>Cette solution de chauffage par le sol ou sous-sol est assur\u00e9e par des unit\u00e9s de convection naturelle et\/ou de ventilation<\/p>\n<p><span class=\"more-link\"><a href=\"https:\/\/ducttrench.com\/index.php\/fr\/trench-heating-produit-et-options\/\" class=\"readmore\">Continue reading<span class=\"screen-reader-text\">Produits et options<\/span><\/a><\/span><\/p>\n","protected":false},"author":1,"featured_media":0,"parent":0,"menu_order":0,"comment_status":"closed","ping_status":"closed","template":"","meta":{"om_disable_all_campaigns":false,"_monsterinsights_skip_tracking":false,"_monsterinsights_sitenote_active":false,"_monsterinsights_sitenote_note":"","_monsterinsights_sitenote_category":0,"footnotes":""},"class_list":["post-647","page","type-page","status-publish","hentry"],"yoast_head":"<!-- This site is optimized with the Yoast SEO plugin v18.9 - https:\/\/yoast.com\/wordpress\/plugins\/seo\/ -->\n<title>Produits et options - Duct Engineering Ltd.<\/title>\n<meta name=\"description\" content=\"This infloor\/underfloor\u00a0HEATING\u00a0solution is by natural convection and\/or fan assisted units.Due to the prevalation of architect designed floor to ceiling glass walling, we have developed an extensive range of heating systems to compensate for heat loss and counteract downdraft and condensation.\" \/>\n<meta name=\"robots\" content=\"index, follow, max-snippet:-1, max-image-preview:large, max-video-preview:-1\" \/>\n<link rel=\"canonical\" href=\"https:\/\/ducttrench.com\/index.php\/fr\/trench-heating-produit-et-options\/\" \/>\n<meta property=\"og:locale\" content=\"en_US\" \/>\n<meta property=\"og:type\" content=\"article\" \/>\n<meta property=\"og:title\" content=\"Produits et options - Duct Engineering Ltd.\" \/>\n<meta property=\"og:description\" content=\"This infloor\/underfloor\u00a0HEATING\u00a0solution is by natural convection and\/or fan assisted units.Due to the prevalation of architect designed floor to ceiling glass walling, we have developed an extensive range of heating systems to compensate for heat loss and counteract downdraft and condensation.\" \/>\n<meta property=\"og:url\" content=\"https:\/\/ducttrench.com\/index.php\/fr\/trench-heating-produit-et-options\/\" \/>\n<meta property=\"og:site_name\" content=\"Duct Engineering Ltd.\" \/>\n<meta property=\"article:modified_time\" content=\"2022-05-23T12:59:06+00:00\" \/>\n<meta property=\"og:image\" content=\"http:\/\/ducttrench.com\/wp-content\/uploads\/2022\/05\/a_JKE0510-1-1024x681.jpg\" \/>\n<meta name=\"twitter:card\" content=\"summary_large_image\" \/>\n<meta name=\"twitter:label1\" content=\"Est. reading time\" \/>\n\t<meta name=\"twitter:data1\" content=\"3 minutes\" \/>\n<script type=\"application\/ld+json\" class=\"yoast-schema-graph\">{\"@context\":\"https:\/\/schema.org\",\"@graph\":[{\"@type\":\"WebSite\",\"@id\":\"https:\/\/ducttrench.com\/#website\",\"url\":\"https:\/\/ducttrench.com\/\",\"name\":\"Duct Engineering Ltd.\",\"description\":\"Trench Heating\",\"potentialAction\":[{\"@type\":\"SearchAction\",\"target\":{\"@type\":\"EntryPoint\",\"urlTemplate\":\"https:\/\/ducttrench.com\/?s={search_term_string}\"},\"query-input\":\"required name=search_term_string\"}],\"inLanguage\":\"en-US\"},{\"@type\":\"ImageObject\",\"inLanguage\":\"en-US\",\"@id\":\"https:\/\/ducttrench.com\/index.php\/fr\/trench-heating-produit-et-options\/#primaryimage\",\"url\":\"http:\/\/ducttrench.com\/wp-content\/uploads\/2022\/05\/a_JKE0510-1-1024x681.jpg\",\"contentUrl\":\"http:\/\/ducttrench.com\/wp-content\/uploads\/2022\/05\/a_JKE0510-1-1024x681.jpg\"},{\"@type\":\"WebPage\",\"@id\":\"https:\/\/ducttrench.com\/index.php\/fr\/trench-heating-produit-et-options\/#webpage\",\"url\":\"https:\/\/ducttrench.com\/index.php\/fr\/trench-heating-produit-et-options\/\",\"name\":\"Produits et options - Duct Engineering Ltd.\",\"isPartOf\":{\"@id\":\"https:\/\/ducttrench.com\/#website\"},\"primaryImageOfPage\":{\"@id\":\"https:\/\/ducttrench.com\/index.php\/fr\/trench-heating-produit-et-options\/#primaryimage\"},\"datePublished\":\"2022-05-22T11:30:03+00:00\",\"dateModified\":\"2022-05-23T12:59:06+00:00\",\"description\":\"This infloor\/underfloor\u00a0HEATING\u00a0solution is by natural convection and\/or fan assisted units.Due to the prevalation of architect designed floor to ceiling glass walling, we have developed an extensive range of heating systems to compensate for heat loss and counteract downdraft and condensation.\",\"breadcrumb\":{\"@id\":\"https:\/\/ducttrench.com\/index.php\/fr\/trench-heating-produit-et-options\/#breadcrumb\"},\"inLanguage\":\"en-US\",\"potentialAction\":[{\"@type\":\"ReadAction\",\"target\":[\"https:\/\/ducttrench.com\/index.php\/fr\/trench-heating-produit-et-options\/\"]}]},{\"@type\":\"BreadcrumbList\",\"@id\":\"https:\/\/ducttrench.com\/index.php\/fr\/trench-heating-produit-et-options\/#breadcrumb\",\"itemListElement\":[{\"@type\":\"ListItem\",\"position\":1,\"name\":\"Home\",\"item\":\"https:\/\/ducttrench.com\/\"},{\"@type\":\"ListItem\",\"position\":2,\"name\":\"Produits et options\"}]}]}<\/script>\n<!-- \/ Yoast SEO plugin. -->","yoast_head_json":{"title":"Produits et options - Duct Engineering Ltd.","description":"This infloor\/underfloor\u00a0HEATING\u00a0solution is by natural convection and\/or fan assisted units.Due to the prevalation of architect designed floor to ceiling glass walling, we have developed an extensive range of heating systems to compensate for heat loss and counteract downdraft and condensation.","robots":{"index":"index","follow":"follow","max-snippet":"max-snippet:-1","max-image-preview":"max-image-preview:large","max-video-preview":"max-video-preview:-1"},"canonical":"https:\/\/ducttrench.com\/index.php\/fr\/trench-heating-produit-et-options\/","og_locale":"en_US","og_type":"article","og_title":"Produits et options - Duct Engineering Ltd.","og_description":"This infloor\/underfloor\u00a0HEATING\u00a0solution is by natural convection and\/or fan assisted units.Due to the prevalation of architect designed floor to ceiling glass walling, we have developed an extensive range of heating systems to compensate for heat loss and counteract downdraft and condensation.","og_url":"https:\/\/ducttrench.com\/index.php\/fr\/trench-heating-produit-et-options\/","og_site_name":"Duct Engineering Ltd.","article_modified_time":"2022-05-23T12:59:06+00:00","og_image":[{"url":"http:\/\/ducttrench.com\/wp-content\/uploads\/2022\/05\/a_JKE0510-1-1024x681.jpg"}],"twitter_card":"summary_large_image","twitter_misc":{"Est. reading time":"3 minutes"},"schema":{"@context":"https:\/\/schema.org","@graph":[{"@type":"WebSite","@id":"https:\/\/ducttrench.com\/#website","url":"https:\/\/ducttrench.com\/","name":"Duct Engineering Ltd.","description":"Trench Heating","potentialAction":[{"@type":"SearchAction","target":{"@type":"EntryPoint","urlTemplate":"https:\/\/ducttrench.com\/?s={search_term_string}"},"query-input":"required name=search_term_string"}],"inLanguage":"en-US"},{"@type":"ImageObject","inLanguage":"en-US","@id":"https:\/\/ducttrench.com\/index.php\/fr\/trench-heating-produit-et-options\/#primaryimage","url":"http:\/\/ducttrench.com\/wp-content\/uploads\/2022\/05\/a_JKE0510-1-1024x681.jpg","contentUrl":"http:\/\/ducttrench.com\/wp-content\/uploads\/2022\/05\/a_JKE0510-1-1024x681.jpg"},{"@type":"WebPage","@id":"https:\/\/ducttrench.com\/index.php\/fr\/trench-heating-produit-et-options\/#webpage","url":"https:\/\/ducttrench.com\/index.php\/fr\/trench-heating-produit-et-options\/","name":"Produits et options - Duct Engineering Ltd.","isPartOf":{"@id":"https:\/\/ducttrench.com\/#website"},"primaryImageOfPage":{"@id":"https:\/\/ducttrench.com\/index.php\/fr\/trench-heating-produit-et-options\/#primaryimage"},"datePublished":"2022-05-22T11:30:03+00:00","dateModified":"2022-05-23T12:59:06+00:00","description":"This infloor\/underfloor\u00a0HEATING\u00a0solution is by natural convection and\/or fan assisted units.Due to the prevalation of architect designed floor to ceiling glass walling, we have developed an extensive range of heating systems to compensate for heat loss and counteract downdraft and condensation.","breadcrumb":{"@id":"https:\/\/ducttrench.com\/index.php\/fr\/trench-heating-produit-et-options\/#breadcrumb"},"inLanguage":"en-US","potentialAction":[{"@type":"ReadAction","target":["https:\/\/ducttrench.com\/index.php\/fr\/trench-heating-produit-et-options\/"]}]},{"@type":"BreadcrumbList","@id":"https:\/\/ducttrench.com\/index.php\/fr\/trench-heating-produit-et-options\/#breadcrumb","itemListElement":[{"@type":"ListItem","position":1,"name":"Home","item":"https:\/\/ducttrench.com\/"},{"@type":"ListItem","position":2,"name":"Produits et options"}]}]}},"_links":{"self":[{"href":"https:\/\/ducttrench.com\/index.php\/wp-json\/wp\/v2\/pages\/647","targetHints":{"allow":["GET"]}}],"collection":[{"href":"https:\/\/ducttrench.com\/index.php\/wp-json\/wp\/v2\/pages"}],"about":[{"href":"https:\/\/ducttrench.com\/index.php\/wp-json\/wp\/v2\/types\/page"}],"author":[{"embeddable":true,"href":"https:\/\/ducttrench.com\/index.php\/wp-json\/wp\/v2\/users\/1"}],"replies":[{"embeddable":true,"href":"https:\/\/ducttrench.com\/index.php\/wp-json\/wp\/v2\/comments?post=647"}],"version-history":[{"count":3,"href":"https:\/\/ducttrench.com\/index.php\/wp-json\/wp\/v2\/pages\/647\/revisions"}],"predecessor-version":[{"id":869,"href":"https:\/\/ducttrench.com\/index.php\/wp-json\/wp\/v2\/pages\/647\/revisions\/869"}],"wp:attachment":[{"href":"https:\/\/ducttrench.com\/index.php\/wp-json\/wp\/v2\/media?parent=647"}],"curies":[{"name":"wp","href":"https:\/\/api.w.org\/{rel}","templated":true}]}}