{"id":649,"date":"2022-05-22T11:36:04","date_gmt":"2022-05-22T11:36:04","guid":{"rendered":"https:\/\/ducttrench.com\/?page_id=649"},"modified":"2022-05-23T12:55:55","modified_gmt":"2022-05-23T12:55:55","slug":"options-2","status":"publish","type":"page","link":"https:\/\/ducttrench.com\/index.php\/fr\/trench-heating-produit-et-options\/options-2\/","title":{"rendered":"Options"},"content":{"rendered":"\n<h5 class=\"wp-block-heading\">Nos chauffages en tranch\u00e9e comportent plusieurs options. <\/h5>\n\n\n\n<h5 class=\"wp-block-heading\">D\u00e9couvrez-les ci-dessous.<\/h5>\n\n\n\n<div class=\"wp-block-columns is-layout-flex wp-container-core-columns-is-layout-9d6595d7 wp-block-columns-is-layout-flex\">\n<div class=\"wp-block-column is-layout-flow wp-block-column-is-layout-flow\">\n<h5 class=\"wp-block-heading\"><a href=\"https:\/\/ducttrench.com\/index.php\/fr\/trench-heating-produit-et-options\/options-2\/aquafan\/\">Aquafan <\/a><\/h5>\n\n\n\n<figure class=\"wp-block-image size-full\"><a href=\"https:\/\/ducttrench.com\/index.php\/fr\/trench-heating-produit-et-options\/options-2\/aquafan\/\"><img loading=\"lazy\" decoding=\"async\" width=\"600\" height=\"200\" src=\"https:\/\/ducttrench.com\/wp-content\/uploads\/2022\/05\/aquafan-1.jpg\" alt=\"\" class=\"wp-image-650\" srcset=\"https:\/\/ducttrench.com\/wp-content\/uploads\/2022\/05\/aquafan-1.jpg 600w, https:\/\/ducttrench.com\/wp-content\/uploads\/2022\/05\/aquafan-1-300x100.jpg 300w\" sizes=\"auto, (max-width: 600px) 100vw, 600px\" \/><\/a><\/figure>\n<\/div>\n\n\n\n<div class=\"wp-block-column is-layout-flow wp-block-column-is-layout-flow\">\n<h5 class=\"wp-block-heading\"><a href=\"https:\/\/ducttrench.com\/index.php\/fr\/trench-heating-produit-et-options\/options-2\/electrofan-3\/\">Electrofan<\/a><\/h5>\n\n\n\n<figure class=\"wp-block-image size-full\"><a href=\"https:\/\/ducttrench.com\/index.php\/fr\/trench-heating-produit-et-options\/options-2\/electrofan-3\/\"><img loading=\"lazy\" decoding=\"async\" width=\"600\" height=\"200\" src=\"https:\/\/ducttrench.com\/wp-content\/uploads\/2022\/05\/electrofan-1.jpg\" alt=\"\" class=\"wp-image-651\" srcset=\"https:\/\/ducttrench.com\/wp-content\/uploads\/2022\/05\/electrofan-1.jpg 600w, https:\/\/ducttrench.com\/wp-content\/uploads\/2022\/05\/electrofan-1-300x100.jpg 300w\" sizes=\"auto, (max-width: 600px) 100vw, 600px\" \/><\/a><\/figure>\n<\/div>\n\n\n\n<div class=\"wp-block-column is-layout-flow wp-block-column-is-layout-flow\">\n<h5 class=\"wp-block-heading\"><a href=\"https:\/\/ducttrench.com\/index.php\/fr\/trench-heating-produit-et-options\/options-2\/electrotrench-3\/\">Electrotrench<\/a><\/h5>\n\n\n\n<figure class=\"wp-block-image size-full\"><a href=\"https:\/\/ducttrench.com\/index.php\/fr\/trench-heating-produit-et-options\/options-2\/electrotrench-3\/\"><img loading=\"lazy\" decoding=\"async\" width=\"600\" height=\"200\" src=\"https:\/\/ducttrench.com\/wp-content\/uploads\/2022\/05\/electrotrench-1.jpg\" alt=\"\" class=\"wp-image-652\" srcset=\"https:\/\/ducttrench.com\/wp-content\/uploads\/2022\/05\/electrotrench-1.jpg 600w, https:\/\/ducttrench.com\/wp-content\/uploads\/2022\/05\/electrotrench-1-300x100.jpg 300w\" sizes=\"auto, (max-width: 600px) 100vw, 600px\" \/><\/a><\/figure>\n<\/div>\n<\/div>\n\n\n\n<div class=\"wp-block-columns is-layout-flex wp-container-core-columns-is-layout-9d6595d7 wp-block-columns-is-layout-flex\">\n<div class=\"wp-block-column is-layout-flow wp-block-column-is-layout-flow\">\n<h5 class=\"wp-block-heading\"><a href=\"https:\/\/ducttrench.com\/index.php\/fr\/trench-heating-produit-et-options\/options-2\/grilles-et-angles\/\">Grilles et angles <\/a><\/h5>\n\n\n\n<figure class=\"wp-block-image size-full\"><a href=\"https:\/\/ducttrench.com\/index.php\/fr\/trench-heating-produit-et-options\/options-2\/grilles-et-angles\/\"><img loading=\"lazy\" decoding=\"async\" width=\"600\" height=\"200\" src=\"https:\/\/ducttrench.com\/wp-content\/uploads\/2022\/05\/grille-1.jpg\" alt=\"\" class=\"wp-image-653\" srcset=\"https:\/\/ducttrench.com\/wp-content\/uploads\/2022\/05\/grille-1.jpg 600w, https:\/\/ducttrench.com\/wp-content\/uploads\/2022\/05\/grille-1-300x100.jpg 300w\" sizes=\"auto, (max-width: 600px) 100vw, 600px\" \/><\/a><\/figure>\n<\/div>\n\n\n\n<div class=\"wp-block-column is-layout-flow wp-block-column-is-layout-flow\">\n<h5 class=\"wp-block-heading\"><a href=\"https:\/\/ducttrench.com\/index.php\/fr\/trench-heating-produit-et-options\/options-2\/vannes\/\">Vannes et contr\u00f4les<\/a><\/h5>\n\n\n\n<figure class=\"wp-block-image size-full\"><a href=\"https:\/\/ducttrench.com\/index.php\/fr\/trench-heating-produit-et-options\/options-2\/vannes\/\"><img loading=\"lazy\" decoding=\"async\" width=\"600\" height=\"200\" src=\"https:\/\/ducttrench.com\/wp-content\/uploads\/2022\/05\/valves-conrols-1.jpg\" alt=\"\" class=\"wp-image-654\" srcset=\"https:\/\/ducttrench.com\/wp-content\/uploads\/2022\/05\/valves-conrols-1.jpg 600w, https:\/\/ducttrench.com\/wp-content\/uploads\/2022\/05\/valves-conrols-1-300x100.jpg 300w\" sizes=\"auto, (max-width: 600px) 100vw, 600px\" \/><\/a><\/figure>\n<\/div>\n\n\n\n<div class=\"wp-block-column is-layout-flow wp-block-column-is-layout-flow\">\n<h5 class=\"wp-block-heading\"><a href=\"https:\/\/ducttrench.com\/wp-admin\/post.php?post=720&amp;action=edit\">Produits sur mesure<\/a><\/h5>\n<\/div>\n<\/div>\n","protected":false},"excerpt":{"rendered":"<p>Nos chauffages en tranch\u00e9e comportent plusieurs options. D\u00e9couvrez-les ci-dessous. Aquafan Electrofan Electrotrench Grilles et angles Vannes et contr\u00f4les Produits sur<\/p>\n<p><span class=\"more-link\"><a href=\"https:\/\/ducttrench.com\/index.php\/fr\/trench-heating-produit-et-options\/options-2\/\" class=\"readmore\">Continue reading<span class=\"screen-reader-text\">Options<\/span><\/a><\/span><\/p>\n","protected":false},"author":1,"featured_media":0,"parent":647,"menu_order":2,"comment_status":"closed","ping_status":"closed","template":"","meta":{"om_disable_all_campaigns":false,"_monsterinsights_skip_tracking":false,"_monsterinsights_sitenote_active":false,"_monsterinsights_sitenote_note":"","_monsterinsights_sitenote_category":0,"footnotes":""},"class_list":["post-649","page","type-page","status-publish","hentry"],"yoast_head":"<!-- This site is optimized with the Yoast SEO plugin v18.9 - https:\/\/yoast.com\/wordpress\/plugins\/seo\/ -->\n<title>Options - Duct Engineering Ltd.<\/title>\n<meta name=\"description\" content=\"Notre produit de chauffage de tranch\u00e9e dispose de plusieurs options telles que des grilles, aquafan... Venez les d\u00e9couvrir.\" \/>\n<meta name=\"robots\" content=\"index, follow, max-snippet:-1, max-image-preview:large, max-video-preview:-1\" \/>\n<link rel=\"canonical\" href=\"https:\/\/ducttrench.com\/index.php\/fr\/trench-heating-produit-et-options\/options-2\/\" \/>\n<meta property=\"og:locale\" content=\"en_US\" \/>\n<meta property=\"og:type\" content=\"article\" \/>\n<meta property=\"og:title\" content=\"Options - Duct Engineering Ltd.\" \/>\n<meta property=\"og:description\" content=\"Notre produit de chauffage de tranch\u00e9e dispose de plusieurs options telles que des grilles, aquafan... Venez les d\u00e9couvrir.\" \/>\n<meta property=\"og:url\" content=\"https:\/\/ducttrench.com\/index.php\/fr\/trench-heating-produit-et-options\/options-2\/\" \/>\n<meta property=\"og:site_name\" content=\"Duct Engineering Ltd.\" \/>\n<meta property=\"article:modified_time\" content=\"2022-05-23T12:55:55+00:00\" \/>\n<meta property=\"og:image\" content=\"https:\/\/ducttrench.com\/wp-content\/uploads\/2022\/05\/aquafan-1.jpg\" \/>\n<meta name=\"twitter:card\" content=\"summary_large_image\" \/>\n<meta name=\"twitter:label1\" content=\"Est. reading time\" \/>\n\t<meta name=\"twitter:data1\" content=\"2 minutes\" \/>\n<script type=\"application\/ld+json\" class=\"yoast-schema-graph\">{\"@context\":\"https:\/\/schema.org\",\"@graph\":[{\"@type\":\"WebSite\",\"@id\":\"https:\/\/ducttrench.com\/#website\",\"url\":\"https:\/\/ducttrench.com\/\",\"name\":\"Duct Engineering Ltd.\",\"description\":\"Trench Heating\",\"potentialAction\":[{\"@type\":\"SearchAction\",\"target\":{\"@type\":\"EntryPoint\",\"urlTemplate\":\"https:\/\/ducttrench.com\/?s={search_term_string}\"},\"query-input\":\"required name=search_term_string\"}],\"inLanguage\":\"en-US\"},{\"@type\":\"ImageObject\",\"inLanguage\":\"en-US\",\"@id\":\"https:\/\/ducttrench.com\/index.php\/fr\/trench-heating-produit-et-options\/options-2\/#primaryimage\",\"url\":\"https:\/\/ducttrench.com\/wp-content\/uploads\/2022\/05\/aquafan-1.jpg\",\"contentUrl\":\"https:\/\/ducttrench.com\/wp-content\/uploads\/2022\/05\/aquafan-1.jpg\",\"width\":600,\"height\":200},{\"@type\":\"WebPage\",\"@id\":\"https:\/\/ducttrench.com\/index.php\/fr\/trench-heating-produit-et-options\/options-2\/#webpage\",\"url\":\"https:\/\/ducttrench.com\/index.php\/fr\/trench-heating-produit-et-options\/options-2\/\",\"name\":\"Options - Duct Engineering Ltd.\",\"isPartOf\":{\"@id\":\"https:\/\/ducttrench.com\/#website\"},\"primaryImageOfPage\":{\"@id\":\"https:\/\/ducttrench.com\/index.php\/fr\/trench-heating-produit-et-options\/options-2\/#primaryimage\"},\"datePublished\":\"2022-05-22T11:36:04+00:00\",\"dateModified\":\"2022-05-23T12:55:55+00:00\",\"description\":\"Notre produit de chauffage de tranch\u00e9e dispose de plusieurs options telles que des grilles, aquafan... Venez les d\u00e9couvrir.\",\"breadcrumb\":{\"@id\":\"https:\/\/ducttrench.com\/index.php\/fr\/trench-heating-produit-et-options\/options-2\/#breadcrumb\"},\"inLanguage\":\"en-US\",\"potentialAction\":[{\"@type\":\"ReadAction\",\"target\":[\"https:\/\/ducttrench.com\/index.php\/fr\/trench-heating-produit-et-options\/options-2\/\"]}]},{\"@type\":\"BreadcrumbList\",\"@id\":\"https:\/\/ducttrench.com\/index.php\/fr\/trench-heating-produit-et-options\/options-2\/#breadcrumb\",\"itemListElement\":[{\"@type\":\"ListItem\",\"position\":1,\"name\":\"Home\",\"item\":\"https:\/\/ducttrench.com\/\"},{\"@type\":\"ListItem\",\"position\":2,\"name\":\"Produits et options\",\"item\":\"https:\/\/ducttrench.com\/index.php\/fr\/trench-heating-produit-et-options\/\"},{\"@type\":\"ListItem\",\"position\":3,\"name\":\"Options\"}]}]}<\/script>\n<!-- \/ Yoast SEO plugin. -->","yoast_head_json":{"title":"Options - Duct Engineering Ltd.","description":"Notre produit de chauffage de tranch\u00e9e dispose de plusieurs options telles que des grilles, aquafan... Venez les d\u00e9couvrir.","robots":{"index":"index","follow":"follow","max-snippet":"max-snippet:-1","max-image-preview":"max-image-preview:large","max-video-preview":"max-video-preview:-1"},"canonical":"https:\/\/ducttrench.com\/index.php\/fr\/trench-heating-produit-et-options\/options-2\/","og_locale":"en_US","og_type":"article","og_title":"Options - Duct Engineering Ltd.","og_description":"Notre produit de chauffage de tranch\u00e9e dispose de plusieurs options telles que des grilles, aquafan... Venez les d\u00e9couvrir.","og_url":"https:\/\/ducttrench.com\/index.php\/fr\/trench-heating-produit-et-options\/options-2\/","og_site_name":"Duct Engineering Ltd.","article_modified_time":"2022-05-23T12:55:55+00:00","og_image":[{"url":"https:\/\/ducttrench.com\/wp-content\/uploads\/2022\/05\/aquafan-1.jpg"}],"twitter_card":"summary_large_image","twitter_misc":{"Est. reading time":"2 minutes"},"schema":{"@context":"https:\/\/schema.org","@graph":[{"@type":"WebSite","@id":"https:\/\/ducttrench.com\/#website","url":"https:\/\/ducttrench.com\/","name":"Duct Engineering Ltd.","description":"Trench Heating","potentialAction":[{"@type":"SearchAction","target":{"@type":"EntryPoint","urlTemplate":"https:\/\/ducttrench.com\/?s={search_term_string}"},"query-input":"required name=search_term_string"}],"inLanguage":"en-US"},{"@type":"ImageObject","inLanguage":"en-US","@id":"https:\/\/ducttrench.com\/index.php\/fr\/trench-heating-produit-et-options\/options-2\/#primaryimage","url":"https:\/\/ducttrench.com\/wp-content\/uploads\/2022\/05\/aquafan-1.jpg","contentUrl":"https:\/\/ducttrench.com\/wp-content\/uploads\/2022\/05\/aquafan-1.jpg","width":600,"height":200},{"@type":"WebPage","@id":"https:\/\/ducttrench.com\/index.php\/fr\/trench-heating-produit-et-options\/options-2\/#webpage","url":"https:\/\/ducttrench.com\/index.php\/fr\/trench-heating-produit-et-options\/options-2\/","name":"Options - Duct Engineering Ltd.","isPartOf":{"@id":"https:\/\/ducttrench.com\/#website"},"primaryImageOfPage":{"@id":"https:\/\/ducttrench.com\/index.php\/fr\/trench-heating-produit-et-options\/options-2\/#primaryimage"},"datePublished":"2022-05-22T11:36:04+00:00","dateModified":"2022-05-23T12:55:55+00:00","description":"Notre produit de chauffage de tranch\u00e9e dispose de plusieurs options telles que des grilles, aquafan... Venez les d\u00e9couvrir.","breadcrumb":{"@id":"https:\/\/ducttrench.com\/index.php\/fr\/trench-heating-produit-et-options\/options-2\/#breadcrumb"},"inLanguage":"en-US","potentialAction":[{"@type":"ReadAction","target":["https:\/\/ducttrench.com\/index.php\/fr\/trench-heating-produit-et-options\/options-2\/"]}]},{"@type":"BreadcrumbList","@id":"https:\/\/ducttrench.com\/index.php\/fr\/trench-heating-produit-et-options\/options-2\/#breadcrumb","itemListElement":[{"@type":"ListItem","position":1,"name":"Home","item":"https:\/\/ducttrench.com\/"},{"@type":"ListItem","position":2,"name":"Produits et options","item":"https:\/\/ducttrench.com\/index.php\/fr\/trench-heating-produit-et-options\/"},{"@type":"ListItem","position":3,"name":"Options"}]}]}},"_links":{"self":[{"href":"https:\/\/ducttrench.com\/index.php\/wp-json\/wp\/v2\/pages\/649","targetHints":{"allow":["GET"]}}],"collection":[{"href":"https:\/\/ducttrench.com\/index.php\/wp-json\/wp\/v2\/pages"}],"about":[{"href":"https:\/\/ducttrench.com\/index.php\/wp-json\/wp\/v2\/types\/page"}],"author":[{"embeddable":true,"href":"https:\/\/ducttrench.com\/index.php\/wp-json\/wp\/v2\/users\/1"}],"replies":[{"embeddable":true,"href":"https:\/\/ducttrench.com\/index.php\/wp-json\/wp\/v2\/comments?post=649"}],"version-history":[{"count":4,"href":"https:\/\/ducttrench.com\/index.php\/wp-json\/wp\/v2\/pages\/649\/revisions"}],"predecessor-version":[{"id":868,"href":"https:\/\/ducttrench.com\/index.php\/wp-json\/wp\/v2\/pages\/649\/revisions\/868"}],"up":[{"embeddable":true,"href":"https:\/\/ducttrench.com\/index.php\/wp-json\/wp\/v2\/pages\/647"}],"wp:attachment":[{"href":"https:\/\/ducttrench.com\/index.php\/wp-json\/wp\/v2\/media?parent=649"}],"curies":[{"name":"wp","href":"https:\/\/api.w.org\/{rel}","templated":true}]}}