{"id":677,"date":"2022-05-22T12:19:47","date_gmt":"2022-05-22T12:19:47","guid":{"rendered":"https:\/\/ducttrench.com\/?page_id=677"},"modified":"2022-05-23T08:59:59","modified_gmt":"2022-05-23T08:59:59","slug":"productos-y-opciones","status":"publish","type":"page","link":"https:\/\/ducttrench.com\/index.php\/es\/productos-y-opciones\/","title":{"rendered":"Productos y opciones"},"content":{"rendered":"\n<p>Esta soluci\u00f3n de CALEFACCI\u00d3N por debajo del suelo o del s\u00f3tano se proporciona mediante unidades de convecci\u00f3n natural y\/o asistidas por ventilador.<\/p>\n\n\n\n<p>Debido a la prevalencia de las paredes de cristal de suelo a techo dise\u00f1adas por los arquitectos, hemos desarrollado una amplia gama de sistemas de calefacci\u00f3n para compensar la p\u00e9rdida de calor y contrarrestar las corrientes descendentes y la condensaci\u00f3n.<\/p>\n\n\n\n<p>Estos sistemas hacen circular y calientan el aire para crear un ambiente c\u00e1lido y confortable.<\/p>\n\n\n\n<p>Las unidades pueden instalarse en el suelo o sobre el suelo, seg\u00fan el dise\u00f1o arquitect\u00f3nico.<\/p>\n\n\n\n<p><a href=\"https:\/\/ducttrench.com\/index.php\/es\/productos-y-opciones\/unidades-de-calentamiento-de-zanjas\/\">CALEFACCI\u00d3N DE ZANJA<\/a> es un sistema de calefacci\u00f3n por suelo radiante que ofrece soluciones de calefacci\u00f3n primaria y\/o secundaria para edificios dom\u00e9sticos, comerciales e industriales.<\/p>\n\n\n\n<p>Esta completa soluci\u00f3n de calefacci\u00f3n puede instalarse como sistema independiente o integrarse con los sistemas de radiadores existentes.<\/p>\n\n\n\n<p>Cuando se utiliza con calefacci\u00f3n por suelo radiante, debe tener tuber\u00edas de flujo\/retorno espec\u00edficas para garantizar que las temperaturas de flujo\/retorno sean lo suficientemente altas para producir un calor eficiente.<\/p>\n\n\n\n<p>Las unidades se fabrican a medida para satisfacer los requisitos de producci\u00f3n de calor del cliente. Fabricamos las unidades en secciones de \u00b1 2,45 m de longitud que se atornillan para formar un tramo continuo de la longitud que se desee. Cuando las unidades est\u00e1n colocadas y se inserta la rejilla, se crea un acabado general &#8220;sin costuras&#8221;. Las esquinas se pueden unir a tope o cortar a inglete en el \u00e1ngulo deseado. Tambi\u00e9n hay unidades curvas disponibles.<\/p>\n\n\n\n<p>Tenga en cuenta que suministramos nuestras unidades completamente montadas, no embaladas como hacen muchos de nuestros competidores, para que cualquier fontanero competente pueda realizar una instalaci\u00f3n r\u00e1pida, f\u00e1cil y econ\u00f3mica.<\/p>\n\n\n\n<h5 class=\"wp-block-heading\">REVESTIMIENTO<\/h5>\n\n\n\n<p>Acero dulce galvanizado de 1,20 mm de espesor, con superficie interna negra mate y externa gris. Se utiliza para el cuerpo de la zanja, los soportes y las placas deflectoras.<\/p>\n\n\n\n<h5 class=\"wp-block-heading\">BANCOS DE ELEMENTOS ALETEADOS<\/h5>\n\n\n\n<p>Tubo de cobre de 21 mm de di\u00e1metro, seg\u00fan la norma EN12451, expandido sobre aletas de aluminio de 0,50 mm de espesor. El calentamiento por convecci\u00f3n natural a trav\u00e9s del medio del agua caliente se consigue mediante el uso de bancos de elementos aleteados montados en un recinto adecuado. Las bater\u00edas de elementos aleteados est\u00e1n disponibles en una amplia gama de tama\u00f1os.<\/p>\n\n\n\n<p>Los bordes retornados de las aletas y la uni\u00f3n por expansi\u00f3n a la tuber\u00eda de cobre hacen que el banco de elementos sea altamente eficiente y mec\u00e1nicamente fuerte.<\/p>\n\n\n\n<p>Los elementos con aletas pueden unirse y fabricarse a cualquier longitud, aunque se recomienda incorporar fuelles de expansi\u00f3n a intervalos de 6 m para absorber la expansi\u00f3n.<\/p>\n\n\n\n<h5 class=\"wp-block-heading\">Podemos suministrar toda nuestra gama de <a href=\"https:\/\/ducttrench.com\/index.php\/es\/productos-y-opciones\/opciones\/productos-personalizados\/\">productos en disposiciones<\/a> y variaciones a medida para satisfacer las necesidades de los clientes.<\/h5>\n\n\n\n<p>Descubra nuestras <a href=\"https:\/\/ducttrench.com\/index.php\/es\/productos-y-opciones\/opciones\/\">opciones<\/a>.<\/p>\n\n\n\n<figure class=\"wp-block-image size-large\"><img loading=\"lazy\" decoding=\"async\" width=\"1024\" height=\"681\" src=\"http:\/\/ducttrench.com\/wp-content\/uploads\/2022\/05\/a_JKE0510-1-1024x681.jpg\" alt=\"\" class=\"wp-image-618\" srcset=\"https:\/\/ducttrench.com\/wp-content\/uploads\/2022\/05\/a_JKE0510-1-1024x681.jpg 1024w, https:\/\/ducttrench.com\/wp-content\/uploads\/2022\/05\/a_JKE0510-1-300x200.jpg 300w, https:\/\/ducttrench.com\/wp-content\/uploads\/2022\/05\/a_JKE0510-1-768x511.jpg 768w, https:\/\/ducttrench.com\/wp-content\/uploads\/2022\/05\/a_JKE0510-1-1536x1022.jpg 1536w, https:\/\/ducttrench.com\/wp-content\/uploads\/2022\/05\/a_JKE0510-1-2048x1363.jpg 2048w, https:\/\/ducttrench.com\/wp-content\/uploads\/2022\/05\/a_JKE0510-1-920x613.jpg 920w, https:\/\/ducttrench.com\/wp-content\/uploads\/2022\/05\/a_JKE0510-1-666x444.jpg 666w\" sizes=\"auto, (max-width: 1024px) 100vw, 1024px\" \/><figcaption>Producto de calentamiento de zanjas<\/figcaption><\/figure>\n\n\n\n<p><\/p>\n","protected":false},"excerpt":{"rendered":"<p>Esta soluci\u00f3n de CALEFACCI\u00d3N por debajo del suelo o del s\u00f3tano se proporciona mediante unidades de convecci\u00f3n natural y\/o asistidas<\/p>\n<p><span class=\"more-link\"><a href=\"https:\/\/ducttrench.com\/index.php\/es\/productos-y-opciones\/\" class=\"readmore\">Continue reading<span class=\"screen-reader-text\">Productos y opciones<\/span><\/a><\/span><\/p>\n","protected":false},"author":1,"featured_media":0,"parent":0,"menu_order":2,"comment_status":"closed","ping_status":"closed","template":"","meta":{"om_disable_all_campaigns":false,"_monsterinsights_skip_tracking":false,"_monsterinsights_sitenote_active":false,"_monsterinsights_sitenote_note":"","_monsterinsights_sitenote_category":0,"footnotes":""},"class_list":["post-677","page","type-page","status-publish","hentry"],"yoast_head":"<!-- This site is optimized with the Yoast SEO plugin v18.9 - https:\/\/yoast.com\/wordpress\/plugins\/seo\/ -->\n<title>Productos y opciones - Duct Engineering Ltd.<\/title>\n<meta name=\"description\" content=\"Esta soluci\u00f3n de CALEFACCI\u00d3N es por convecci\u00f3n natural y\/o unidades asistidas por ventilador. Descubra las opciones\" \/>\n<meta name=\"robots\" content=\"index, follow, max-snippet:-1, max-image-preview:large, max-video-preview:-1\" \/>\n<link rel=\"canonical\" href=\"https:\/\/ducttrench.com\/index.php\/es\/productos-y-opciones\/\" \/>\n<meta property=\"og:locale\" content=\"en_US\" \/>\n<meta property=\"og:type\" content=\"article\" \/>\n<meta property=\"og:title\" content=\"Productos y opciones - Duct Engineering Ltd.\" \/>\n<meta property=\"og:description\" content=\"Esta soluci\u00f3n de CALEFACCI\u00d3N es por convecci\u00f3n natural y\/o unidades asistidas por ventilador. Descubra las opciones\" \/>\n<meta property=\"og:url\" content=\"https:\/\/ducttrench.com\/index.php\/es\/productos-y-opciones\/\" \/>\n<meta property=\"og:site_name\" content=\"Duct Engineering Ltd.\" \/>\n<meta property=\"article:modified_time\" content=\"2022-05-23T08:59:59+00:00\" \/>\n<meta property=\"og:image\" content=\"http:\/\/ducttrench.com\/wp-content\/uploads\/2022\/05\/a_JKE0510-1-1024x681.jpg\" \/>\n<meta name=\"twitter:card\" content=\"summary_large_image\" \/>\n<meta name=\"twitter:label1\" content=\"Est. reading time\" \/>\n\t<meta name=\"twitter:data1\" content=\"3 minutes\" \/>\n<script type=\"application\/ld+json\" class=\"yoast-schema-graph\">{\"@context\":\"https:\/\/schema.org\",\"@graph\":[{\"@type\":\"WebSite\",\"@id\":\"https:\/\/ducttrench.com\/#website\",\"url\":\"https:\/\/ducttrench.com\/\",\"name\":\"Duct Engineering Ltd.\",\"description\":\"Trench Heating\",\"potentialAction\":[{\"@type\":\"SearchAction\",\"target\":{\"@type\":\"EntryPoint\",\"urlTemplate\":\"https:\/\/ducttrench.com\/?s={search_term_string}\"},\"query-input\":\"required name=search_term_string\"}],\"inLanguage\":\"en-US\"},{\"@type\":\"ImageObject\",\"inLanguage\":\"en-US\",\"@id\":\"https:\/\/ducttrench.com\/index.php\/es\/productos-y-opciones\/#primaryimage\",\"url\":\"http:\/\/ducttrench.com\/wp-content\/uploads\/2022\/05\/a_JKE0510-1-1024x681.jpg\",\"contentUrl\":\"http:\/\/ducttrench.com\/wp-content\/uploads\/2022\/05\/a_JKE0510-1-1024x681.jpg\"},{\"@type\":\"WebPage\",\"@id\":\"https:\/\/ducttrench.com\/index.php\/es\/productos-y-opciones\/#webpage\",\"url\":\"https:\/\/ducttrench.com\/index.php\/es\/productos-y-opciones\/\",\"name\":\"Productos y opciones - Duct Engineering Ltd.\",\"isPartOf\":{\"@id\":\"https:\/\/ducttrench.com\/#website\"},\"primaryImageOfPage\":{\"@id\":\"https:\/\/ducttrench.com\/index.php\/es\/productos-y-opciones\/#primaryimage\"},\"datePublished\":\"2022-05-22T12:19:47+00:00\",\"dateModified\":\"2022-05-23T08:59:59+00:00\",\"description\":\"Esta soluci\u00f3n de CALEFACCI\u00d3N es por convecci\u00f3n natural y\/o unidades asistidas por ventilador. Descubra las opciones\",\"breadcrumb\":{\"@id\":\"https:\/\/ducttrench.com\/index.php\/es\/productos-y-opciones\/#breadcrumb\"},\"inLanguage\":\"en-US\",\"potentialAction\":[{\"@type\":\"ReadAction\",\"target\":[\"https:\/\/ducttrench.com\/index.php\/es\/productos-y-opciones\/\"]}]},{\"@type\":\"BreadcrumbList\",\"@id\":\"https:\/\/ducttrench.com\/index.php\/es\/productos-y-opciones\/#breadcrumb\",\"itemListElement\":[{\"@type\":\"ListItem\",\"position\":1,\"name\":\"Home\",\"item\":\"https:\/\/ducttrench.com\/\"},{\"@type\":\"ListItem\",\"position\":2,\"name\":\"Productos y opciones\"}]}]}<\/script>\n<!-- \/ Yoast SEO plugin. -->","yoast_head_json":{"title":"Productos y opciones - Duct Engineering Ltd.","description":"Esta soluci\u00f3n de CALEFACCI\u00d3N es por convecci\u00f3n natural y\/o unidades asistidas por ventilador. Descubra las opciones","robots":{"index":"index","follow":"follow","max-snippet":"max-snippet:-1","max-image-preview":"max-image-preview:large","max-video-preview":"max-video-preview:-1"},"canonical":"https:\/\/ducttrench.com\/index.php\/es\/productos-y-opciones\/","og_locale":"en_US","og_type":"article","og_title":"Productos y opciones - Duct Engineering Ltd.","og_description":"Esta soluci\u00f3n de CALEFACCI\u00d3N es por convecci\u00f3n natural y\/o unidades asistidas por ventilador. Descubra las opciones","og_url":"https:\/\/ducttrench.com\/index.php\/es\/productos-y-opciones\/","og_site_name":"Duct Engineering Ltd.","article_modified_time":"2022-05-23T08:59:59+00:00","og_image":[{"url":"http:\/\/ducttrench.com\/wp-content\/uploads\/2022\/05\/a_JKE0510-1-1024x681.jpg"}],"twitter_card":"summary_large_image","twitter_misc":{"Est. reading time":"3 minutes"},"schema":{"@context":"https:\/\/schema.org","@graph":[{"@type":"WebSite","@id":"https:\/\/ducttrench.com\/#website","url":"https:\/\/ducttrench.com\/","name":"Duct Engineering Ltd.","description":"Trench Heating","potentialAction":[{"@type":"SearchAction","target":{"@type":"EntryPoint","urlTemplate":"https:\/\/ducttrench.com\/?s={search_term_string}"},"query-input":"required name=search_term_string"}],"inLanguage":"en-US"},{"@type":"ImageObject","inLanguage":"en-US","@id":"https:\/\/ducttrench.com\/index.php\/es\/productos-y-opciones\/#primaryimage","url":"http:\/\/ducttrench.com\/wp-content\/uploads\/2022\/05\/a_JKE0510-1-1024x681.jpg","contentUrl":"http:\/\/ducttrench.com\/wp-content\/uploads\/2022\/05\/a_JKE0510-1-1024x681.jpg"},{"@type":"WebPage","@id":"https:\/\/ducttrench.com\/index.php\/es\/productos-y-opciones\/#webpage","url":"https:\/\/ducttrench.com\/index.php\/es\/productos-y-opciones\/","name":"Productos y opciones - Duct Engineering Ltd.","isPartOf":{"@id":"https:\/\/ducttrench.com\/#website"},"primaryImageOfPage":{"@id":"https:\/\/ducttrench.com\/index.php\/es\/productos-y-opciones\/#primaryimage"},"datePublished":"2022-05-22T12:19:47+00:00","dateModified":"2022-05-23T08:59:59+00:00","description":"Esta soluci\u00f3n de CALEFACCI\u00d3N es por convecci\u00f3n natural y\/o unidades asistidas por ventilador. Descubra las opciones","breadcrumb":{"@id":"https:\/\/ducttrench.com\/index.php\/es\/productos-y-opciones\/#breadcrumb"},"inLanguage":"en-US","potentialAction":[{"@type":"ReadAction","target":["https:\/\/ducttrench.com\/index.php\/es\/productos-y-opciones\/"]}]},{"@type":"BreadcrumbList","@id":"https:\/\/ducttrench.com\/index.php\/es\/productos-y-opciones\/#breadcrumb","itemListElement":[{"@type":"ListItem","position":1,"name":"Home","item":"https:\/\/ducttrench.com\/"},{"@type":"ListItem","position":2,"name":"Productos y opciones"}]}]}},"_links":{"self":[{"href":"https:\/\/ducttrench.com\/index.php\/wp-json\/wp\/v2\/pages\/677","targetHints":{"allow":["GET"]}}],"collection":[{"href":"https:\/\/ducttrench.com\/index.php\/wp-json\/wp\/v2\/pages"}],"about":[{"href":"https:\/\/ducttrench.com\/index.php\/wp-json\/wp\/v2\/types\/page"}],"author":[{"embeddable":true,"href":"https:\/\/ducttrench.com\/index.php\/wp-json\/wp\/v2\/users\/1"}],"replies":[{"embeddable":true,"href":"https:\/\/ducttrench.com\/index.php\/wp-json\/wp\/v2\/comments?post=677"}],"version-history":[{"count":3,"href":"https:\/\/ducttrench.com\/index.php\/wp-json\/wp\/v2\/pages\/677\/revisions"}],"predecessor-version":[{"id":775,"href":"https:\/\/ducttrench.com\/index.php\/wp-json\/wp\/v2\/pages\/677\/revisions\/775"}],"wp:attachment":[{"href":"https:\/\/ducttrench.com\/index.php\/wp-json\/wp\/v2\/media?parent=677"}],"curies":[{"name":"wp","href":"https:\/\/api.w.org\/{rel}","templated":true}]}}