{"id":692,"date":"2022-05-22T13:40:39","date_gmt":"2022-05-22T13:40:39","guid":{"rendered":"https:\/\/ducttrench.com\/?page_id=692"},"modified":"2022-05-23T09:03:37","modified_gmt":"2022-05-23T09:03:37","slug":"opciones","status":"publish","type":"page","link":"https:\/\/ducttrench.com\/index.php\/es\/productos-y-opciones\/opciones\/","title":{"rendered":"Opciones"},"content":{"rendered":"\n<h5 class=\"wp-block-heading\">Nuestro producto de calefacci\u00f3n de zanjas tiene varias opciones. Desc\u00fabralas en las p\u00e1ginas dedicadas a ellas.<\/h5>\n\n\n\n<div class=\"wp-block-columns is-layout-flex wp-container-core-columns-is-layout-9d6595d7 wp-block-columns-is-layout-flex\">\n<div class=\"wp-block-column is-layout-flow wp-block-column-is-layout-flow\">\n<h5 class=\"wp-block-heading\"><a href=\"https:\/\/ducttrench.com\/index.php\/es\/productos-y-opciones\/opciones\/aquafan-espanol\/\">Aquafan <\/a><\/h5>\n\n\n\n<figure class=\"wp-block-image size-full\"><img loading=\"lazy\" decoding=\"async\" width=\"600\" height=\"200\" src=\"http:\/\/ducttrench.com\/wp-content\/uploads\/2022\/05\/aquafan-1.jpg\" alt=\"\" class=\"wp-image-650\" srcset=\"https:\/\/ducttrench.com\/wp-content\/uploads\/2022\/05\/aquafan-1.jpg 600w, https:\/\/ducttrench.com\/wp-content\/uploads\/2022\/05\/aquafan-1-300x100.jpg 300w\" sizes=\"auto, (max-width: 600px) 100vw, 600px\" \/><\/figure>\n<\/div>\n\n\n\n<div class=\"wp-block-column is-layout-flow wp-block-column-is-layout-flow\">\n<h5 class=\"wp-block-heading\"><a href=\"https:\/\/ducttrench.com\/index.php\/es\/productos-y-opciones\/opciones\/electrofan-espanol\/\">Electrofan<\/a> <\/h5>\n\n\n\n<figure class=\"wp-block-image size-full\"><img loading=\"lazy\" decoding=\"async\" width=\"600\" height=\"200\" src=\"http:\/\/ducttrench.com\/wp-content\/uploads\/2022\/05\/electrofan-1.jpg\" alt=\"\" class=\"wp-image-651\" srcset=\"https:\/\/ducttrench.com\/wp-content\/uploads\/2022\/05\/electrofan-1.jpg 600w, https:\/\/ducttrench.com\/wp-content\/uploads\/2022\/05\/electrofan-1-300x100.jpg 300w\" sizes=\"auto, (max-width: 600px) 100vw, 600px\" \/><\/figure>\n<\/div>\n\n\n\n<div class=\"wp-block-column is-layout-flow wp-block-column-is-layout-flow\">\n<h5 class=\"wp-block-heading\"><a href=\"https:\/\/ducttrench.com\/index.php\/es\/productos-y-opciones\/opciones\/electrotrench-espanol\/\">Electrotrench<\/a><\/h5>\n\n\n\n<figure class=\"wp-block-image size-full\"><img loading=\"lazy\" decoding=\"async\" width=\"600\" height=\"200\" src=\"http:\/\/ducttrench.com\/wp-content\/uploads\/2022\/05\/electrotrench-1.jpg\" alt=\"\" class=\"wp-image-652\" srcset=\"https:\/\/ducttrench.com\/wp-content\/uploads\/2022\/05\/electrotrench-1.jpg 600w, https:\/\/ducttrench.com\/wp-content\/uploads\/2022\/05\/electrotrench-1-300x100.jpg 300w\" sizes=\"auto, (max-width: 600px) 100vw, 600px\" \/><\/figure>\n<\/div>\n<\/div>\n\n\n\n<div class=\"wp-block-columns is-layout-flex wp-container-core-columns-is-layout-9d6595d7 wp-block-columns-is-layout-flex\">\n<div class=\"wp-block-column is-layout-flow wp-block-column-is-layout-flow\">\n<h5 class=\"wp-block-heading\"><a href=\"https:\/\/ducttrench.com\/index.php\/es\/productos-y-opciones\/opciones\/rejillas-y-angulos\/\">Rejillas y esquinas<\/a><\/h5>\n\n\n\n<figure class=\"wp-block-image size-full\"><img loading=\"lazy\" decoding=\"async\" width=\"600\" height=\"200\" src=\"http:\/\/ducttrench.com\/wp-content\/uploads\/2022\/05\/grille-1.jpg\" alt=\"\" class=\"wp-image-653\" srcset=\"https:\/\/ducttrench.com\/wp-content\/uploads\/2022\/05\/grille-1.jpg 600w, https:\/\/ducttrench.com\/wp-content\/uploads\/2022\/05\/grille-1-300x100.jpg 300w\" sizes=\"auto, (max-width: 600px) 100vw, 600px\" \/><\/figure>\n<\/div>\n\n\n\n<div class=\"wp-block-column is-layout-flow wp-block-column-is-layout-flow\">\n<h5 class=\"wp-block-heading\"><a href=\"https:\/\/ducttrench.com\/index.php\/es\/productos-y-opciones\/opciones\/valvulas-y-controles\/\">V\u00e1lvulas y control<\/a><\/h5>\n\n\n\n<figure class=\"wp-block-image size-full\"><img loading=\"lazy\" decoding=\"async\" width=\"600\" height=\"200\" src=\"http:\/\/ducttrench.com\/wp-content\/uploads\/2022\/05\/valves-conrols-1.jpg\" alt=\"\" class=\"wp-image-654\" srcset=\"https:\/\/ducttrench.com\/wp-content\/uploads\/2022\/05\/valves-conrols-1.jpg 600w, https:\/\/ducttrench.com\/wp-content\/uploads\/2022\/05\/valves-conrols-1-300x100.jpg 300w\" sizes=\"auto, (max-width: 600px) 100vw, 600px\" \/><\/figure>\n<\/div>\n\n\n\n<div class=\"wp-block-column is-layout-flow wp-block-column-is-layout-flow\">\n<h5 class=\"wp-block-heading\"><a href=\"https:\/\/ducttrench.com\/index.php\/es\/productos-y-opciones\/opciones\/productos-personalizados\/\">Productos personalizados<\/a><\/h5>\n<\/div>\n<\/div>\n","protected":false},"excerpt":{"rendered":"<p>Nuestro producto de calefacci\u00f3n de zanjas tiene varias opciones. Desc\u00fabralas en las p\u00e1ginas dedicadas a ellas. Aquafan Electrofan Electrotrench Rejillas<\/p>\n<p><span class=\"more-link\"><a href=\"https:\/\/ducttrench.com\/index.php\/es\/productos-y-opciones\/opciones\/\" class=\"readmore\">Continue reading<span class=\"screen-reader-text\">Opciones<\/span><\/a><\/span><\/p>\n","protected":false},"author":1,"featured_media":0,"parent":677,"menu_order":2,"comment_status":"closed","ping_status":"closed","template":"","meta":{"om_disable_all_campaigns":false,"_monsterinsights_skip_tracking":false,"_monsterinsights_sitenote_active":false,"_monsterinsights_sitenote_note":"","_monsterinsights_sitenote_category":0,"footnotes":""},"class_list":["post-692","page","type-page","status-publish","hentry"],"yoast_head":"<!-- This site is optimized with the Yoast SEO plugin v18.9 - https:\/\/yoast.com\/wordpress\/plugins\/seo\/ -->\n<title>Opciones - Duct Engineering Ltd.<\/title>\n<meta name=\"description\" content=\"Nuestro producto de calefacci\u00f3n de zanjas tiene varias opciones como rejillas, aquafan... desc\u00fabralas en las p\u00e1ginas dedicadas a ellas.\" \/>\n<meta name=\"robots\" content=\"index, follow, max-snippet:-1, max-image-preview:large, max-video-preview:-1\" \/>\n<link rel=\"canonical\" href=\"https:\/\/ducttrench.com\/index.php\/es\/productos-y-opciones\/opciones\/\" \/>\n<meta property=\"og:locale\" content=\"en_US\" \/>\n<meta property=\"og:type\" content=\"article\" \/>\n<meta property=\"og:title\" content=\"Opciones - Duct Engineering Ltd.\" \/>\n<meta property=\"og:description\" content=\"Nuestro producto de calefacci\u00f3n de zanjas tiene varias opciones como rejillas, aquafan... desc\u00fabralas en las p\u00e1ginas dedicadas a ellas.\" \/>\n<meta property=\"og:url\" content=\"https:\/\/ducttrench.com\/index.php\/es\/productos-y-opciones\/opciones\/\" \/>\n<meta property=\"og:site_name\" content=\"Duct Engineering Ltd.\" \/>\n<meta property=\"article:modified_time\" content=\"2022-05-23T09:03:37+00:00\" \/>\n<meta property=\"og:image\" content=\"http:\/\/ducttrench.com\/wp-content\/uploads\/2022\/05\/aquafan-1.jpg\" \/>\n<meta name=\"twitter:card\" content=\"summary_large_image\" \/>\n<meta name=\"twitter:label1\" content=\"Est. reading time\" \/>\n\t<meta name=\"twitter:data1\" content=\"2 minutes\" \/>\n<script type=\"application\/ld+json\" class=\"yoast-schema-graph\">{\"@context\":\"https:\/\/schema.org\",\"@graph\":[{\"@type\":\"WebSite\",\"@id\":\"https:\/\/ducttrench.com\/#website\",\"url\":\"https:\/\/ducttrench.com\/\",\"name\":\"Duct Engineering Ltd.\",\"description\":\"Trench Heating\",\"potentialAction\":[{\"@type\":\"SearchAction\",\"target\":{\"@type\":\"EntryPoint\",\"urlTemplate\":\"https:\/\/ducttrench.com\/?s={search_term_string}\"},\"query-input\":\"required name=search_term_string\"}],\"inLanguage\":\"en-US\"},{\"@type\":\"ImageObject\",\"inLanguage\":\"en-US\",\"@id\":\"https:\/\/ducttrench.com\/index.php\/es\/productos-y-opciones\/opciones\/#primaryimage\",\"url\":\"https:\/\/ducttrench.com\/wp-content\/uploads\/2022\/05\/aquafan-1.jpg\",\"contentUrl\":\"https:\/\/ducttrench.com\/wp-content\/uploads\/2022\/05\/aquafan-1.jpg\",\"width\":600,\"height\":200},{\"@type\":\"WebPage\",\"@id\":\"https:\/\/ducttrench.com\/index.php\/es\/productos-y-opciones\/opciones\/#webpage\",\"url\":\"https:\/\/ducttrench.com\/index.php\/es\/productos-y-opciones\/opciones\/\",\"name\":\"Opciones - Duct Engineering Ltd.\",\"isPartOf\":{\"@id\":\"https:\/\/ducttrench.com\/#website\"},\"primaryImageOfPage\":{\"@id\":\"https:\/\/ducttrench.com\/index.php\/es\/productos-y-opciones\/opciones\/#primaryimage\"},\"datePublished\":\"2022-05-22T13:40:39+00:00\",\"dateModified\":\"2022-05-23T09:03:37+00:00\",\"description\":\"Nuestro producto de calefacci\u00f3n de zanjas tiene varias opciones como rejillas, aquafan... desc\u00fabralas en las p\u00e1ginas dedicadas a ellas.\",\"breadcrumb\":{\"@id\":\"https:\/\/ducttrench.com\/index.php\/es\/productos-y-opciones\/opciones\/#breadcrumb\"},\"inLanguage\":\"en-US\",\"potentialAction\":[{\"@type\":\"ReadAction\",\"target\":[\"https:\/\/ducttrench.com\/index.php\/es\/productos-y-opciones\/opciones\/\"]}]},{\"@type\":\"BreadcrumbList\",\"@id\":\"https:\/\/ducttrench.com\/index.php\/es\/productos-y-opciones\/opciones\/#breadcrumb\",\"itemListElement\":[{\"@type\":\"ListItem\",\"position\":1,\"name\":\"Home\",\"item\":\"https:\/\/ducttrench.com\/\"},{\"@type\":\"ListItem\",\"position\":2,\"name\":\"Productos y opciones\",\"item\":\"https:\/\/ducttrench.com\/index.php\/es\/productos-y-opciones\/\"},{\"@type\":\"ListItem\",\"position\":3,\"name\":\"Opciones\"}]}]}<\/script>\n<!-- \/ Yoast SEO plugin. -->","yoast_head_json":{"title":"Opciones - Duct Engineering Ltd.","description":"Nuestro producto de calefacci\u00f3n de zanjas tiene varias opciones como rejillas, aquafan... desc\u00fabralas en las p\u00e1ginas dedicadas a ellas.","robots":{"index":"index","follow":"follow","max-snippet":"max-snippet:-1","max-image-preview":"max-image-preview:large","max-video-preview":"max-video-preview:-1"},"canonical":"https:\/\/ducttrench.com\/index.php\/es\/productos-y-opciones\/opciones\/","og_locale":"en_US","og_type":"article","og_title":"Opciones - Duct Engineering Ltd.","og_description":"Nuestro producto de calefacci\u00f3n de zanjas tiene varias opciones como rejillas, aquafan... desc\u00fabralas en las p\u00e1ginas dedicadas a ellas.","og_url":"https:\/\/ducttrench.com\/index.php\/es\/productos-y-opciones\/opciones\/","og_site_name":"Duct Engineering Ltd.","article_modified_time":"2022-05-23T09:03:37+00:00","og_image":[{"url":"http:\/\/ducttrench.com\/wp-content\/uploads\/2022\/05\/aquafan-1.jpg"}],"twitter_card":"summary_large_image","twitter_misc":{"Est. reading time":"2 minutes"},"schema":{"@context":"https:\/\/schema.org","@graph":[{"@type":"WebSite","@id":"https:\/\/ducttrench.com\/#website","url":"https:\/\/ducttrench.com\/","name":"Duct Engineering Ltd.","description":"Trench Heating","potentialAction":[{"@type":"SearchAction","target":{"@type":"EntryPoint","urlTemplate":"https:\/\/ducttrench.com\/?s={search_term_string}"},"query-input":"required name=search_term_string"}],"inLanguage":"en-US"},{"@type":"ImageObject","inLanguage":"en-US","@id":"https:\/\/ducttrench.com\/index.php\/es\/productos-y-opciones\/opciones\/#primaryimage","url":"https:\/\/ducttrench.com\/wp-content\/uploads\/2022\/05\/aquafan-1.jpg","contentUrl":"https:\/\/ducttrench.com\/wp-content\/uploads\/2022\/05\/aquafan-1.jpg","width":600,"height":200},{"@type":"WebPage","@id":"https:\/\/ducttrench.com\/index.php\/es\/productos-y-opciones\/opciones\/#webpage","url":"https:\/\/ducttrench.com\/index.php\/es\/productos-y-opciones\/opciones\/","name":"Opciones - Duct Engineering Ltd.","isPartOf":{"@id":"https:\/\/ducttrench.com\/#website"},"primaryImageOfPage":{"@id":"https:\/\/ducttrench.com\/index.php\/es\/productos-y-opciones\/opciones\/#primaryimage"},"datePublished":"2022-05-22T13:40:39+00:00","dateModified":"2022-05-23T09:03:37+00:00","description":"Nuestro producto de calefacci\u00f3n de zanjas tiene varias opciones como rejillas, aquafan... desc\u00fabralas en las p\u00e1ginas dedicadas a ellas.","breadcrumb":{"@id":"https:\/\/ducttrench.com\/index.php\/es\/productos-y-opciones\/opciones\/#breadcrumb"},"inLanguage":"en-US","potentialAction":[{"@type":"ReadAction","target":["https:\/\/ducttrench.com\/index.php\/es\/productos-y-opciones\/opciones\/"]}]},{"@type":"BreadcrumbList","@id":"https:\/\/ducttrench.com\/index.php\/es\/productos-y-opciones\/opciones\/#breadcrumb","itemListElement":[{"@type":"ListItem","position":1,"name":"Home","item":"https:\/\/ducttrench.com\/"},{"@type":"ListItem","position":2,"name":"Productos y opciones","item":"https:\/\/ducttrench.com\/index.php\/es\/productos-y-opciones\/"},{"@type":"ListItem","position":3,"name":"Opciones"}]}]}},"_links":{"self":[{"href":"https:\/\/ducttrench.com\/index.php\/wp-json\/wp\/v2\/pages\/692","targetHints":{"allow":["GET"]}}],"collection":[{"href":"https:\/\/ducttrench.com\/index.php\/wp-json\/wp\/v2\/pages"}],"about":[{"href":"https:\/\/ducttrench.com\/index.php\/wp-json\/wp\/v2\/types\/page"}],"author":[{"embeddable":true,"href":"https:\/\/ducttrench.com\/index.php\/wp-json\/wp\/v2\/users\/1"}],"replies":[{"embeddable":true,"href":"https:\/\/ducttrench.com\/index.php\/wp-json\/wp\/v2\/comments?post=692"}],"version-history":[{"count":2,"href":"https:\/\/ducttrench.com\/index.php\/wp-json\/wp\/v2\/pages\/692\/revisions"}],"predecessor-version":[{"id":778,"href":"https:\/\/ducttrench.com\/index.php\/wp-json\/wp\/v2\/pages\/692\/revisions\/778"}],"up":[{"embeddable":true,"href":"https:\/\/ducttrench.com\/index.php\/wp-json\/wp\/v2\/pages\/677"}],"wp:attachment":[{"href":"https:\/\/ducttrench.com\/index.php\/wp-json\/wp\/v2\/media?parent=692"}],"curies":[{"name":"wp","href":"https:\/\/api.w.org\/{rel}","templated":true}]}}