{"id":700,"date":"2022-05-22T13:49:38","date_gmt":"2022-05-22T13:49:38","guid":{"rendered":"https:\/\/ducttrench.com\/?page_id=700"},"modified":"2022-05-23T09:06:46","modified_gmt":"2022-05-23T09:06:46","slug":"electrofan-espanol","status":"publish","type":"page","link":"https:\/\/ducttrench.com\/index.php\/es\/productos-y-opciones\/opciones\/electrofan-espanol\/","title":{"rendered":"Electrofan"},"content":{"rendered":"\n<p>Unidades el\u00e9ctricas asistidas por ventilador (ELECTROFAN) que sustituyen el banco de elementos aleteados de LPHW por elementos el\u00e9ctricos para aumentar la producci\u00f3n de calor.<\/p>\n\n\n\n<p>Estas soluciones de calefacci\u00f3n por suelo radiante son especialmente \u00fatiles para combatir las corrientes de aire descendentes y la condensaci\u00f3n en zonas acristaladas como los invernaderos, las puertas plegables y los muros cortina. Debido al alto nivel de producci\u00f3n de calor que se puede conseguir, tambi\u00e9n pueden utilizarse como fuente primaria de calor. La maximizaci\u00f3n resultante del espacio de las paredes tambi\u00e9n permite aumentar la superficie \u00fatil del suelo.<\/p>\n\n\n\n<p>La variada selecci\u00f3n de acabados <a href=\"https:\/\/ducttrench.com\/index.php\/es\/productos-y-opciones\/opciones\/rejillas-y-angulos\/\">RREJILLAS Y \u00c1NGULOS<\/a> permite que nuestras unidades se adapten est\u00e9ticamente a la amplia gama de acabados disponibles en el dise\u00f1o de interiores.<\/p>\n\n\n\n<p>Nuestras unidades son de alta calidad y proporcionan una soluci\u00f3n de calefacci\u00f3n muy eficiente.<\/p>\n\n\n\n<div class=\"wp-block-image\"><figure class=\"aligncenter size-large is-resized\"><img loading=\"lazy\" decoding=\"async\" src=\"http:\/\/ducttrench.com\/wp-content\/uploads\/2022\/05\/Capture-de\u0301cran-2022-05-21-a\u0300-17.39.24-1024x517.png\" alt=\"\" class=\"wp-image-597\" width=\"684\" height=\"345\" srcset=\"https:\/\/ducttrench.com\/wp-content\/uploads\/2022\/05\/Capture-de\u0301cran-2022-05-21-a\u0300-17.39.24-1024x517.png 1024w, https:\/\/ducttrench.com\/wp-content\/uploads\/2022\/05\/Capture-de\u0301cran-2022-05-21-a\u0300-17.39.24-300x151.png 300w, https:\/\/ducttrench.com\/wp-content\/uploads\/2022\/05\/Capture-de\u0301cran-2022-05-21-a\u0300-17.39.24-768x388.png 768w, https:\/\/ducttrench.com\/wp-content\/uploads\/2022\/05\/Capture-de\u0301cran-2022-05-21-a\u0300-17.39.24-1536x775.png 1536w, https:\/\/ducttrench.com\/wp-content\/uploads\/2022\/05\/Capture-de\u0301cran-2022-05-21-a\u0300-17.39.24-2048x1034.png 2048w\" sizes=\"auto, (max-width: 684px) 100vw, 684px\" \/><\/figure><\/div>\n","protected":false},"excerpt":{"rendered":"<p>Unidades el\u00e9ctricas asistidas por ventilador (ELECTROFAN) que sustituyen el banco de elementos aleteados de LPHW por elementos el\u00e9ctricos para aumentar<\/p>\n<p><span class=\"more-link\"><a href=\"https:\/\/ducttrench.com\/index.php\/es\/productos-y-opciones\/opciones\/electrofan-espanol\/\" class=\"readmore\">Continue reading<span class=\"screen-reader-text\">Electrofan<\/span><\/a><\/span><\/p>\n","protected":false},"author":1,"featured_media":0,"parent":692,"menu_order":2,"comment_status":"closed","ping_status":"closed","template":"","meta":{"om_disable_all_campaigns":false,"_monsterinsights_skip_tracking":false,"_monsterinsights_sitenote_active":false,"_monsterinsights_sitenote_note":"","_monsterinsights_sitenote_category":0,"footnotes":""},"class_list":["post-700","page","type-page","status-publish","hentry"],"yoast_head":"<!-- This site is optimized with the Yoast SEO plugin v18.9 - https:\/\/yoast.com\/wordpress\/plugins\/seo\/ -->\n<title>Electrofan - Duct Engineering Ltd.<\/title>\n<meta name=\"description\" content=\"ELECTROFAN que sustituye el banco de elementos aleteados de LPHW por elementos el\u00e9ctricos para aumentar la potencia calor\u00edfica.\" \/>\n<meta name=\"robots\" content=\"index, follow, max-snippet:-1, max-image-preview:large, max-video-preview:-1\" \/>\n<link rel=\"canonical\" href=\"https:\/\/ducttrench.com\/index.php\/es\/productos-y-opciones\/opciones\/electrofan-espanol\/\" \/>\n<meta property=\"og:locale\" content=\"en_US\" \/>\n<meta property=\"og:type\" content=\"article\" \/>\n<meta property=\"og:title\" content=\"Electrofan - Duct Engineering Ltd.\" \/>\n<meta property=\"og:description\" content=\"ELECTROFAN que sustituye el banco de elementos aleteados de LPHW por elementos el\u00e9ctricos para aumentar la potencia calor\u00edfica.\" \/>\n<meta property=\"og:url\" content=\"https:\/\/ducttrench.com\/index.php\/es\/productos-y-opciones\/opciones\/electrofan-espanol\/\" \/>\n<meta property=\"og:site_name\" content=\"Duct Engineering Ltd.\" \/>\n<meta property=\"article:modified_time\" content=\"2022-05-23T09:06:46+00:00\" \/>\n<meta name=\"twitter:card\" content=\"summary_large_image\" \/>\n<meta name=\"twitter:label1\" content=\"Est. reading time\" \/>\n\t<meta name=\"twitter:data1\" content=\"1 minute\" \/>\n<script type=\"application\/ld+json\" class=\"yoast-schema-graph\">{\"@context\":\"https:\/\/schema.org\",\"@graph\":[{\"@type\":\"WebSite\",\"@id\":\"https:\/\/ducttrench.com\/#website\",\"url\":\"https:\/\/ducttrench.com\/\",\"name\":\"Duct Engineering Ltd.\",\"description\":\"Trench Heating\",\"potentialAction\":[{\"@type\":\"SearchAction\",\"target\":{\"@type\":\"EntryPoint\",\"urlTemplate\":\"https:\/\/ducttrench.com\/?s={search_term_string}\"},\"query-input\":\"required name=search_term_string\"}],\"inLanguage\":\"en-US\"},{\"@type\":\"WebPage\",\"@id\":\"https:\/\/ducttrench.com\/index.php\/es\/productos-y-opciones\/opciones\/electrofan-espanol\/#webpage\",\"url\":\"https:\/\/ducttrench.com\/index.php\/es\/productos-y-opciones\/opciones\/electrofan-espanol\/\",\"name\":\"Electrofan - Duct Engineering Ltd.\",\"isPartOf\":{\"@id\":\"https:\/\/ducttrench.com\/#website\"},\"datePublished\":\"2022-05-22T13:49:38+00:00\",\"dateModified\":\"2022-05-23T09:06:46+00:00\",\"description\":\"ELECTROFAN que sustituye el banco de elementos aleteados de LPHW por elementos el\u00e9ctricos para aumentar la potencia calor\u00edfica.\",\"breadcrumb\":{\"@id\":\"https:\/\/ducttrench.com\/index.php\/es\/productos-y-opciones\/opciones\/electrofan-espanol\/#breadcrumb\"},\"inLanguage\":\"en-US\",\"potentialAction\":[{\"@type\":\"ReadAction\",\"target\":[\"https:\/\/ducttrench.com\/index.php\/es\/productos-y-opciones\/opciones\/electrofan-espanol\/\"]}]},{\"@type\":\"BreadcrumbList\",\"@id\":\"https:\/\/ducttrench.com\/index.php\/es\/productos-y-opciones\/opciones\/electrofan-espanol\/#breadcrumb\",\"itemListElement\":[{\"@type\":\"ListItem\",\"position\":1,\"name\":\"Home\",\"item\":\"https:\/\/ducttrench.com\/\"},{\"@type\":\"ListItem\",\"position\":2,\"name\":\"Productos y opciones\",\"item\":\"https:\/\/ducttrench.com\/index.php\/es\/productos-y-opciones\/\"},{\"@type\":\"ListItem\",\"position\":3,\"name\":\"Opciones\",\"item\":\"https:\/\/ducttrench.com\/index.php\/es\/productos-y-opciones\/opciones\/\"},{\"@type\":\"ListItem\",\"position\":4,\"name\":\"Electrofan\"}]}]}<\/script>\n<!-- \/ Yoast SEO plugin. -->","yoast_head_json":{"title":"Electrofan - Duct Engineering Ltd.","description":"ELECTROFAN que sustituye el banco de elementos aleteados de LPHW por elementos el\u00e9ctricos para aumentar la potencia calor\u00edfica.","robots":{"index":"index","follow":"follow","max-snippet":"max-snippet:-1","max-image-preview":"max-image-preview:large","max-video-preview":"max-video-preview:-1"},"canonical":"https:\/\/ducttrench.com\/index.php\/es\/productos-y-opciones\/opciones\/electrofan-espanol\/","og_locale":"en_US","og_type":"article","og_title":"Electrofan - Duct Engineering Ltd.","og_description":"ELECTROFAN que sustituye el banco de elementos aleteados de LPHW por elementos el\u00e9ctricos para aumentar la potencia calor\u00edfica.","og_url":"https:\/\/ducttrench.com\/index.php\/es\/productos-y-opciones\/opciones\/electrofan-espanol\/","og_site_name":"Duct Engineering Ltd.","article_modified_time":"2022-05-23T09:06:46+00:00","twitter_card":"summary_large_image","twitter_misc":{"Est. reading time":"1 minute"},"schema":{"@context":"https:\/\/schema.org","@graph":[{"@type":"WebSite","@id":"https:\/\/ducttrench.com\/#website","url":"https:\/\/ducttrench.com\/","name":"Duct Engineering Ltd.","description":"Trench Heating","potentialAction":[{"@type":"SearchAction","target":{"@type":"EntryPoint","urlTemplate":"https:\/\/ducttrench.com\/?s={search_term_string}"},"query-input":"required name=search_term_string"}],"inLanguage":"en-US"},{"@type":"WebPage","@id":"https:\/\/ducttrench.com\/index.php\/es\/productos-y-opciones\/opciones\/electrofan-espanol\/#webpage","url":"https:\/\/ducttrench.com\/index.php\/es\/productos-y-opciones\/opciones\/electrofan-espanol\/","name":"Electrofan - Duct Engineering Ltd.","isPartOf":{"@id":"https:\/\/ducttrench.com\/#website"},"datePublished":"2022-05-22T13:49:38+00:00","dateModified":"2022-05-23T09:06:46+00:00","description":"ELECTROFAN que sustituye el banco de elementos aleteados de LPHW por elementos el\u00e9ctricos para aumentar la potencia calor\u00edfica.","breadcrumb":{"@id":"https:\/\/ducttrench.com\/index.php\/es\/productos-y-opciones\/opciones\/electrofan-espanol\/#breadcrumb"},"inLanguage":"en-US","potentialAction":[{"@type":"ReadAction","target":["https:\/\/ducttrench.com\/index.php\/es\/productos-y-opciones\/opciones\/electrofan-espanol\/"]}]},{"@type":"BreadcrumbList","@id":"https:\/\/ducttrench.com\/index.php\/es\/productos-y-opciones\/opciones\/electrofan-espanol\/#breadcrumb","itemListElement":[{"@type":"ListItem","position":1,"name":"Home","item":"https:\/\/ducttrench.com\/"},{"@type":"ListItem","position":2,"name":"Productos y opciones","item":"https:\/\/ducttrench.com\/index.php\/es\/productos-y-opciones\/"},{"@type":"ListItem","position":3,"name":"Opciones","item":"https:\/\/ducttrench.com\/index.php\/es\/productos-y-opciones\/opciones\/"},{"@type":"ListItem","position":4,"name":"Electrofan"}]}]}},"_links":{"self":[{"href":"https:\/\/ducttrench.com\/index.php\/wp-json\/wp\/v2\/pages\/700","targetHints":{"allow":["GET"]}}],"collection":[{"href":"https:\/\/ducttrench.com\/index.php\/wp-json\/wp\/v2\/pages"}],"about":[{"href":"https:\/\/ducttrench.com\/index.php\/wp-json\/wp\/v2\/types\/page"}],"author":[{"embeddable":true,"href":"https:\/\/ducttrench.com\/index.php\/wp-json\/wp\/v2\/users\/1"}],"replies":[{"embeddable":true,"href":"https:\/\/ducttrench.com\/index.php\/wp-json\/wp\/v2\/comments?post=700"}],"version-history":[{"count":2,"href":"https:\/\/ducttrench.com\/index.php\/wp-json\/wp\/v2\/pages\/700\/revisions"}],"predecessor-version":[{"id":779,"href":"https:\/\/ducttrench.com\/index.php\/wp-json\/wp\/v2\/pages\/700\/revisions\/779"}],"up":[{"embeddable":true,"href":"https:\/\/ducttrench.com\/index.php\/wp-json\/wp\/v2\/pages\/692"}],"wp:attachment":[{"href":"https:\/\/ducttrench.com\/index.php\/wp-json\/wp\/v2\/media?parent=700"}],"curies":[{"name":"wp","href":"https:\/\/api.w.org\/{rel}","templated":true}]}}