{"id":704,"date":"2022-05-22T14:05:54","date_gmt":"2022-05-22T14:05:54","guid":{"rendered":"https:\/\/ducttrench.com\/?page_id=704"},"modified":"2022-05-23T09:08:27","modified_gmt":"2022-05-23T09:08:27","slug":"rejillas-y-angulos","status":"publish","type":"page","link":"https:\/\/ducttrench.com\/index.php\/es\/productos-y-opciones\/opciones\/rejillas-y-angulos\/","title":{"rendered":"Rejillas y \u00e1ngulos"},"content":{"rendered":"\n<p>Por favor, utilice la facilidad de arriba para ver las alternativas que ofrecemos para la finalizaci\u00f3n de nuestras <a href=\"https:\/\/ducttrench.com\/index.php\/es\/productos-y-opciones\/unidades-de-calentamiento-de-zanjas\/\">UNIDADES DE CALEFACCI\u00d3N.<\/a><\/p>\n\n\n\n<p>Al igual que con todos los aspectos de nuestra fabricaci\u00f3n, nos ocupamos de la fabricaci\u00f3n a medida.<\/p>\n\n\n\n<p>La siguiente es una lista de nuestras rejillas m\u00e1s populares:<\/p>\n\n\n\n<p>REJILLA DE ALUMINIO ANODIZADO SATINADO NATURAL<br>REJILLA DE ALUMINIO ANODIZADO SATINADO BRONCE<br>REJILLA DE MADERA DURA<br>REJILLA DE ACERO INOXIDABLE DE FORMA NUEVA<br>REJILLA DE ACERO INOXIDABLE MACIZO<br>REJILLA DE HIERRO FUNDIDO<br>ACABADO CON RECUBRIMIENTO DE POLVO (<a href=\"https:\/\/ducttrench.com\/index.php\/ral-colours-chart\/\" target=\"_blank\" rel=\"noreferrer noopener\">Consulte nuestra carta de colores RAL<\/a>)<\/p>\n\n\n\n<p>Por favor, h\u00e1ganos saber sus necesidades y haremos todo lo posible para ayudarle.<\/p>\n\n\n\n<p>Por favor, tenga en cuenta que, a menos que detallemos lo contrario, nuestros presupuestos ser\u00e1n para rejilla y \u00e1ngulo de aluminio natural anodizado.<\/p>\n\n\n\n<p>Todas las dem\u00e1s variaciones est\u00e1n disponibles con un coste adicional.<\/p>\n\n\n\n<h5 class=\"wp-block-heading\">REJILAS DE ALUMINIO, ACERO INOXIDABLE Y CUBIERTAS DE POLVO<\/h5>\n\n\n\n<p>Estas rejillas tienen 6 mm de ancho x 22 mm de profundidad con un \u00e1rea libre del 50%.<\/p>\n\n\n\n<h5 class=\"wp-block-heading\">REJILAS DE MADERA DURA<\/h5>\n\n\n\n<p>Estas rejilas tienen 10 mm de ancho x 22 mm de profundidad con un \u00e1rea libre del 50%.<\/p>\n\n\n\n<h5 class=\"wp-block-heading\">REJILAS DE ACERO INOXIDABLE DE NUEVA FORMA<\/h5>\n\n\n\n<p>Estas rejilas tienen 10 mm de ancho x 16 mm de profundidad con un \u00e1rea libre del 50%.<\/p>\n\n\n\n<p>Es posible alterar el espacio de \u00e1rea libre cambiando los tama\u00f1os de los espaciadores entre la parrilla.<\/p>\n\n\n\n<h5 class=\"wp-block-heading\">HIERRO DESECHO<\/h5>\n\n\n\n<p>El ancho de la rejilla es de 270mm (ancho total de la zanja 278mm). Las piezas de rejilla est\u00e1n disponibles en longitudes de 417mm, 373mm y 270mm (cuadradas).<\/p>\n\n\n\n<p>Esta rejilla se asienta &#8220;sin problemas&#8221; en nuestro \u00e1ngulo de retenci\u00f3n de la zanja sentado en una almohadilla de goma de neopreno para mejorar el rendimiento. La rejilla de HIERRO FUNDIDO est\u00e1 acabada con un recubrimiento de polvo negro.<\/p>\n\n\n\n<p>Debido a la mayor resistencia lateral de la rejilla r\u00edgida, ahora la preferimos a la variedad enrollable en la mayor\u00eda de las situaciones. Utilizamos la rejilla r\u00edgida cuando hay mesas o sillas cerca. La rejilla r\u00edgida tambi\u00e9n se recomienda para aplicaciones comerciales m\u00e1s pesadas.<\/p>\n\n\n\n<p>Disponemos de opciones de rejillas CROSS BLADE y LINEAR.<\/p>\n\n\n\n<p>Podemos fabricar rejillas de cualquier TAMA\u00d1O\/ESPECIFICACI\u00d3N. Duct. Engineering tambi\u00e9n suministra rejillas\/rejillas para proyectos dom\u00e9sticos y comerciales no relacionados con la calefacci\u00f3n de zanjas.<\/p>\n\n\n\n<p>Fabricamos rejillas a medida en formatos cuadrados y rectangulares est\u00e1ndar en tama\u00f1os configurados seg\u00fan la abertura del edificio o el tama\u00f1o del conducto. Utilizamos los mismos materiales: ALUMINIO SATINADO NATURAL, ALUMINIO SATINADO BRONCE, MADERA DURA, ACERO INOXIDABLE DE NUEVA FORMA, ACERO INOXIDABLE S\u00d3LIDO y HIERRO FUNDIDO, que utilizamos en nuestras UNIDADES DE CALEFACCI\u00d3N DE ZANJAS.<\/p>\n\n\n\n<p>La alta calidad y la robustez de nuestra gama la hacen adecuada para aplicaciones dom\u00e9sticas, comerciales e industriales.<\/p>\n\n\n\n<div class=\"wp-block-image\"><figure class=\"aligncenter size-full\"><img loading=\"lazy\" decoding=\"async\" width=\"600\" height=\"200\" src=\"http:\/\/ducttrench.com\/wp-content\/uploads\/2022\/05\/grille-1.jpg\" alt=\"\" class=\"wp-image-653\" srcset=\"https:\/\/ducttrench.com\/wp-content\/uploads\/2022\/05\/grille-1.jpg 600w, https:\/\/ducttrench.com\/wp-content\/uploads\/2022\/05\/grille-1-300x100.jpg 300w\" sizes=\"auto, (max-width: 600px) 100vw, 600px\" \/><\/figure><\/div>\n","protected":false},"excerpt":{"rendered":"<p>Por favor, utilice la facilidad de arriba para ver las alternativas que ofrecemos para la finalizaci\u00f3n de nuestras UNIDADES DE<\/p>\n<p><span class=\"more-link\"><a href=\"https:\/\/ducttrench.com\/index.php\/es\/productos-y-opciones\/opciones\/rejillas-y-angulos\/\" class=\"readmore\">Continue reading<span class=\"screen-reader-text\">Rejillas y \u00e1ngulos<\/span><\/a><\/span><\/p>\n","protected":false},"author":1,"featured_media":0,"parent":692,"menu_order":4,"comment_status":"closed","ping_status":"closed","template":"","meta":{"om_disable_all_campaigns":false,"_monsterinsights_skip_tracking":false,"_monsterinsights_sitenote_active":false,"_monsterinsights_sitenote_note":"","_monsterinsights_sitenote_category":0,"footnotes":""},"class_list":["post-704","page","type-page","status-publish","hentry"],"yoast_head":"<!-- This site is optimized with the Yoast SEO plugin v18.9 - https:\/\/yoast.com\/wordpress\/plugins\/seo\/ -->\n<title>Rejillas y \u00e1ngulos - Duct Engineering Ltd.<\/title>\n<meta name=\"description\" content=\"Descubra nuestras rejillas y \u00e1ngulos que permiten la finalizaci\u00f3n de nuestra unidad de calentamiento de zanjas.\" \/>\n<meta name=\"robots\" content=\"index, follow, max-snippet:-1, max-image-preview:large, max-video-preview:-1\" \/>\n<link rel=\"canonical\" href=\"https:\/\/ducttrench.com\/index.php\/es\/productos-y-opciones\/opciones\/rejillas-y-angulos\/\" \/>\n<meta property=\"og:locale\" content=\"en_US\" \/>\n<meta property=\"og:type\" content=\"article\" \/>\n<meta property=\"og:title\" content=\"Rejillas y \u00e1ngulos - Duct Engineering Ltd.\" \/>\n<meta property=\"og:description\" content=\"Descubra nuestras rejillas y \u00e1ngulos que permiten la finalizaci\u00f3n de nuestra unidad de calentamiento de zanjas.\" \/>\n<meta property=\"og:url\" content=\"https:\/\/ducttrench.com\/index.php\/es\/productos-y-opciones\/opciones\/rejillas-y-angulos\/\" \/>\n<meta property=\"og:site_name\" content=\"Duct Engineering Ltd.\" \/>\n<meta property=\"article:modified_time\" content=\"2022-05-23T09:08:27+00:00\" \/>\n<meta property=\"og:image\" content=\"http:\/\/ducttrench.com\/wp-content\/uploads\/2022\/05\/grille-1.jpg\" \/>\n<meta name=\"twitter:card\" content=\"summary_large_image\" \/>\n<meta name=\"twitter:label1\" content=\"Est. reading time\" \/>\n\t<meta name=\"twitter:data1\" content=\"3 minutes\" \/>\n<script type=\"application\/ld+json\" class=\"yoast-schema-graph\">{\"@context\":\"https:\/\/schema.org\",\"@graph\":[{\"@type\":\"WebSite\",\"@id\":\"https:\/\/ducttrench.com\/#website\",\"url\":\"https:\/\/ducttrench.com\/\",\"name\":\"Duct Engineering Ltd.\",\"description\":\"Trench Heating\",\"potentialAction\":[{\"@type\":\"SearchAction\",\"target\":{\"@type\":\"EntryPoint\",\"urlTemplate\":\"https:\/\/ducttrench.com\/?s={search_term_string}\"},\"query-input\":\"required name=search_term_string\"}],\"inLanguage\":\"en-US\"},{\"@type\":\"ImageObject\",\"inLanguage\":\"en-US\",\"@id\":\"https:\/\/ducttrench.com\/index.php\/es\/productos-y-opciones\/opciones\/rejillas-y-angulos\/#primaryimage\",\"url\":\"https:\/\/ducttrench.com\/wp-content\/uploads\/2022\/05\/grille-1.jpg\",\"contentUrl\":\"https:\/\/ducttrench.com\/wp-content\/uploads\/2022\/05\/grille-1.jpg\",\"width\":600,\"height\":200},{\"@type\":\"WebPage\",\"@id\":\"https:\/\/ducttrench.com\/index.php\/es\/productos-y-opciones\/opciones\/rejillas-y-angulos\/#webpage\",\"url\":\"https:\/\/ducttrench.com\/index.php\/es\/productos-y-opciones\/opciones\/rejillas-y-angulos\/\",\"name\":\"Rejillas y \u00e1ngulos - Duct Engineering Ltd.\",\"isPartOf\":{\"@id\":\"https:\/\/ducttrench.com\/#website\"},\"primaryImageOfPage\":{\"@id\":\"https:\/\/ducttrench.com\/index.php\/es\/productos-y-opciones\/opciones\/rejillas-y-angulos\/#primaryimage\"},\"datePublished\":\"2022-05-22T14:05:54+00:00\",\"dateModified\":\"2022-05-23T09:08:27+00:00\",\"description\":\"Descubra nuestras rejillas y \u00e1ngulos que permiten la finalizaci\u00f3n de nuestra unidad de calentamiento de zanjas.\",\"breadcrumb\":{\"@id\":\"https:\/\/ducttrench.com\/index.php\/es\/productos-y-opciones\/opciones\/rejillas-y-angulos\/#breadcrumb\"},\"inLanguage\":\"en-US\",\"potentialAction\":[{\"@type\":\"ReadAction\",\"target\":[\"https:\/\/ducttrench.com\/index.php\/es\/productos-y-opciones\/opciones\/rejillas-y-angulos\/\"]}]},{\"@type\":\"BreadcrumbList\",\"@id\":\"https:\/\/ducttrench.com\/index.php\/es\/productos-y-opciones\/opciones\/rejillas-y-angulos\/#breadcrumb\",\"itemListElement\":[{\"@type\":\"ListItem\",\"position\":1,\"name\":\"Home\",\"item\":\"https:\/\/ducttrench.com\/\"},{\"@type\":\"ListItem\",\"position\":2,\"name\":\"Productos y opciones\",\"item\":\"https:\/\/ducttrench.com\/index.php\/es\/productos-y-opciones\/\"},{\"@type\":\"ListItem\",\"position\":3,\"name\":\"Opciones\",\"item\":\"https:\/\/ducttrench.com\/index.php\/es\/productos-y-opciones\/opciones\/\"},{\"@type\":\"ListItem\",\"position\":4,\"name\":\"Rejillas y \u00e1ngulos\"}]}]}<\/script>\n<!-- \/ Yoast SEO plugin. -->","yoast_head_json":{"title":"Rejillas y \u00e1ngulos - Duct Engineering Ltd.","description":"Descubra nuestras rejillas y \u00e1ngulos que permiten la finalizaci\u00f3n de nuestra unidad de calentamiento de zanjas.","robots":{"index":"index","follow":"follow","max-snippet":"max-snippet:-1","max-image-preview":"max-image-preview:large","max-video-preview":"max-video-preview:-1"},"canonical":"https:\/\/ducttrench.com\/index.php\/es\/productos-y-opciones\/opciones\/rejillas-y-angulos\/","og_locale":"en_US","og_type":"article","og_title":"Rejillas y \u00e1ngulos - Duct Engineering Ltd.","og_description":"Descubra nuestras rejillas y \u00e1ngulos que permiten la finalizaci\u00f3n de nuestra unidad de calentamiento de zanjas.","og_url":"https:\/\/ducttrench.com\/index.php\/es\/productos-y-opciones\/opciones\/rejillas-y-angulos\/","og_site_name":"Duct Engineering Ltd.","article_modified_time":"2022-05-23T09:08:27+00:00","og_image":[{"url":"http:\/\/ducttrench.com\/wp-content\/uploads\/2022\/05\/grille-1.jpg"}],"twitter_card":"summary_large_image","twitter_misc":{"Est. reading time":"3 minutes"},"schema":{"@context":"https:\/\/schema.org","@graph":[{"@type":"WebSite","@id":"https:\/\/ducttrench.com\/#website","url":"https:\/\/ducttrench.com\/","name":"Duct Engineering Ltd.","description":"Trench Heating","potentialAction":[{"@type":"SearchAction","target":{"@type":"EntryPoint","urlTemplate":"https:\/\/ducttrench.com\/?s={search_term_string}"},"query-input":"required name=search_term_string"}],"inLanguage":"en-US"},{"@type":"ImageObject","inLanguage":"en-US","@id":"https:\/\/ducttrench.com\/index.php\/es\/productos-y-opciones\/opciones\/rejillas-y-angulos\/#primaryimage","url":"https:\/\/ducttrench.com\/wp-content\/uploads\/2022\/05\/grille-1.jpg","contentUrl":"https:\/\/ducttrench.com\/wp-content\/uploads\/2022\/05\/grille-1.jpg","width":600,"height":200},{"@type":"WebPage","@id":"https:\/\/ducttrench.com\/index.php\/es\/productos-y-opciones\/opciones\/rejillas-y-angulos\/#webpage","url":"https:\/\/ducttrench.com\/index.php\/es\/productos-y-opciones\/opciones\/rejillas-y-angulos\/","name":"Rejillas y \u00e1ngulos - Duct Engineering Ltd.","isPartOf":{"@id":"https:\/\/ducttrench.com\/#website"},"primaryImageOfPage":{"@id":"https:\/\/ducttrench.com\/index.php\/es\/productos-y-opciones\/opciones\/rejillas-y-angulos\/#primaryimage"},"datePublished":"2022-05-22T14:05:54+00:00","dateModified":"2022-05-23T09:08:27+00:00","description":"Descubra nuestras rejillas y \u00e1ngulos que permiten la finalizaci\u00f3n de nuestra unidad de calentamiento de zanjas.","breadcrumb":{"@id":"https:\/\/ducttrench.com\/index.php\/es\/productos-y-opciones\/opciones\/rejillas-y-angulos\/#breadcrumb"},"inLanguage":"en-US","potentialAction":[{"@type":"ReadAction","target":["https:\/\/ducttrench.com\/index.php\/es\/productos-y-opciones\/opciones\/rejillas-y-angulos\/"]}]},{"@type":"BreadcrumbList","@id":"https:\/\/ducttrench.com\/index.php\/es\/productos-y-opciones\/opciones\/rejillas-y-angulos\/#breadcrumb","itemListElement":[{"@type":"ListItem","position":1,"name":"Home","item":"https:\/\/ducttrench.com\/"},{"@type":"ListItem","position":2,"name":"Productos y opciones","item":"https:\/\/ducttrench.com\/index.php\/es\/productos-y-opciones\/"},{"@type":"ListItem","position":3,"name":"Opciones","item":"https:\/\/ducttrench.com\/index.php\/es\/productos-y-opciones\/opciones\/"},{"@type":"ListItem","position":4,"name":"Rejillas y \u00e1ngulos"}]}]}},"_links":{"self":[{"href":"https:\/\/ducttrench.com\/index.php\/wp-json\/wp\/v2\/pages\/704","targetHints":{"allow":["GET"]}}],"collection":[{"href":"https:\/\/ducttrench.com\/index.php\/wp-json\/wp\/v2\/pages"}],"about":[{"href":"https:\/\/ducttrench.com\/index.php\/wp-json\/wp\/v2\/types\/page"}],"author":[{"embeddable":true,"href":"https:\/\/ducttrench.com\/index.php\/wp-json\/wp\/v2\/users\/1"}],"replies":[{"embeddable":true,"href":"https:\/\/ducttrench.com\/index.php\/wp-json\/wp\/v2\/comments?post=704"}],"version-history":[{"count":2,"href":"https:\/\/ducttrench.com\/index.php\/wp-json\/wp\/v2\/pages\/704\/revisions"}],"predecessor-version":[{"id":781,"href":"https:\/\/ducttrench.com\/index.php\/wp-json\/wp\/v2\/pages\/704\/revisions\/781"}],"up":[{"embeddable":true,"href":"https:\/\/ducttrench.com\/index.php\/wp-json\/wp\/v2\/pages\/692"}],"wp:attachment":[{"href":"https:\/\/ducttrench.com\/index.php\/wp-json\/wp\/v2\/media?parent=704"}],"curies":[{"name":"wp","href":"https:\/\/api.w.org\/{rel}","templated":true}]}}