{"id":719,"date":"2022-05-22T14:27:59","date_gmt":"2022-05-22T14:27:59","guid":{"rendered":"https:\/\/ducttrench.com\/?page_id=719"},"modified":"2022-05-22T14:31:36","modified_gmt":"2022-05-22T14:31:36","slug":"instalacion","status":"publish","type":"page","link":"https:\/\/ducttrench.com\/index.php\/es\/servicios\/instalacion\/","title":{"rendered":"Instalaci\u00f3n"},"content":{"rendered":"\n<h5 class=\"wp-block-heading\">No ofrecemos la instalaci\u00f3n de nuestros productos. Puede seguir estas instrucciones para.<\/h5>\n\n\n\n<h5 class=\"wp-block-heading\">SUELO S\u00d3LIDO<\/h5>\n\n\n\n<ul class=\"wp-block-list\"><li>1. Coloque el calentador de zanja en la abertura del suelo y, si es de m\u00e1s de una pieza, \u00fanalo con los pernos suministrados.<\/li><li><\/li><li>2. Nivele la parte superior de la zanja al nivel del suelo terminado a lo largo del recorrido de la zanja utilizando pies\/esp\u00e1rragos separados ajustables M10, es posible un ajuste de hasta 30 mm..<\/li><li><\/li><li>3. Si el \u00e1ngulo de retenci\u00f3n de la rejilla est\u00e1 empotrado, utilice la rejilla suministrada para encontrar el nivel del piso terminado.<\/li><li><\/li><li>4. Retire la arandela ciega en la base del calefactor y perfore en el hormig\u00f3n a una profundidad que permita la colocaci\u00f3n de una cabeza roja hilti (o una fijaci\u00f3n similar).<\/li><li><\/li><li>5. Coloque el esp\u00e1rrago M8, la arandela y la tuerca. Apriete la tuerca (ajuste los pies si es necesario) para que la zanja quede firmemente asegurada en su posici\u00f3n y al nivel correcto. Aseg\u00farese de que las tuercas de bloqueo de los pies est\u00e1n apretadas. Proteja el calefactor de zanja para que no pueda ser da\u00f1ado por otras personas despu\u00e9s del montaje.<\/li><\/ul>\n\n\n\n<h5 class=\"wp-block-heading\">INSTALACI\u00d3N ENTRE VIGUETAS<\/h5>\n\n\n\n<ul class=\"wp-block-list\"><li>1. Para el montaje entre viguetas, la calefacci\u00f3n de zanja debe pedirse con colgadores de viguetas. Los colgadores de viguetas se fabrican en acero dulce galvanizado de 2 mm con una sobrecolocaci\u00f3n de 50 mm. Los colgadores de viguetas se pueden montar en f\u00e1brica si se conoce la dimensi\u00f3n desde el nivel del suelo acabado hasta la parte superior del soporte del colgador de viguetas.<\/li><li><\/li><li>2. Coloque el calentador de zanja en la abertura del suelo y, si es de m\u00e1s de una pieza, \u00fanalo con los pernos suministrados.<\/li><li><\/li><li>3. Nivele la parte superior de la zanja hasta el nivel del suelo terminado a lo largo del recorrido de la zanja utilizando los soportes colgantes de las vigas.<\/li><li><\/li><li>4. Si el \u00e1ngulo de retenci\u00f3n de la rejilla est\u00e1 empotrado, utilice la rejilla suministrada para encontrar el nivel del piso terminado.<\/li><li><\/li><li>5. Asegure la estufa de zanja en su lugar con fijaciones a trav\u00e9s de los colgadores de vigas. proteja la estufa de zanja de los da\u00f1os causados por otras personas despu\u00e9s del montaje.<\/li><\/ul>\n\n\n\n<h5 class=\"wp-block-heading\">CONEXI\u00d3N DE TUBER\u00cdAS<\/h5>\n\n\n\n<ul class=\"wp-block-list\"><li>1. Suelde los tubos entre s\u00ed utilizando los acoplamientos suministrados. El purgador de aire debe instalarse en la salida de la tuber\u00eda de retorno, a no ser que venga instalado de f\u00e1brica.<\/li><li><\/li><li>2. Proteja el elemento con aletas para que no sea da\u00f1ado por otras personas antes de montar la rejilla.<\/li><li><\/li><li>3. Coloque la rejilla en la zanja (cuando haya varias zanjas, la rejilla estar\u00e1 marcada con el n\u00famero de referencia de la zanja a la que corresponde).<\/li><li><\/li><li>4. La rejilla r\u00edgida debe manipularse con cuidado. Rec\u00f3jala y mu\u00e9vala utilizando dos personas.<\/li><\/ul>\n","protected":false},"excerpt":{"rendered":"<p>No ofrecemos la instalaci\u00f3n de nuestros productos. Puede seguir estas instrucciones para. SUELO S\u00d3LIDO 1. Coloque el calentador de zanja<\/p>\n<p><span class=\"more-link\"><a href=\"https:\/\/ducttrench.com\/index.php\/es\/servicios\/instalacion\/\" class=\"readmore\">Continue reading<span class=\"screen-reader-text\">Instalaci\u00f3n<\/span><\/a><\/span><\/p>\n","protected":false},"author":1,"featured_media":0,"parent":713,"menu_order":2,"comment_status":"closed","ping_status":"closed","template":"","meta":{"om_disable_all_campaigns":false,"_monsterinsights_skip_tracking":false,"_monsterinsights_sitenote_active":false,"_monsterinsights_sitenote_note":"","_monsterinsights_sitenote_category":0,"footnotes":""},"class_list":["post-719","page","type-page","status-publish","hentry"],"yoast_head":"<!-- This site is optimized with the Yoast SEO plugin v18.9 - https:\/\/yoast.com\/wordpress\/plugins\/seo\/ -->\n<title>Instalaci\u00f3n - Duct Engineering Ltd.<\/title>\n<meta name=\"description\" content=\"No ofrecemos la instalaci\u00f3n de nuestros productos. Puede seguir nuestras instrucciones en varios pasos para realizar la instalaci\u00f3n.\" \/>\n<meta name=\"robots\" content=\"index, follow, max-snippet:-1, max-image-preview:large, max-video-preview:-1\" \/>\n<link rel=\"canonical\" href=\"https:\/\/ducttrench.com\/index.php\/es\/servicios\/instalacion\/\" \/>\n<meta property=\"og:locale\" content=\"en_US\" \/>\n<meta property=\"og:type\" content=\"article\" \/>\n<meta property=\"og:title\" content=\"Instalaci\u00f3n - Duct Engineering Ltd.\" \/>\n<meta property=\"og:description\" content=\"No ofrecemos la instalaci\u00f3n de nuestros productos. Puede seguir nuestras instrucciones en varios pasos para realizar la instalaci\u00f3n.\" \/>\n<meta property=\"og:url\" content=\"https:\/\/ducttrench.com\/index.php\/es\/servicios\/instalacion\/\" \/>\n<meta property=\"og:site_name\" content=\"Duct Engineering Ltd.\" \/>\n<meta property=\"article:modified_time\" content=\"2022-05-22T14:31:36+00:00\" \/>\n<meta name=\"twitter:card\" content=\"summary_large_image\" \/>\n<meta name=\"twitter:label1\" content=\"Est. reading time\" \/>\n\t<meta name=\"twitter:data1\" content=\"3 minutes\" \/>\n<script type=\"application\/ld+json\" class=\"yoast-schema-graph\">{\"@context\":\"https:\/\/schema.org\",\"@graph\":[{\"@type\":\"WebSite\",\"@id\":\"https:\/\/ducttrench.com\/#website\",\"url\":\"https:\/\/ducttrench.com\/\",\"name\":\"Duct Engineering Ltd.\",\"description\":\"Trench Heating\",\"potentialAction\":[{\"@type\":\"SearchAction\",\"target\":{\"@type\":\"EntryPoint\",\"urlTemplate\":\"https:\/\/ducttrench.com\/?s={search_term_string}\"},\"query-input\":\"required name=search_term_string\"}],\"inLanguage\":\"en-US\"},{\"@type\":\"WebPage\",\"@id\":\"https:\/\/ducttrench.com\/index.php\/es\/servicios\/instalacion\/#webpage\",\"url\":\"https:\/\/ducttrench.com\/index.php\/es\/servicios\/instalacion\/\",\"name\":\"Instalaci\u00f3n - Duct Engineering Ltd.\",\"isPartOf\":{\"@id\":\"https:\/\/ducttrench.com\/#website\"},\"datePublished\":\"2022-05-22T14:27:59+00:00\",\"dateModified\":\"2022-05-22T14:31:36+00:00\",\"description\":\"No ofrecemos la instalaci\u00f3n de nuestros productos. Puede seguir nuestras instrucciones en varios pasos para realizar la instalaci\u00f3n.\",\"breadcrumb\":{\"@id\":\"https:\/\/ducttrench.com\/index.php\/es\/servicios\/instalacion\/#breadcrumb\"},\"inLanguage\":\"en-US\",\"potentialAction\":[{\"@type\":\"ReadAction\",\"target\":[\"https:\/\/ducttrench.com\/index.php\/es\/servicios\/instalacion\/\"]}]},{\"@type\":\"BreadcrumbList\",\"@id\":\"https:\/\/ducttrench.com\/index.php\/es\/servicios\/instalacion\/#breadcrumb\",\"itemListElement\":[{\"@type\":\"ListItem\",\"position\":1,\"name\":\"Home\",\"item\":\"https:\/\/ducttrench.com\/\"},{\"@type\":\"ListItem\",\"position\":2,\"name\":\"Servicios\",\"item\":\"https:\/\/ducttrench.com\/index.php\/es\/servicios\/\"},{\"@type\":\"ListItem\",\"position\":3,\"name\":\"Instalaci\u00f3n\"}]}]}<\/script>\n<!-- \/ Yoast SEO plugin. -->","yoast_head_json":{"title":"Instalaci\u00f3n - Duct Engineering Ltd.","description":"No ofrecemos la instalaci\u00f3n de nuestros productos. Puede seguir nuestras instrucciones en varios pasos para realizar la instalaci\u00f3n.","robots":{"index":"index","follow":"follow","max-snippet":"max-snippet:-1","max-image-preview":"max-image-preview:large","max-video-preview":"max-video-preview:-1"},"canonical":"https:\/\/ducttrench.com\/index.php\/es\/servicios\/instalacion\/","og_locale":"en_US","og_type":"article","og_title":"Instalaci\u00f3n - Duct Engineering Ltd.","og_description":"No ofrecemos la instalaci\u00f3n de nuestros productos. Puede seguir nuestras instrucciones en varios pasos para realizar la instalaci\u00f3n.","og_url":"https:\/\/ducttrench.com\/index.php\/es\/servicios\/instalacion\/","og_site_name":"Duct Engineering Ltd.","article_modified_time":"2022-05-22T14:31:36+00:00","twitter_card":"summary_large_image","twitter_misc":{"Est. reading time":"3 minutes"},"schema":{"@context":"https:\/\/schema.org","@graph":[{"@type":"WebSite","@id":"https:\/\/ducttrench.com\/#website","url":"https:\/\/ducttrench.com\/","name":"Duct Engineering Ltd.","description":"Trench Heating","potentialAction":[{"@type":"SearchAction","target":{"@type":"EntryPoint","urlTemplate":"https:\/\/ducttrench.com\/?s={search_term_string}"},"query-input":"required name=search_term_string"}],"inLanguage":"en-US"},{"@type":"WebPage","@id":"https:\/\/ducttrench.com\/index.php\/es\/servicios\/instalacion\/#webpage","url":"https:\/\/ducttrench.com\/index.php\/es\/servicios\/instalacion\/","name":"Instalaci\u00f3n - Duct Engineering Ltd.","isPartOf":{"@id":"https:\/\/ducttrench.com\/#website"},"datePublished":"2022-05-22T14:27:59+00:00","dateModified":"2022-05-22T14:31:36+00:00","description":"No ofrecemos la instalaci\u00f3n de nuestros productos. Puede seguir nuestras instrucciones en varios pasos para realizar la instalaci\u00f3n.","breadcrumb":{"@id":"https:\/\/ducttrench.com\/index.php\/es\/servicios\/instalacion\/#breadcrumb"},"inLanguage":"en-US","potentialAction":[{"@type":"ReadAction","target":["https:\/\/ducttrench.com\/index.php\/es\/servicios\/instalacion\/"]}]},{"@type":"BreadcrumbList","@id":"https:\/\/ducttrench.com\/index.php\/es\/servicios\/instalacion\/#breadcrumb","itemListElement":[{"@type":"ListItem","position":1,"name":"Home","item":"https:\/\/ducttrench.com\/"},{"@type":"ListItem","position":2,"name":"Servicios","item":"https:\/\/ducttrench.com\/index.php\/es\/servicios\/"},{"@type":"ListItem","position":3,"name":"Instalaci\u00f3n"}]}]}},"_links":{"self":[{"href":"https:\/\/ducttrench.com\/index.php\/wp-json\/wp\/v2\/pages\/719","targetHints":{"allow":["GET"]}}],"collection":[{"href":"https:\/\/ducttrench.com\/index.php\/wp-json\/wp\/v2\/pages"}],"about":[{"href":"https:\/\/ducttrench.com\/index.php\/wp-json\/wp\/v2\/types\/page"}],"author":[{"embeddable":true,"href":"https:\/\/ducttrench.com\/index.php\/wp-json\/wp\/v2\/users\/1"}],"replies":[{"embeddable":true,"href":"https:\/\/ducttrench.com\/index.php\/wp-json\/wp\/v2\/comments?post=719"}],"version-history":[{"count":1,"href":"https:\/\/ducttrench.com\/index.php\/wp-json\/wp\/v2\/pages\/719\/revisions"}],"predecessor-version":[{"id":721,"href":"https:\/\/ducttrench.com\/index.php\/wp-json\/wp\/v2\/pages\/719\/revisions\/721"}],"up":[{"embeddable":true,"href":"https:\/\/ducttrench.com\/index.php\/wp-json\/wp\/v2\/pages\/713"}],"wp:attachment":[{"href":"https:\/\/ducttrench.com\/index.php\/wp-json\/wp\/v2\/media?parent=719"}],"curies":[{"name":"wp","href":"https:\/\/api.w.org\/{rel}","templated":true}]}}