{"id":722,"date":"2022-05-22T14:30:29","date_gmt":"2022-05-22T14:30:29","guid":{"rendered":"https:\/\/ducttrench.com\/?page_id=722"},"modified":"2022-05-22T14:31:50","modified_gmt":"2022-05-22T14:31:50","slug":"mantenimiento","status":"publish","type":"page","link":"https:\/\/ducttrench.com\/index.php\/es\/servicios\/mantenimiento\/","title":{"rendered":"Mantenimiento"},"content":{"rendered":"\n<h5 class=\"wp-block-heading\">Instrucciones de mantenimiento de los GRUPOS DE CALEFACCI\u00d3N TRENCH :<\/h5>\n\n\n\n<p>La rejilla puede limpiarse con un pa\u00f1o h\u00famedo.<\/p>\n\n\n\n<p>Retire la rejilla con el gancho suministrado y aspire la zanja para eliminar los residuos que se hayan acumulado en el elemento con aletas y en el fondo de la unidad de calefacci\u00f3n de la zanja.<\/p>\n\n\n\n<p>La regularidad de la aspiraci\u00f3n depende del entorno.<\/p>\n","protected":false},"excerpt":{"rendered":"<p>Instrucciones de mantenimiento de los GRUPOS DE CALEFACCI\u00d3N TRENCH : La rejilla puede limpiarse con un pa\u00f1o h\u00famedo. Retire la<\/p>\n<p><span class=\"more-link\"><a href=\"https:\/\/ducttrench.com\/index.php\/es\/servicios\/mantenimiento\/\" class=\"readmore\">Continue reading<span class=\"screen-reader-text\">Mantenimiento<\/span><\/a><\/span><\/p>\n","protected":false},"author":1,"featured_media":0,"parent":713,"menu_order":3,"comment_status":"closed","ping_status":"closed","template":"","meta":{"om_disable_all_campaigns":false,"_monsterinsights_skip_tracking":false,"_monsterinsights_sitenote_active":false,"_monsterinsights_sitenote_note":"","_monsterinsights_sitenote_category":0,"footnotes":""},"class_list":["post-722","page","type-page","status-publish","hentry"],"yoast_head":"<!-- This site is optimized with the Yoast SEO plugin v18.9 - https:\/\/yoast.com\/wordpress\/plugins\/seo\/ -->\n<title>Mantenimiento - Duct Engineering Ltd.<\/title>\n<meta name=\"description\" content=\"Siga estos pasos para el mantenimiento de nuestra unidad de calentador de zanja.\" \/>\n<meta name=\"robots\" content=\"index, follow, max-snippet:-1, max-image-preview:large, max-video-preview:-1\" \/>\n<link rel=\"canonical\" href=\"https:\/\/ducttrench.com\/index.php\/es\/servicios\/mantenimiento\/\" \/>\n<meta property=\"og:locale\" content=\"en_US\" \/>\n<meta property=\"og:type\" content=\"article\" \/>\n<meta property=\"og:title\" content=\"Mantenimiento - Duct Engineering Ltd.\" \/>\n<meta property=\"og:description\" content=\"Siga estos pasos para el mantenimiento de nuestra unidad de calentador de zanja.\" \/>\n<meta property=\"og:url\" content=\"https:\/\/ducttrench.com\/index.php\/es\/servicios\/mantenimiento\/\" \/>\n<meta property=\"og:site_name\" content=\"Duct Engineering Ltd.\" \/>\n<meta property=\"article:modified_time\" content=\"2022-05-22T14:31:50+00:00\" \/>\n<meta name=\"twitter:card\" content=\"summary_large_image\" \/>\n<meta name=\"twitter:label1\" content=\"Est. reading time\" \/>\n\t<meta name=\"twitter:data1\" content=\"1 minute\" \/>\n<script type=\"application\/ld+json\" class=\"yoast-schema-graph\">{\"@context\":\"https:\/\/schema.org\",\"@graph\":[{\"@type\":\"WebSite\",\"@id\":\"https:\/\/ducttrench.com\/#website\",\"url\":\"https:\/\/ducttrench.com\/\",\"name\":\"Duct Engineering Ltd.\",\"description\":\"Trench Heating\",\"potentialAction\":[{\"@type\":\"SearchAction\",\"target\":{\"@type\":\"EntryPoint\",\"urlTemplate\":\"https:\/\/ducttrench.com\/?s={search_term_string}\"},\"query-input\":\"required name=search_term_string\"}],\"inLanguage\":\"en-US\"},{\"@type\":\"WebPage\",\"@id\":\"https:\/\/ducttrench.com\/index.php\/es\/servicios\/mantenimiento\/#webpage\",\"url\":\"https:\/\/ducttrench.com\/index.php\/es\/servicios\/mantenimiento\/\",\"name\":\"Mantenimiento - Duct Engineering Ltd.\",\"isPartOf\":{\"@id\":\"https:\/\/ducttrench.com\/#website\"},\"datePublished\":\"2022-05-22T14:30:29+00:00\",\"dateModified\":\"2022-05-22T14:31:50+00:00\",\"description\":\"Siga estos pasos para el mantenimiento de nuestra unidad de calentador de zanja.\",\"breadcrumb\":{\"@id\":\"https:\/\/ducttrench.com\/index.php\/es\/servicios\/mantenimiento\/#breadcrumb\"},\"inLanguage\":\"en-US\",\"potentialAction\":[{\"@type\":\"ReadAction\",\"target\":[\"https:\/\/ducttrench.com\/index.php\/es\/servicios\/mantenimiento\/\"]}]},{\"@type\":\"BreadcrumbList\",\"@id\":\"https:\/\/ducttrench.com\/index.php\/es\/servicios\/mantenimiento\/#breadcrumb\",\"itemListElement\":[{\"@type\":\"ListItem\",\"position\":1,\"name\":\"Home\",\"item\":\"https:\/\/ducttrench.com\/\"},{\"@type\":\"ListItem\",\"position\":2,\"name\":\"Servicios\",\"item\":\"https:\/\/ducttrench.com\/index.php\/es\/servicios\/\"},{\"@type\":\"ListItem\",\"position\":3,\"name\":\"Mantenimiento\"}]}]}<\/script>\n<!-- \/ Yoast SEO plugin. -->","yoast_head_json":{"title":"Mantenimiento - Duct Engineering Ltd.","description":"Siga estos pasos para el mantenimiento de nuestra unidad de calentador de zanja.","robots":{"index":"index","follow":"follow","max-snippet":"max-snippet:-1","max-image-preview":"max-image-preview:large","max-video-preview":"max-video-preview:-1"},"canonical":"https:\/\/ducttrench.com\/index.php\/es\/servicios\/mantenimiento\/","og_locale":"en_US","og_type":"article","og_title":"Mantenimiento - Duct Engineering Ltd.","og_description":"Siga estos pasos para el mantenimiento de nuestra unidad de calentador de zanja.","og_url":"https:\/\/ducttrench.com\/index.php\/es\/servicios\/mantenimiento\/","og_site_name":"Duct Engineering Ltd.","article_modified_time":"2022-05-22T14:31:50+00:00","twitter_card":"summary_large_image","twitter_misc":{"Est. reading time":"1 minute"},"schema":{"@context":"https:\/\/schema.org","@graph":[{"@type":"WebSite","@id":"https:\/\/ducttrench.com\/#website","url":"https:\/\/ducttrench.com\/","name":"Duct Engineering Ltd.","description":"Trench Heating","potentialAction":[{"@type":"SearchAction","target":{"@type":"EntryPoint","urlTemplate":"https:\/\/ducttrench.com\/?s={search_term_string}"},"query-input":"required name=search_term_string"}],"inLanguage":"en-US"},{"@type":"WebPage","@id":"https:\/\/ducttrench.com\/index.php\/es\/servicios\/mantenimiento\/#webpage","url":"https:\/\/ducttrench.com\/index.php\/es\/servicios\/mantenimiento\/","name":"Mantenimiento - Duct Engineering Ltd.","isPartOf":{"@id":"https:\/\/ducttrench.com\/#website"},"datePublished":"2022-05-22T14:30:29+00:00","dateModified":"2022-05-22T14:31:50+00:00","description":"Siga estos pasos para el mantenimiento de nuestra unidad de calentador de zanja.","breadcrumb":{"@id":"https:\/\/ducttrench.com\/index.php\/es\/servicios\/mantenimiento\/#breadcrumb"},"inLanguage":"en-US","potentialAction":[{"@type":"ReadAction","target":["https:\/\/ducttrench.com\/index.php\/es\/servicios\/mantenimiento\/"]}]},{"@type":"BreadcrumbList","@id":"https:\/\/ducttrench.com\/index.php\/es\/servicios\/mantenimiento\/#breadcrumb","itemListElement":[{"@type":"ListItem","position":1,"name":"Home","item":"https:\/\/ducttrench.com\/"},{"@type":"ListItem","position":2,"name":"Servicios","item":"https:\/\/ducttrench.com\/index.php\/es\/servicios\/"},{"@type":"ListItem","position":3,"name":"Mantenimiento"}]}]}},"_links":{"self":[{"href":"https:\/\/ducttrench.com\/index.php\/wp-json\/wp\/v2\/pages\/722","targetHints":{"allow":["GET"]}}],"collection":[{"href":"https:\/\/ducttrench.com\/index.php\/wp-json\/wp\/v2\/pages"}],"about":[{"href":"https:\/\/ducttrench.com\/index.php\/wp-json\/wp\/v2\/types\/page"}],"author":[{"embeddable":true,"href":"https:\/\/ducttrench.com\/index.php\/wp-json\/wp\/v2\/users\/1"}],"replies":[{"embeddable":true,"href":"https:\/\/ducttrench.com\/index.php\/wp-json\/wp\/v2\/comments?post=722"}],"version-history":[{"count":1,"href":"https:\/\/ducttrench.com\/index.php\/wp-json\/wp\/v2\/pages\/722\/revisions"}],"predecessor-version":[{"id":723,"href":"https:\/\/ducttrench.com\/index.php\/wp-json\/wp\/v2\/pages\/722\/revisions\/723"}],"up":[{"embeddable":true,"href":"https:\/\/ducttrench.com\/index.php\/wp-json\/wp\/v2\/pages\/713"}],"wp:attachment":[{"href":"https:\/\/ducttrench.com\/index.php\/wp-json\/wp\/v2\/media?parent=722"}],"curies":[{"name":"wp","href":"https:\/\/api.w.org\/{rel}","templated":true}]}}