{"id":732,"date":"2022-05-22T14:51:15","date_gmt":"2022-05-22T14:51:15","guid":{"rendered":"https:\/\/ducttrench.com\/?page_id=732"},"modified":"2022-05-23T13:08:11","modified_gmt":"2022-05-23T13:08:11","slug":"grilles-et-angles","status":"publish","type":"page","link":"https:\/\/ducttrench.com\/index.php\/fr\/trench-heating-produit-et-options\/options-2\/grilles-et-angles\/","title":{"rendered":"Grilles &#038; angles"},"content":{"rendered":"\n<p>Veuillez utiliser la fonction ci-dessus pour visualiser les alternatives que nous proposons pour la finalisation de nos <a href=\"https:\/\/ducttrench.com\/index.php\/fr\/chauffages-tranchee\/\">chauffages en caniveau<\/a>.<\/p>\n\n\n\n<p>Comme pour tous les aspects de notre fabrication, nous nous occupons de la fabrication <a href=\"https:\/\/ducttrench.com\/index.php\/fr\/trench-heating-produit-et-options\/options-2\/sur-mesure\/\">sur mesure<\/a>.<\/p>\n\n\n\n<p>Vous trouverez ci-dessous une liste de nos grilles les plus populaires :<\/p>\n\n\n\n<p><strong>GRILLE EN ALUMINIUM ANODIS\u00c9 SATIN\u00c9 NATUREL<br>GRILLE EN ALUMINIUM ANODIS\u00c9 SATIN\u00c9 BRONZE<br>GRILLE EN BOIS DUR<br>GRILLE EN ACIER INOXYDABLE NOUVELLE FORME<br>GRILLE EN ACIER INOXYDABLE MASSIF<br>GRILLE EN FONTE<br>FINITION ENDUITE EN POUDRE (<a href=\"https:\/\/ducttrench.com\/index.php\/fr\/coloris\/\">voir l&#8217;int\u00e9gralit\u00e9 de nos coloris RAL<\/a>).<\/strong><\/p>\n\n\n\n<p>Faites-nous part de vos besoins et nous ferons tout notre possible pour vous aider.<\/p>\n\n\n\n<p>Veuillez noter que, sauf indication contraire, nos devis s&#8217;entendent pour une GRILLE et un ANGLE en ALUMINIUM ANODIS\u00c9 SATIN\u00c9 NATUREL.<\/p>\n\n\n\n<p>Toutes les autres variations sont disponibles \u00e0 un co\u00fbt SUPPL\u00c9MENTAIRE.<\/p>\n\n\n\n<p><strong>Grilles en ALUMINIUM, en ACIER INOXYDABLE et enduites de POUDRE<br><\/strong>Ces grilles ont une largeur de 6 mm et une profondeur de 22 mm, avec une surface libre de 50%.<\/p>\n\n\n\n<p><strong>Grilles en BOIS DUR<br><\/strong>Ces grilles ont une largeur de 10 mm et une profondeur de 22 mm, avec une surface libre de 50 %.<\/p>\n\n\n\n<p><strong>Grilles NEW FORM en ACIER INOXYDABLE<br><\/strong>Ces grilles ont une largeur de 10 mm et une profondeur de 16 mm, avec une surface libre de 50%.<\/p>\n\n\n\n<p>Il est possible de modifier l&#8217;espace libre en changeant la taille des entretoises entre les grilles.<\/p>\n\n\n\n<p><strong>FER FORG\u00c9<br><\/strong>Les grilles ont une largeur de 270 mm (largeur totale de la tranch\u00e9e 278 mm). Les pi\u00e8ces de la grille sont disponibles en longueurs de 417 mm, 373 mm et 270 mm (carr\u00e9).<\/p>\n\n\n\n<p>Cette grille s&#8217;int\u00e8gre parfaitement dans notre angle de retenue de la tranch\u00e9e, reposant sur un coussin en caoutchouc n\u00e9opr\u00e8ne pour am\u00e9liorer les performances. La grille en fer forg\u00e9 est recouverte d&#8217;une peinture en poudre noire.<\/p>\n\n\n\n<p>En raison de la bien meilleure r\u00e9sistance lat\u00e9rale des grilles rigides, nous les pr\u00e9f\u00e9rons d\u00e9sormais aux grilles enroulables dans la plupart des situations. Nous utilisons les grilles rigides lorsque des tables ou des chaises se trouvent \u00e0 proximit\u00e9. La grille rigide est \u00e9galement recommand\u00e9e pour les applications commerciales plus lourdes.<\/p>\n\n\n\n<figure class=\"wp-block-image size-large\"><img loading=\"lazy\" decoding=\"async\" width=\"1024\" height=\"341\" src=\"https:\/\/ducttrench.com\/wp-content\/uploads\/2022\/05\/Capture-de\u0301cran-2022-05-22-a\u0300-16.50.14-1024x341.png\" alt=\"\" class=\"wp-image-736\" srcset=\"https:\/\/ducttrench.com\/wp-content\/uploads\/2022\/05\/Capture-de\u0301cran-2022-05-22-a\u0300-16.50.14-1024x341.png 1024w, https:\/\/ducttrench.com\/wp-content\/uploads\/2022\/05\/Capture-de\u0301cran-2022-05-22-a\u0300-16.50.14-300x100.png 300w, https:\/\/ducttrench.com\/wp-content\/uploads\/2022\/05\/Capture-de\u0301cran-2022-05-22-a\u0300-16.50.14-768x256.png 768w, https:\/\/ducttrench.com\/wp-content\/uploads\/2022\/05\/Capture-de\u0301cran-2022-05-22-a\u0300-16.50.14-1536x511.png 1536w, https:\/\/ducttrench.com\/wp-content\/uploads\/2022\/05\/Capture-de\u0301cran-2022-05-22-a\u0300-16.50.14-2048x682.png 2048w\" sizes=\"auto, (max-width: 1024px) 100vw, 1024px\" \/><\/figure>\n","protected":false},"excerpt":{"rendered":"<p>Veuillez utiliser la fonction ci-dessus pour visualiser les alternatives que nous proposons pour la finalisation de nos chauffages en caniveau.<\/p>\n<p><span class=\"more-link\"><a href=\"https:\/\/ducttrench.com\/index.php\/fr\/trench-heating-produit-et-options\/options-2\/grilles-et-angles\/\" class=\"readmore\">Continue reading<span class=\"screen-reader-text\">Grilles &#038; angles<\/span><\/a><\/span><\/p>\n","protected":false},"author":1,"featured_media":0,"parent":649,"menu_order":4,"comment_status":"closed","ping_status":"closed","template":"","meta":{"om_disable_all_campaigns":false,"_monsterinsights_skip_tracking":false,"_monsterinsights_sitenote_active":false,"_monsterinsights_sitenote_note":"","_monsterinsights_sitenote_category":0,"footnotes":""},"class_list":["post-732","page","type-page","status-publish","hentry"],"yoast_head":"<!-- This site is optimized with the Yoast SEO plugin v18.9 - https:\/\/yoast.com\/wordpress\/plugins\/seo\/ -->\n<title>Grilles &amp; angles - Duct Engineering Ltd.<\/title>\n<meta name=\"description\" content=\"D\u00e9couvrez nos grilles et angles pour vos chauffages en tranch\u00e9e. Plusieurs mat\u00e9riaux et couleurs sont disponibles.\" \/>\n<meta name=\"robots\" content=\"index, follow, max-snippet:-1, max-image-preview:large, max-video-preview:-1\" \/>\n<link rel=\"canonical\" href=\"https:\/\/ducttrench.com\/index.php\/fr\/trench-heating-produit-et-options\/options-2\/grilles-et-angles\/\" \/>\n<meta property=\"og:locale\" content=\"en_US\" \/>\n<meta property=\"og:type\" content=\"article\" \/>\n<meta property=\"og:title\" content=\"Grilles &amp; angles - Duct Engineering Ltd.\" \/>\n<meta property=\"og:description\" content=\"D\u00e9couvrez nos grilles et angles pour vos chauffages en tranch\u00e9e. Plusieurs mat\u00e9riaux et couleurs sont disponibles.\" \/>\n<meta property=\"og:url\" content=\"https:\/\/ducttrench.com\/index.php\/fr\/trench-heating-produit-et-options\/options-2\/grilles-et-angles\/\" \/>\n<meta property=\"og:site_name\" content=\"Duct Engineering Ltd.\" \/>\n<meta property=\"article:modified_time\" content=\"2022-05-23T13:08:11+00:00\" \/>\n<meta name=\"twitter:card\" content=\"summary_large_image\" \/>\n<meta name=\"twitter:label1\" content=\"Est. reading time\" \/>\n\t<meta name=\"twitter:data1\" content=\"2 minutes\" \/>\n<script type=\"application\/ld+json\" class=\"yoast-schema-graph\">{\"@context\":\"https:\/\/schema.org\",\"@graph\":[{\"@type\":\"WebSite\",\"@id\":\"https:\/\/ducttrench.com\/#website\",\"url\":\"https:\/\/ducttrench.com\/\",\"name\":\"Duct Engineering Ltd.\",\"description\":\"Trench Heating\",\"potentialAction\":[{\"@type\":\"SearchAction\",\"target\":{\"@type\":\"EntryPoint\",\"urlTemplate\":\"https:\/\/ducttrench.com\/?s={search_term_string}\"},\"query-input\":\"required name=search_term_string\"}],\"inLanguage\":\"en-US\"},{\"@type\":\"WebPage\",\"@id\":\"https:\/\/ducttrench.com\/index.php\/fr\/trench-heating-produit-et-options\/options-2\/grilles-et-angles\/#webpage\",\"url\":\"https:\/\/ducttrench.com\/index.php\/fr\/trench-heating-produit-et-options\/options-2\/grilles-et-angles\/\",\"name\":\"Grilles & angles - Duct Engineering Ltd.\",\"isPartOf\":{\"@id\":\"https:\/\/ducttrench.com\/#website\"},\"datePublished\":\"2022-05-22T14:51:15+00:00\",\"dateModified\":\"2022-05-23T13:08:11+00:00\",\"description\":\"D\u00e9couvrez nos grilles et angles pour vos chauffages en tranch\u00e9e. Plusieurs mat\u00e9riaux et couleurs sont disponibles.\",\"breadcrumb\":{\"@id\":\"https:\/\/ducttrench.com\/index.php\/fr\/trench-heating-produit-et-options\/options-2\/grilles-et-angles\/#breadcrumb\"},\"inLanguage\":\"en-US\",\"potentialAction\":[{\"@type\":\"ReadAction\",\"target\":[\"https:\/\/ducttrench.com\/index.php\/fr\/trench-heating-produit-et-options\/options-2\/grilles-et-angles\/\"]}]},{\"@type\":\"BreadcrumbList\",\"@id\":\"https:\/\/ducttrench.com\/index.php\/fr\/trench-heating-produit-et-options\/options-2\/grilles-et-angles\/#breadcrumb\",\"itemListElement\":[{\"@type\":\"ListItem\",\"position\":1,\"name\":\"Home\",\"item\":\"https:\/\/ducttrench.com\/\"},{\"@type\":\"ListItem\",\"position\":2,\"name\":\"Produits et options\",\"item\":\"https:\/\/ducttrench.com\/index.php\/fr\/trench-heating-produit-et-options\/\"},{\"@type\":\"ListItem\",\"position\":3,\"name\":\"Options\",\"item\":\"https:\/\/ducttrench.com\/index.php\/fr\/trench-heating-produit-et-options\/options-2\/\"},{\"@type\":\"ListItem\",\"position\":4,\"name\":\"Grilles &#038; angles\"}]}]}<\/script>\n<!-- \/ Yoast SEO plugin. -->","yoast_head_json":{"title":"Grilles & angles - Duct Engineering Ltd.","description":"D\u00e9couvrez nos grilles et angles pour vos chauffages en tranch\u00e9e. Plusieurs mat\u00e9riaux et couleurs sont disponibles.","robots":{"index":"index","follow":"follow","max-snippet":"max-snippet:-1","max-image-preview":"max-image-preview:large","max-video-preview":"max-video-preview:-1"},"canonical":"https:\/\/ducttrench.com\/index.php\/fr\/trench-heating-produit-et-options\/options-2\/grilles-et-angles\/","og_locale":"en_US","og_type":"article","og_title":"Grilles & angles - Duct Engineering Ltd.","og_description":"D\u00e9couvrez nos grilles et angles pour vos chauffages en tranch\u00e9e. Plusieurs mat\u00e9riaux et couleurs sont disponibles.","og_url":"https:\/\/ducttrench.com\/index.php\/fr\/trench-heating-produit-et-options\/options-2\/grilles-et-angles\/","og_site_name":"Duct Engineering Ltd.","article_modified_time":"2022-05-23T13:08:11+00:00","twitter_card":"summary_large_image","twitter_misc":{"Est. reading time":"2 minutes"},"schema":{"@context":"https:\/\/schema.org","@graph":[{"@type":"WebSite","@id":"https:\/\/ducttrench.com\/#website","url":"https:\/\/ducttrench.com\/","name":"Duct Engineering Ltd.","description":"Trench Heating","potentialAction":[{"@type":"SearchAction","target":{"@type":"EntryPoint","urlTemplate":"https:\/\/ducttrench.com\/?s={search_term_string}"},"query-input":"required name=search_term_string"}],"inLanguage":"en-US"},{"@type":"WebPage","@id":"https:\/\/ducttrench.com\/index.php\/fr\/trench-heating-produit-et-options\/options-2\/grilles-et-angles\/#webpage","url":"https:\/\/ducttrench.com\/index.php\/fr\/trench-heating-produit-et-options\/options-2\/grilles-et-angles\/","name":"Grilles & angles - Duct Engineering Ltd.","isPartOf":{"@id":"https:\/\/ducttrench.com\/#website"},"datePublished":"2022-05-22T14:51:15+00:00","dateModified":"2022-05-23T13:08:11+00:00","description":"D\u00e9couvrez nos grilles et angles pour vos chauffages en tranch\u00e9e. Plusieurs mat\u00e9riaux et couleurs sont disponibles.","breadcrumb":{"@id":"https:\/\/ducttrench.com\/index.php\/fr\/trench-heating-produit-et-options\/options-2\/grilles-et-angles\/#breadcrumb"},"inLanguage":"en-US","potentialAction":[{"@type":"ReadAction","target":["https:\/\/ducttrench.com\/index.php\/fr\/trench-heating-produit-et-options\/options-2\/grilles-et-angles\/"]}]},{"@type":"BreadcrumbList","@id":"https:\/\/ducttrench.com\/index.php\/fr\/trench-heating-produit-et-options\/options-2\/grilles-et-angles\/#breadcrumb","itemListElement":[{"@type":"ListItem","position":1,"name":"Home","item":"https:\/\/ducttrench.com\/"},{"@type":"ListItem","position":2,"name":"Produits et options","item":"https:\/\/ducttrench.com\/index.php\/fr\/trench-heating-produit-et-options\/"},{"@type":"ListItem","position":3,"name":"Options","item":"https:\/\/ducttrench.com\/index.php\/fr\/trench-heating-produit-et-options\/options-2\/"},{"@type":"ListItem","position":4,"name":"Grilles &#038; angles"}]}]}},"_links":{"self":[{"href":"https:\/\/ducttrench.com\/index.php\/wp-json\/wp\/v2\/pages\/732","targetHints":{"allow":["GET"]}}],"collection":[{"href":"https:\/\/ducttrench.com\/index.php\/wp-json\/wp\/v2\/pages"}],"about":[{"href":"https:\/\/ducttrench.com\/index.php\/wp-json\/wp\/v2\/types\/page"}],"author":[{"embeddable":true,"href":"https:\/\/ducttrench.com\/index.php\/wp-json\/wp\/v2\/users\/1"}],"replies":[{"embeddable":true,"href":"https:\/\/ducttrench.com\/index.php\/wp-json\/wp\/v2\/comments?post=732"}],"version-history":[{"count":3,"href":"https:\/\/ducttrench.com\/index.php\/wp-json\/wp\/v2\/pages\/732\/revisions"}],"predecessor-version":[{"id":873,"href":"https:\/\/ducttrench.com\/index.php\/wp-json\/wp\/v2\/pages\/732\/revisions\/873"}],"up":[{"embeddable":true,"href":"https:\/\/ducttrench.com\/index.php\/wp-json\/wp\/v2\/pages\/649"}],"wp:attachment":[{"href":"https:\/\/ducttrench.com\/index.php\/wp-json\/wp\/v2\/media?parent=732"}],"curies":[{"name":"wp","href":"https:\/\/api.w.org\/{rel}","templated":true}]}}