{"id":822,"date":"2022-05-23T10:04:08","date_gmt":"2022-05-23T10:04:08","guid":{"rendered":"https:\/\/ducttrench.com\/?page_id=822"},"modified":"2022-05-23T13:14:15","modified_gmt":"2022-05-23T13:14:15","slug":"nos-services","status":"publish","type":"page","link":"https:\/\/ducttrench.com\/index.php\/fr\/nos-services\/","title":{"rendered":"Nos services"},"content":{"rendered":"\n<p><strong><a href=\"https:\/\/ducttrench.com\/index.php\/fr\/livraison\/\">LIVRAISON<\/a><\/strong><\/p>\n\n\n\n<p><strong><a href=\"https:\/\/ducttrench.com\/index.php\/fr\/nos-services\/installation\/\">INSTALLATION<\/a><\/strong><\/p>\n\n\n\n<p><strong><a href=\"https:\/\/ducttrench.com\/index.php\/fr\/nos-services\/entretien\/\">ENTRETIEN<\/a><\/strong><\/p>\n","protected":false},"excerpt":{"rendered":"<p>LIVRAISON INSTALLATION ENTRETIEN<\/p>\n","protected":false},"author":1,"featured_media":0,"parent":0,"menu_order":0,"comment_status":"closed","ping_status":"closed","template":"","meta":{"om_disable_all_campaigns":false,"_monsterinsights_skip_tracking":false,"_monsterinsights_sitenote_active":false,"_monsterinsights_sitenote_note":"","_monsterinsights_sitenote_category":0,"footnotes":""},"class_list":["post-822","page","type-page","status-publish","hentry"],"yoast_head":"<!-- This site is optimized with the Yoast SEO plugin v18.9 - https:\/\/yoast.com\/wordpress\/plugins\/seo\/ -->\n<title>Nos services - Duct Engineering Ltd.<\/title>\n<meta name=\"description\" content=\"D\u00e9couvrez nos diff\u00e9rents services : installation, entretien et livraison que nous d\u00e9l\u00e9guons \u00e0 un prestataire externe.\" \/>\n<meta name=\"robots\" content=\"index, follow, max-snippet:-1, max-image-preview:large, max-video-preview:-1\" \/>\n<link rel=\"canonical\" href=\"https:\/\/ducttrench.com\/index.php\/fr\/nos-services\/\" \/>\n<meta property=\"og:locale\" content=\"en_US\" \/>\n<meta property=\"og:type\" content=\"article\" \/>\n<meta property=\"og:title\" content=\"Nos services - Duct Engineering Ltd.\" \/>\n<meta property=\"og:description\" content=\"D\u00e9couvrez nos diff\u00e9rents services : installation, entretien et livraison que nous d\u00e9l\u00e9guons \u00e0 un prestataire externe.\" \/>\n<meta property=\"og:url\" content=\"https:\/\/ducttrench.com\/index.php\/fr\/nos-services\/\" \/>\n<meta property=\"og:site_name\" content=\"Duct Engineering Ltd.\" \/>\n<meta property=\"article:modified_time\" content=\"2022-05-23T13:14:15+00:00\" \/>\n<meta name=\"twitter:card\" content=\"summary_large_image\" \/>\n<meta name=\"twitter:label1\" content=\"Est. reading time\" \/>\n\t<meta name=\"twitter:data1\" content=\"1 minute\" \/>\n<script type=\"application\/ld+json\" class=\"yoast-schema-graph\">{\"@context\":\"https:\/\/schema.org\",\"@graph\":[{\"@type\":\"WebSite\",\"@id\":\"https:\/\/ducttrench.com\/#website\",\"url\":\"https:\/\/ducttrench.com\/\",\"name\":\"Duct Engineering Ltd.\",\"description\":\"Trench Heating\",\"potentialAction\":[{\"@type\":\"SearchAction\",\"target\":{\"@type\":\"EntryPoint\",\"urlTemplate\":\"https:\/\/ducttrench.com\/?s={search_term_string}\"},\"query-input\":\"required name=search_term_string\"}],\"inLanguage\":\"en-US\"},{\"@type\":\"WebPage\",\"@id\":\"https:\/\/ducttrench.com\/index.php\/fr\/nos-services\/#webpage\",\"url\":\"https:\/\/ducttrench.com\/index.php\/fr\/nos-services\/\",\"name\":\"Nos services - Duct Engineering Ltd.\",\"isPartOf\":{\"@id\":\"https:\/\/ducttrench.com\/#website\"},\"datePublished\":\"2022-05-23T10:04:08+00:00\",\"dateModified\":\"2022-05-23T13:14:15+00:00\",\"description\":\"D\u00e9couvrez nos diff\u00e9rents services : installation, entretien et livraison que nous d\u00e9l\u00e9guons \u00e0 un prestataire externe.\",\"breadcrumb\":{\"@id\":\"https:\/\/ducttrench.com\/index.php\/fr\/nos-services\/#breadcrumb\"},\"inLanguage\":\"en-US\",\"potentialAction\":[{\"@type\":\"ReadAction\",\"target\":[\"https:\/\/ducttrench.com\/index.php\/fr\/nos-services\/\"]}]},{\"@type\":\"BreadcrumbList\",\"@id\":\"https:\/\/ducttrench.com\/index.php\/fr\/nos-services\/#breadcrumb\",\"itemListElement\":[{\"@type\":\"ListItem\",\"position\":1,\"name\":\"Home\",\"item\":\"https:\/\/ducttrench.com\/\"},{\"@type\":\"ListItem\",\"position\":2,\"name\":\"Nos services\"}]}]}<\/script>\n<!-- \/ Yoast SEO plugin. -->","yoast_head_json":{"title":"Nos services - Duct Engineering Ltd.","description":"D\u00e9couvrez nos diff\u00e9rents services : installation, entretien et livraison que nous d\u00e9l\u00e9guons \u00e0 un prestataire externe.","robots":{"index":"index","follow":"follow","max-snippet":"max-snippet:-1","max-image-preview":"max-image-preview:large","max-video-preview":"max-video-preview:-1"},"canonical":"https:\/\/ducttrench.com\/index.php\/fr\/nos-services\/","og_locale":"en_US","og_type":"article","og_title":"Nos services - Duct Engineering Ltd.","og_description":"D\u00e9couvrez nos diff\u00e9rents services : installation, entretien et livraison que nous d\u00e9l\u00e9guons \u00e0 un prestataire externe.","og_url":"https:\/\/ducttrench.com\/index.php\/fr\/nos-services\/","og_site_name":"Duct Engineering Ltd.","article_modified_time":"2022-05-23T13:14:15+00:00","twitter_card":"summary_large_image","twitter_misc":{"Est. reading time":"1 minute"},"schema":{"@context":"https:\/\/schema.org","@graph":[{"@type":"WebSite","@id":"https:\/\/ducttrench.com\/#website","url":"https:\/\/ducttrench.com\/","name":"Duct Engineering Ltd.","description":"Trench Heating","potentialAction":[{"@type":"SearchAction","target":{"@type":"EntryPoint","urlTemplate":"https:\/\/ducttrench.com\/?s={search_term_string}"},"query-input":"required name=search_term_string"}],"inLanguage":"en-US"},{"@type":"WebPage","@id":"https:\/\/ducttrench.com\/index.php\/fr\/nos-services\/#webpage","url":"https:\/\/ducttrench.com\/index.php\/fr\/nos-services\/","name":"Nos services - Duct Engineering Ltd.","isPartOf":{"@id":"https:\/\/ducttrench.com\/#website"},"datePublished":"2022-05-23T10:04:08+00:00","dateModified":"2022-05-23T13:14:15+00:00","description":"D\u00e9couvrez nos diff\u00e9rents services : installation, entretien et livraison que nous d\u00e9l\u00e9guons \u00e0 un prestataire externe.","breadcrumb":{"@id":"https:\/\/ducttrench.com\/index.php\/fr\/nos-services\/#breadcrumb"},"inLanguage":"en-US","potentialAction":[{"@type":"ReadAction","target":["https:\/\/ducttrench.com\/index.php\/fr\/nos-services\/"]}]},{"@type":"BreadcrumbList","@id":"https:\/\/ducttrench.com\/index.php\/fr\/nos-services\/#breadcrumb","itemListElement":[{"@type":"ListItem","position":1,"name":"Home","item":"https:\/\/ducttrench.com\/"},{"@type":"ListItem","position":2,"name":"Nos services"}]}]}},"_links":{"self":[{"href":"https:\/\/ducttrench.com\/index.php\/wp-json\/wp\/v2\/pages\/822","targetHints":{"allow":["GET"]}}],"collection":[{"href":"https:\/\/ducttrench.com\/index.php\/wp-json\/wp\/v2\/pages"}],"about":[{"href":"https:\/\/ducttrench.com\/index.php\/wp-json\/wp\/v2\/types\/page"}],"author":[{"embeddable":true,"href":"https:\/\/ducttrench.com\/index.php\/wp-json\/wp\/v2\/users\/1"}],"replies":[{"embeddable":true,"href":"https:\/\/ducttrench.com\/index.php\/wp-json\/wp\/v2\/comments?post=822"}],"version-history":[{"count":2,"href":"https:\/\/ducttrench.com\/index.php\/wp-json\/wp\/v2\/pages\/822\/revisions"}],"predecessor-version":[{"id":878,"href":"https:\/\/ducttrench.com\/index.php\/wp-json\/wp\/v2\/pages\/822\/revisions\/878"}],"wp:attachment":[{"href":"https:\/\/ducttrench.com\/index.php\/wp-json\/wp\/v2\/media?parent=822"}],"curies":[{"name":"wp","href":"https:\/\/api.w.org\/{rel}","templated":true}]}}