{"id":827,"date":"2022-05-23T10:14:05","date_gmt":"2022-05-23T10:14:05","guid":{"rendered":"https:\/\/ducttrench.com\/?page_id=827"},"modified":"2022-05-23T10:14:49","modified_gmt":"2022-05-23T10:14:49","slug":"vannes","status":"publish","type":"page","link":"https:\/\/ducttrench.com\/index.php\/fr\/trench-heating-produit-et-options\/options-2\/vannes\/","title":{"rendered":"Vannes et contr\u00f4les"},"content":{"rendered":"\n<p>Nous proposons une gamme compl\u00e8te de vannes et de raccords pour r\u00e9pondre \u00e0 vos besoins.<\/p>\n\n\n\n<p><strong>VANNES (LPHW)<br><\/strong>RAG-G20 TRV \u00be&#8221; (ANGLAIS)<br>RLV-20 LSV \u00be&#8221; (ANGLAIS)<\/p>\n\n\n\n<p><strong>SENSORS<\/strong><br>RA 2912 Capteur \u00e0 distance<br>RA 5065 R\u00e9gulateur \u00e0 distance<\/p>\n\n\n\n<p><strong>COMMANDES ASSIST\u00c9ES PAR VENTILATEUR<br><\/strong>QAX 34.3 Contr\u00f4leur mural<br>QAX84.1 Contr\u00f4leur mural<\/p>\n\n\n\n<figure class=\"wp-block-image size-full\"><img loading=\"lazy\" decoding=\"async\" width=\"600\" height=\"200\" src=\"http:\/\/ducttrench.com\/wp-content\/uploads\/2022\/05\/valves-conrols.jpg\" alt=\"\" class=\"wp-image-533\" srcset=\"https:\/\/ducttrench.com\/wp-content\/uploads\/2022\/05\/valves-conrols.jpg 600w, https:\/\/ducttrench.com\/wp-content\/uploads\/2022\/05\/valves-conrols-300x100.jpg 300w\" sizes=\"auto, (max-width: 600px) 100vw, 600px\" \/><\/figure>\n","protected":false},"excerpt":{"rendered":"<p>Nous proposons une gamme compl\u00e8te de vannes et de raccords pour r\u00e9pondre \u00e0 vos besoins. VANNES (LPHW)RAG-G20 TRV \u00be&#8221; (ANGLAIS)RLV-20<\/p>\n<p><span class=\"more-link\"><a href=\"https:\/\/ducttrench.com\/index.php\/fr\/trench-heating-produit-et-options\/options-2\/vannes\/\" class=\"readmore\">Continue reading<span class=\"screen-reader-text\">Vannes et contr\u00f4les<\/span><\/a><\/span><\/p>\n","protected":false},"author":1,"featured_media":0,"parent":649,"menu_order":6,"comment_status":"closed","ping_status":"closed","template":"","meta":{"om_disable_all_campaigns":false,"_monsterinsights_skip_tracking":false,"_monsterinsights_sitenote_active":false,"_monsterinsights_sitenote_note":"","_monsterinsights_sitenote_category":0,"footnotes":""},"class_list":["post-827","page","type-page","status-publish","hentry"],"yoast_head":"<!-- This site is optimized with the Yoast SEO plugin v18.9 - https:\/\/yoast.com\/wordpress\/plugins\/seo\/ -->\n<title>Vannes et contr\u00f4les - Duct Engineering Ltd.<\/title>\n<meta name=\"description\" content=\"Nous proposons une gamme compl\u00e8te de vannes et de raccords pour satisfaire vos besoins. Chauffage en tranch\u00e9e\" \/>\n<meta name=\"robots\" content=\"index, follow, max-snippet:-1, max-image-preview:large, max-video-preview:-1\" \/>\n<link rel=\"canonical\" href=\"https:\/\/ducttrench.com\/index.php\/fr\/trench-heating-produit-et-options\/options-2\/vannes\/\" \/>\n<meta property=\"og:locale\" content=\"en_US\" \/>\n<meta property=\"og:type\" content=\"article\" \/>\n<meta property=\"og:title\" content=\"Vannes et contr\u00f4les - Duct Engineering Ltd.\" \/>\n<meta property=\"og:description\" content=\"Nous proposons une gamme compl\u00e8te de vannes et de raccords pour satisfaire vos besoins. Chauffage en tranch\u00e9e\" \/>\n<meta property=\"og:url\" content=\"https:\/\/ducttrench.com\/index.php\/fr\/trench-heating-produit-et-options\/options-2\/vannes\/\" \/>\n<meta property=\"og:site_name\" content=\"Duct Engineering Ltd.\" \/>\n<meta property=\"article:modified_time\" content=\"2022-05-23T10:14:49+00:00\" \/>\n<meta property=\"og:image\" content=\"http:\/\/ducttrench.com\/wp-content\/uploads\/2022\/05\/valves-conrols.jpg\" \/>\n<meta name=\"twitter:card\" content=\"summary_large_image\" \/>\n<meta name=\"twitter:label1\" content=\"Est. reading time\" \/>\n\t<meta name=\"twitter:data1\" content=\"1 minute\" \/>\n<script type=\"application\/ld+json\" class=\"yoast-schema-graph\">{\"@context\":\"https:\/\/schema.org\",\"@graph\":[{\"@type\":\"WebSite\",\"@id\":\"https:\/\/ducttrench.com\/#website\",\"url\":\"https:\/\/ducttrench.com\/\",\"name\":\"Duct Engineering Ltd.\",\"description\":\"Trench Heating\",\"potentialAction\":[{\"@type\":\"SearchAction\",\"target\":{\"@type\":\"EntryPoint\",\"urlTemplate\":\"https:\/\/ducttrench.com\/?s={search_term_string}\"},\"query-input\":\"required name=search_term_string\"}],\"inLanguage\":\"en-US\"},{\"@type\":\"ImageObject\",\"inLanguage\":\"en-US\",\"@id\":\"https:\/\/ducttrench.com\/index.php\/fr\/trench-heating-produit-et-options\/options-2\/vannes\/#primaryimage\",\"url\":\"https:\/\/ducttrench.com\/wp-content\/uploads\/2022\/05\/valves-conrols.jpg\",\"contentUrl\":\"https:\/\/ducttrench.com\/wp-content\/uploads\/2022\/05\/valves-conrols.jpg\",\"width\":600,\"height\":200},{\"@type\":\"WebPage\",\"@id\":\"https:\/\/ducttrench.com\/index.php\/fr\/trench-heating-produit-et-options\/options-2\/vannes\/#webpage\",\"url\":\"https:\/\/ducttrench.com\/index.php\/fr\/trench-heating-produit-et-options\/options-2\/vannes\/\",\"name\":\"Vannes et contr\u00f4les - Duct Engineering Ltd.\",\"isPartOf\":{\"@id\":\"https:\/\/ducttrench.com\/#website\"},\"primaryImageOfPage\":{\"@id\":\"https:\/\/ducttrench.com\/index.php\/fr\/trench-heating-produit-et-options\/options-2\/vannes\/#primaryimage\"},\"datePublished\":\"2022-05-23T10:14:05+00:00\",\"dateModified\":\"2022-05-23T10:14:49+00:00\",\"description\":\"Nous proposons une gamme compl\u00e8te de vannes et de raccords pour satisfaire vos besoins. Chauffage en tranch\u00e9e\",\"breadcrumb\":{\"@id\":\"https:\/\/ducttrench.com\/index.php\/fr\/trench-heating-produit-et-options\/options-2\/vannes\/#breadcrumb\"},\"inLanguage\":\"en-US\",\"potentialAction\":[{\"@type\":\"ReadAction\",\"target\":[\"https:\/\/ducttrench.com\/index.php\/fr\/trench-heating-produit-et-options\/options-2\/vannes\/\"]}]},{\"@type\":\"BreadcrumbList\",\"@id\":\"https:\/\/ducttrench.com\/index.php\/fr\/trench-heating-produit-et-options\/options-2\/vannes\/#breadcrumb\",\"itemListElement\":[{\"@type\":\"ListItem\",\"position\":1,\"name\":\"Home\",\"item\":\"https:\/\/ducttrench.com\/\"},{\"@type\":\"ListItem\",\"position\":2,\"name\":\"Produits et options\",\"item\":\"https:\/\/ducttrench.com\/index.php\/fr\/trench-heating-produit-et-options\/\"},{\"@type\":\"ListItem\",\"position\":3,\"name\":\"Options\",\"item\":\"https:\/\/ducttrench.com\/index.php\/fr\/trench-heating-produit-et-options\/options-2\/\"},{\"@type\":\"ListItem\",\"position\":4,\"name\":\"Vannes et contr\u00f4les\"}]}]}<\/script>\n<!-- \/ Yoast SEO plugin. -->","yoast_head_json":{"title":"Vannes et contr\u00f4les - Duct Engineering Ltd.","description":"Nous proposons une gamme compl\u00e8te de vannes et de raccords pour satisfaire vos besoins. Chauffage en tranch\u00e9e","robots":{"index":"index","follow":"follow","max-snippet":"max-snippet:-1","max-image-preview":"max-image-preview:large","max-video-preview":"max-video-preview:-1"},"canonical":"https:\/\/ducttrench.com\/index.php\/fr\/trench-heating-produit-et-options\/options-2\/vannes\/","og_locale":"en_US","og_type":"article","og_title":"Vannes et contr\u00f4les - Duct Engineering Ltd.","og_description":"Nous proposons une gamme compl\u00e8te de vannes et de raccords pour satisfaire vos besoins. Chauffage en tranch\u00e9e","og_url":"https:\/\/ducttrench.com\/index.php\/fr\/trench-heating-produit-et-options\/options-2\/vannes\/","og_site_name":"Duct Engineering Ltd.","article_modified_time":"2022-05-23T10:14:49+00:00","og_image":[{"url":"http:\/\/ducttrench.com\/wp-content\/uploads\/2022\/05\/valves-conrols.jpg"}],"twitter_card":"summary_large_image","twitter_misc":{"Est. reading time":"1 minute"},"schema":{"@context":"https:\/\/schema.org","@graph":[{"@type":"WebSite","@id":"https:\/\/ducttrench.com\/#website","url":"https:\/\/ducttrench.com\/","name":"Duct Engineering Ltd.","description":"Trench Heating","potentialAction":[{"@type":"SearchAction","target":{"@type":"EntryPoint","urlTemplate":"https:\/\/ducttrench.com\/?s={search_term_string}"},"query-input":"required name=search_term_string"}],"inLanguage":"en-US"},{"@type":"ImageObject","inLanguage":"en-US","@id":"https:\/\/ducttrench.com\/index.php\/fr\/trench-heating-produit-et-options\/options-2\/vannes\/#primaryimage","url":"https:\/\/ducttrench.com\/wp-content\/uploads\/2022\/05\/valves-conrols.jpg","contentUrl":"https:\/\/ducttrench.com\/wp-content\/uploads\/2022\/05\/valves-conrols.jpg","width":600,"height":200},{"@type":"WebPage","@id":"https:\/\/ducttrench.com\/index.php\/fr\/trench-heating-produit-et-options\/options-2\/vannes\/#webpage","url":"https:\/\/ducttrench.com\/index.php\/fr\/trench-heating-produit-et-options\/options-2\/vannes\/","name":"Vannes et contr\u00f4les - Duct Engineering Ltd.","isPartOf":{"@id":"https:\/\/ducttrench.com\/#website"},"primaryImageOfPage":{"@id":"https:\/\/ducttrench.com\/index.php\/fr\/trench-heating-produit-et-options\/options-2\/vannes\/#primaryimage"},"datePublished":"2022-05-23T10:14:05+00:00","dateModified":"2022-05-23T10:14:49+00:00","description":"Nous proposons une gamme compl\u00e8te de vannes et de raccords pour satisfaire vos besoins. Chauffage en tranch\u00e9e","breadcrumb":{"@id":"https:\/\/ducttrench.com\/index.php\/fr\/trench-heating-produit-et-options\/options-2\/vannes\/#breadcrumb"},"inLanguage":"en-US","potentialAction":[{"@type":"ReadAction","target":["https:\/\/ducttrench.com\/index.php\/fr\/trench-heating-produit-et-options\/options-2\/vannes\/"]}]},{"@type":"BreadcrumbList","@id":"https:\/\/ducttrench.com\/index.php\/fr\/trench-heating-produit-et-options\/options-2\/vannes\/#breadcrumb","itemListElement":[{"@type":"ListItem","position":1,"name":"Home","item":"https:\/\/ducttrench.com\/"},{"@type":"ListItem","position":2,"name":"Produits et options","item":"https:\/\/ducttrench.com\/index.php\/fr\/trench-heating-produit-et-options\/"},{"@type":"ListItem","position":3,"name":"Options","item":"https:\/\/ducttrench.com\/index.php\/fr\/trench-heating-produit-et-options\/options-2\/"},{"@type":"ListItem","position":4,"name":"Vannes et contr\u00f4les"}]}]}},"_links":{"self":[{"href":"https:\/\/ducttrench.com\/index.php\/wp-json\/wp\/v2\/pages\/827","targetHints":{"allow":["GET"]}}],"collection":[{"href":"https:\/\/ducttrench.com\/index.php\/wp-json\/wp\/v2\/pages"}],"about":[{"href":"https:\/\/ducttrench.com\/index.php\/wp-json\/wp\/v2\/types\/page"}],"author":[{"embeddable":true,"href":"https:\/\/ducttrench.com\/index.php\/wp-json\/wp\/v2\/users\/1"}],"replies":[{"embeddable":true,"href":"https:\/\/ducttrench.com\/index.php\/wp-json\/wp\/v2\/comments?post=827"}],"version-history":[{"count":2,"href":"https:\/\/ducttrench.com\/index.php\/wp-json\/wp\/v2\/pages\/827\/revisions"}],"predecessor-version":[{"id":831,"href":"https:\/\/ducttrench.com\/index.php\/wp-json\/wp\/v2\/pages\/827\/revisions\/831"}],"up":[{"embeddable":true,"href":"https:\/\/ducttrench.com\/index.php\/wp-json\/wp\/v2\/pages\/649"}],"wp:attachment":[{"href":"https:\/\/ducttrench.com\/index.php\/wp-json\/wp\/v2\/media?parent=827"}],"curies":[{"name":"wp","href":"https:\/\/api.w.org\/{rel}","templated":true}]}}