{"id":835,"date":"2022-05-23T10:35:55","date_gmt":"2022-05-23T10:35:55","guid":{"rendered":"https:\/\/ducttrench.com\/?page_id=835"},"modified":"2022-05-23T13:02:44","modified_gmt":"2022-05-23T13:02:44","slug":"chauffages-tranchee","status":"publish","type":"page","link":"https:\/\/ducttrench.com\/index.php\/fr\/chauffages-tranchee\/","title":{"rendered":"Chauffages en caniveau"},"content":{"rendered":"\n<p>Notre gamme de chauffages en caniveau \u00e0 convection naturelle repr\u00e9sente le c\u0153ur de nos produits.<\/p>\n\n\n\n<p>Convection naturelle LPHW (Low Pressure Hot Water). L&#8217;air froid descend dans l&#8217;enveloppe de la tranch\u00e9e et est r\u00e9chauff\u00e9 lorsqu&#8217;il passe au-dessus des bancs d&#8217;\u00e9l\u00e9ments \u00e0 ailettes qui sont constitu\u00e9s de tuyaux en cuivre expans\u00e9s sur des ailettes en aluminium.<\/p>\n\n\n\n<p>Ces formes de solutions de chauffage par le sol sont particuli\u00e8rement utiles pour combattre les courants descendants et la condensation dans les zones vitr\u00e9es telles que les v\u00e9randas, les portes pliantes et les murs-rideaux. En raison du haut niveau de production de chaleur qu&#8217;ils permettent d&#8217;atteindre, ils peuvent \u00e9galement \u00eatre utilis\u00e9s comme source de chaleur primaire. La maximisation de l&#8217;espace mural qui en r\u00e9sulte permet \u00e9galement d&#8217;augmenter l&#8217;espace au sol utilisable.<\/p>\n\n\n\n<p>Le choix vari\u00e9 de finitions de <a href=\"https:\/\/ducttrench.com\/index.php\/fr\/trench-heating-produit-et-options\/options-2\/grilles-et-angles\/\">grilles et d&#8217;angles<\/a> permet \u00e0 nos appareils de s&#8217;int\u00e9grer esth\u00e9tiquement \u00e0 la vaste gamme de finitions disponibles dans la d\u00e9coration int\u00e9rieure. <\/p>\n\n\n\n<p>Nos chauffages en caniveau peuvent \u00eatre aliment\u00e9es par des chaudi\u00e8res \u00e0 eau chaude, des syst\u00e8mes d&#8217;eau chaude solaire et des pompes \u00e0 chaleur g\u00e9othermiques. Il convient de noter que la production de chaleur pour les syst\u00e8mes LPHW et <a href=\"https:\/\/ducttrench.com\/index.php\/fr\/trench-heating-produit-et-options\/options-2\/aquafan\/\">Aquafan<\/a> d\u00e9pend des temp\u00e9ratures de d\u00e9part et de retour de la source d&#8217;eau.<\/p>\n\n\n\n<p>Nos produits sont garantis de haute qualit\u00e9 et fournissent une solution de chauffage tr\u00e8s efficace.<\/p>\n\n\n\n<figure class=\"wp-block-image size-large\"><img loading=\"lazy\" decoding=\"async\" width=\"1024\" height=\"681\" src=\"http:\/\/ducttrench.com\/wp-content\/uploads\/2022\/05\/JKE0509-1024x681.jpg\" alt=\"\" class=\"wp-image-623\" srcset=\"https:\/\/ducttrench.com\/wp-content\/uploads\/2022\/05\/JKE0509-1024x681.jpg 1024w, https:\/\/ducttrench.com\/wp-content\/uploads\/2022\/05\/JKE0509-300x200.jpg 300w, https:\/\/ducttrench.com\/wp-content\/uploads\/2022\/05\/JKE0509-768x511.jpg 768w, https:\/\/ducttrench.com\/wp-content\/uploads\/2022\/05\/JKE0509-1536x1022.jpg 1536w, https:\/\/ducttrench.com\/wp-content\/uploads\/2022\/05\/JKE0509-2048x1363.jpg 2048w, https:\/\/ducttrench.com\/wp-content\/uploads\/2022\/05\/JKE0509-920x613.jpg 920w, https:\/\/ducttrench.com\/wp-content\/uploads\/2022\/05\/JKE0509-666x444.jpg 666w\" sizes=\"auto, (max-width: 1024px) 100vw, 1024px\" \/><\/figure>\n","protected":false},"excerpt":{"rendered":"<p>Notre gamme de chauffages en caniveau \u00e0 convection naturelle repr\u00e9sente le c\u0153ur de nos produits. Convection naturelle LPHW (Low Pressure<\/p>\n<p><span class=\"more-link\"><a href=\"https:\/\/ducttrench.com\/index.php\/fr\/chauffages-tranchee\/\" class=\"readmore\">Continue reading<span class=\"screen-reader-text\">Chauffages en caniveau<\/span><\/a><\/span><\/p>\n","protected":false},"author":1,"featured_media":0,"parent":0,"menu_order":1,"comment_status":"closed","ping_status":"closed","template":"","meta":{"om_disable_all_campaigns":false,"_monsterinsights_skip_tracking":false,"_monsterinsights_sitenote_active":false,"_monsterinsights_sitenote_note":"","_monsterinsights_sitenote_category":0,"footnotes":""},"class_list":["post-835","page","type-page","status-publish","hentry"],"yoast_head":"<!-- This site is optimized with the Yoast SEO plugin v18.9 - https:\/\/yoast.com\/wordpress\/plugins\/seo\/ -->\n<title>Chauffages en caniveau - Duct Engineering Ltd.<\/title>\n<meta name=\"description\" content=\"Nos unit\u00e9s de chauffage de tranch\u00e9e constituent le c\u0153ur de notre gamme de produits. Ces chauffages sont utiles pour combattre les courants descendants et la condensation au niveau des surfaces vitr\u00e9es.\" \/>\n<meta name=\"robots\" content=\"index, follow, max-snippet:-1, max-image-preview:large, max-video-preview:-1\" \/>\n<link rel=\"canonical\" href=\"https:\/\/ducttrench.com\/index.php\/fr\/chauffages-tranchee\/\" \/>\n<meta property=\"og:locale\" content=\"en_US\" \/>\n<meta property=\"og:type\" content=\"article\" \/>\n<meta property=\"og:title\" content=\"Chauffages en caniveau - Duct Engineering Ltd.\" \/>\n<meta property=\"og:description\" content=\"Nos unit\u00e9s de chauffage de tranch\u00e9e constituent le c\u0153ur de notre gamme de produits. Ces chauffages sont utiles pour combattre les courants descendants et la condensation au niveau des surfaces vitr\u00e9es.\" \/>\n<meta property=\"og:url\" content=\"https:\/\/ducttrench.com\/index.php\/fr\/chauffages-tranchee\/\" \/>\n<meta property=\"og:site_name\" content=\"Duct Engineering Ltd.\" \/>\n<meta property=\"article:modified_time\" content=\"2022-05-23T13:02:44+00:00\" \/>\n<meta property=\"og:image\" content=\"http:\/\/ducttrench.com\/wp-content\/uploads\/2022\/05\/JKE0509-1024x681.jpg\" \/>\n<meta name=\"twitter:card\" content=\"summary_large_image\" \/>\n<meta name=\"twitter:label1\" content=\"Est. reading time\" \/>\n\t<meta name=\"twitter:data1\" content=\"2 minutes\" \/>\n<script type=\"application\/ld+json\" class=\"yoast-schema-graph\">{\"@context\":\"https:\/\/schema.org\",\"@graph\":[{\"@type\":\"WebSite\",\"@id\":\"https:\/\/ducttrench.com\/#website\",\"url\":\"https:\/\/ducttrench.com\/\",\"name\":\"Duct Engineering Ltd.\",\"description\":\"Trench Heating\",\"potentialAction\":[{\"@type\":\"SearchAction\",\"target\":{\"@type\":\"EntryPoint\",\"urlTemplate\":\"https:\/\/ducttrench.com\/?s={search_term_string}\"},\"query-input\":\"required name=search_term_string\"}],\"inLanguage\":\"en-US\"},{\"@type\":\"ImageObject\",\"inLanguage\":\"en-US\",\"@id\":\"https:\/\/ducttrench.com\/index.php\/fr\/chauffages-tranchee\/#primaryimage\",\"url\":\"http:\/\/ducttrench.com\/wp-content\/uploads\/2022\/05\/JKE0509-1024x681.jpg\",\"contentUrl\":\"http:\/\/ducttrench.com\/wp-content\/uploads\/2022\/05\/JKE0509-1024x681.jpg\"},{\"@type\":\"WebPage\",\"@id\":\"https:\/\/ducttrench.com\/index.php\/fr\/chauffages-tranchee\/#webpage\",\"url\":\"https:\/\/ducttrench.com\/index.php\/fr\/chauffages-tranchee\/\",\"name\":\"Chauffages en caniveau - Duct Engineering Ltd.\",\"isPartOf\":{\"@id\":\"https:\/\/ducttrench.com\/#website\"},\"primaryImageOfPage\":{\"@id\":\"https:\/\/ducttrench.com\/index.php\/fr\/chauffages-tranchee\/#primaryimage\"},\"datePublished\":\"2022-05-23T10:35:55+00:00\",\"dateModified\":\"2022-05-23T13:02:44+00:00\",\"description\":\"Nos unit\u00e9s de chauffage de tranch\u00e9e constituent le c\u0153ur de notre gamme de produits. Ces chauffages sont utiles pour combattre les courants descendants et la condensation au niveau des surfaces vitr\u00e9es.\",\"breadcrumb\":{\"@id\":\"https:\/\/ducttrench.com\/index.php\/fr\/chauffages-tranchee\/#breadcrumb\"},\"inLanguage\":\"en-US\",\"potentialAction\":[{\"@type\":\"ReadAction\",\"target\":[\"https:\/\/ducttrench.com\/index.php\/fr\/chauffages-tranchee\/\"]}]},{\"@type\":\"BreadcrumbList\",\"@id\":\"https:\/\/ducttrench.com\/index.php\/fr\/chauffages-tranchee\/#breadcrumb\",\"itemListElement\":[{\"@type\":\"ListItem\",\"position\":1,\"name\":\"Home\",\"item\":\"https:\/\/ducttrench.com\/\"},{\"@type\":\"ListItem\",\"position\":2,\"name\":\"Chauffages en caniveau\"}]}]}<\/script>\n<!-- \/ Yoast SEO plugin. -->","yoast_head_json":{"title":"Chauffages en caniveau - Duct Engineering Ltd.","description":"Nos unit\u00e9s de chauffage de tranch\u00e9e constituent le c\u0153ur de notre gamme de produits. Ces chauffages sont utiles pour combattre les courants descendants et la condensation au niveau des surfaces vitr\u00e9es.","robots":{"index":"index","follow":"follow","max-snippet":"max-snippet:-1","max-image-preview":"max-image-preview:large","max-video-preview":"max-video-preview:-1"},"canonical":"https:\/\/ducttrench.com\/index.php\/fr\/chauffages-tranchee\/","og_locale":"en_US","og_type":"article","og_title":"Chauffages en caniveau - Duct Engineering Ltd.","og_description":"Nos unit\u00e9s de chauffage de tranch\u00e9e constituent le c\u0153ur de notre gamme de produits. Ces chauffages sont utiles pour combattre les courants descendants et la condensation au niveau des surfaces vitr\u00e9es.","og_url":"https:\/\/ducttrench.com\/index.php\/fr\/chauffages-tranchee\/","og_site_name":"Duct Engineering Ltd.","article_modified_time":"2022-05-23T13:02:44+00:00","og_image":[{"url":"http:\/\/ducttrench.com\/wp-content\/uploads\/2022\/05\/JKE0509-1024x681.jpg"}],"twitter_card":"summary_large_image","twitter_misc":{"Est. reading time":"2 minutes"},"schema":{"@context":"https:\/\/schema.org","@graph":[{"@type":"WebSite","@id":"https:\/\/ducttrench.com\/#website","url":"https:\/\/ducttrench.com\/","name":"Duct Engineering Ltd.","description":"Trench Heating","potentialAction":[{"@type":"SearchAction","target":{"@type":"EntryPoint","urlTemplate":"https:\/\/ducttrench.com\/?s={search_term_string}"},"query-input":"required name=search_term_string"}],"inLanguage":"en-US"},{"@type":"ImageObject","inLanguage":"en-US","@id":"https:\/\/ducttrench.com\/index.php\/fr\/chauffages-tranchee\/#primaryimage","url":"http:\/\/ducttrench.com\/wp-content\/uploads\/2022\/05\/JKE0509-1024x681.jpg","contentUrl":"http:\/\/ducttrench.com\/wp-content\/uploads\/2022\/05\/JKE0509-1024x681.jpg"},{"@type":"WebPage","@id":"https:\/\/ducttrench.com\/index.php\/fr\/chauffages-tranchee\/#webpage","url":"https:\/\/ducttrench.com\/index.php\/fr\/chauffages-tranchee\/","name":"Chauffages en caniveau - Duct Engineering Ltd.","isPartOf":{"@id":"https:\/\/ducttrench.com\/#website"},"primaryImageOfPage":{"@id":"https:\/\/ducttrench.com\/index.php\/fr\/chauffages-tranchee\/#primaryimage"},"datePublished":"2022-05-23T10:35:55+00:00","dateModified":"2022-05-23T13:02:44+00:00","description":"Nos unit\u00e9s de chauffage de tranch\u00e9e constituent le c\u0153ur de notre gamme de produits. Ces chauffages sont utiles pour combattre les courants descendants et la condensation au niveau des surfaces vitr\u00e9es.","breadcrumb":{"@id":"https:\/\/ducttrench.com\/index.php\/fr\/chauffages-tranchee\/#breadcrumb"},"inLanguage":"en-US","potentialAction":[{"@type":"ReadAction","target":["https:\/\/ducttrench.com\/index.php\/fr\/chauffages-tranchee\/"]}]},{"@type":"BreadcrumbList","@id":"https:\/\/ducttrench.com\/index.php\/fr\/chauffages-tranchee\/#breadcrumb","itemListElement":[{"@type":"ListItem","position":1,"name":"Home","item":"https:\/\/ducttrench.com\/"},{"@type":"ListItem","position":2,"name":"Chauffages en caniveau"}]}]}},"_links":{"self":[{"href":"https:\/\/ducttrench.com\/index.php\/wp-json\/wp\/v2\/pages\/835","targetHints":{"allow":["GET"]}}],"collection":[{"href":"https:\/\/ducttrench.com\/index.php\/wp-json\/wp\/v2\/pages"}],"about":[{"href":"https:\/\/ducttrench.com\/index.php\/wp-json\/wp\/v2\/types\/page"}],"author":[{"embeddable":true,"href":"https:\/\/ducttrench.com\/index.php\/wp-json\/wp\/v2\/users\/1"}],"replies":[{"embeddable":true,"href":"https:\/\/ducttrench.com\/index.php\/wp-json\/wp\/v2\/comments?post=835"}],"version-history":[{"count":3,"href":"https:\/\/ducttrench.com\/index.php\/wp-json\/wp\/v2\/pages\/835\/revisions"}],"predecessor-version":[{"id":870,"href":"https:\/\/ducttrench.com\/index.php\/wp-json\/wp\/v2\/pages\/835\/revisions\/870"}],"wp:attachment":[{"href":"https:\/\/ducttrench.com\/index.php\/wp-json\/wp\/v2\/media?parent=835"}],"curies":[{"name":"wp","href":"https:\/\/api.w.org\/{rel}","templated":true}]}}