{"id":838,"date":"2022-05-23T10:43:29","date_gmt":"2022-05-23T10:43:29","guid":{"rendered":"https:\/\/ducttrench.com\/?page_id=838"},"modified":"2022-05-23T10:44:17","modified_gmt":"2022-05-23T10:44:17","slug":"entretien","status":"publish","type":"page","link":"https:\/\/ducttrench.com\/index.php\/fr\/nos-services\/entretien\/","title":{"rendered":"Entretien"},"content":{"rendered":"\n<p><strong>Instructions d&#8217;entretien de nos unit\u00e9s de chauffage en caniveau :<br><\/strong><\/p>\n\n\n\n<p>La grille peut \u00eatre nettoy\u00e9e avec un chiffon humide.<br><\/p>\n\n\n\n<p>Retirez la grille \u00e0 l&#8217;aide du crochet pr\u00e9vu \u00e0 cet effet et passez l&#8217;aspirateur dans la tranch\u00e9e pour \u00e9liminer les d\u00e9bris qui se sont accumul\u00e9s sur l&#8217;\u00e9l\u00e9ment \u00e0 ailettes et dans le fond de l&#8217;unit\u00e9 de chauffage en tranch\u00e9e.<br><\/p>\n\n\n\n<p>La r\u00e9gularit\u00e9 du nettoyage d\u00e9pend de votre environnement.<\/p>\n","protected":false},"excerpt":{"rendered":"<p>Instructions d&#8217;entretien de nos unit\u00e9s de chauffage en caniveau : La grille peut \u00eatre nettoy\u00e9e avec un chiffon humide. Retirez<\/p>\n<p><span class=\"more-link\"><a href=\"https:\/\/ducttrench.com\/index.php\/fr\/nos-services\/entretien\/\" class=\"readmore\">Continue reading<span class=\"screen-reader-text\">Entretien<\/span><\/a><\/span><\/p>\n","protected":false},"author":1,"featured_media":0,"parent":822,"menu_order":2,"comment_status":"closed","ping_status":"closed","template":"","meta":{"om_disable_all_campaigns":false,"_monsterinsights_skip_tracking":false,"_monsterinsights_sitenote_active":false,"_monsterinsights_sitenote_note":"","_monsterinsights_sitenote_category":0,"footnotes":""},"class_list":["post-838","page","type-page","status-publish","hentry"],"yoast_head":"<!-- This site is optimized with the Yoast SEO plugin v18.9 - https:\/\/yoast.com\/wordpress\/plugins\/seo\/ -->\n<title>Entretien - Duct Engineering Ltd.<\/title>\n<meta name=\"description\" content=\"Suivez ces \u00e9tapes pour l&#039;entretien de vos chauffages en caniveau.\" \/>\n<meta name=\"robots\" content=\"index, follow, max-snippet:-1, max-image-preview:large, max-video-preview:-1\" \/>\n<link rel=\"canonical\" href=\"https:\/\/ducttrench.com\/index.php\/fr\/nos-services\/entretien\/\" \/>\n<meta property=\"og:locale\" content=\"en_US\" \/>\n<meta property=\"og:type\" content=\"article\" \/>\n<meta property=\"og:title\" content=\"Entretien - Duct Engineering Ltd.\" \/>\n<meta property=\"og:description\" content=\"Suivez ces \u00e9tapes pour l&#039;entretien de vos chauffages en caniveau.\" \/>\n<meta property=\"og:url\" content=\"https:\/\/ducttrench.com\/index.php\/fr\/nos-services\/entretien\/\" \/>\n<meta property=\"og:site_name\" content=\"Duct Engineering Ltd.\" \/>\n<meta property=\"article:modified_time\" content=\"2022-05-23T10:44:17+00:00\" \/>\n<meta name=\"twitter:card\" content=\"summary_large_image\" \/>\n<meta name=\"twitter:label1\" content=\"Est. reading time\" \/>\n\t<meta name=\"twitter:data1\" content=\"1 minute\" \/>\n<script type=\"application\/ld+json\" class=\"yoast-schema-graph\">{\"@context\":\"https:\/\/schema.org\",\"@graph\":[{\"@type\":\"WebSite\",\"@id\":\"https:\/\/ducttrench.com\/#website\",\"url\":\"https:\/\/ducttrench.com\/\",\"name\":\"Duct Engineering Ltd.\",\"description\":\"Trench Heating\",\"potentialAction\":[{\"@type\":\"SearchAction\",\"target\":{\"@type\":\"EntryPoint\",\"urlTemplate\":\"https:\/\/ducttrench.com\/?s={search_term_string}\"},\"query-input\":\"required name=search_term_string\"}],\"inLanguage\":\"en-US\"},{\"@type\":\"WebPage\",\"@id\":\"https:\/\/ducttrench.com\/index.php\/fr\/nos-services\/entretien\/#webpage\",\"url\":\"https:\/\/ducttrench.com\/index.php\/fr\/nos-services\/entretien\/\",\"name\":\"Entretien - Duct Engineering Ltd.\",\"isPartOf\":{\"@id\":\"https:\/\/ducttrench.com\/#website\"},\"datePublished\":\"2022-05-23T10:43:29+00:00\",\"dateModified\":\"2022-05-23T10:44:17+00:00\",\"description\":\"Suivez ces \u00e9tapes pour l'entretien de vos chauffages en caniveau.\",\"breadcrumb\":{\"@id\":\"https:\/\/ducttrench.com\/index.php\/fr\/nos-services\/entretien\/#breadcrumb\"},\"inLanguage\":\"en-US\",\"potentialAction\":[{\"@type\":\"ReadAction\",\"target\":[\"https:\/\/ducttrench.com\/index.php\/fr\/nos-services\/entretien\/\"]}]},{\"@type\":\"BreadcrumbList\",\"@id\":\"https:\/\/ducttrench.com\/index.php\/fr\/nos-services\/entretien\/#breadcrumb\",\"itemListElement\":[{\"@type\":\"ListItem\",\"position\":1,\"name\":\"Home\",\"item\":\"https:\/\/ducttrench.com\/\"},{\"@type\":\"ListItem\",\"position\":2,\"name\":\"Nos services\",\"item\":\"https:\/\/ducttrench.com\/index.php\/fr\/nos-services\/\"},{\"@type\":\"ListItem\",\"position\":3,\"name\":\"Entretien\"}]}]}<\/script>\n<!-- \/ Yoast SEO plugin. -->","yoast_head_json":{"title":"Entretien - Duct Engineering Ltd.","description":"Suivez ces \u00e9tapes pour l'entretien de vos chauffages en caniveau.","robots":{"index":"index","follow":"follow","max-snippet":"max-snippet:-1","max-image-preview":"max-image-preview:large","max-video-preview":"max-video-preview:-1"},"canonical":"https:\/\/ducttrench.com\/index.php\/fr\/nos-services\/entretien\/","og_locale":"en_US","og_type":"article","og_title":"Entretien - Duct Engineering Ltd.","og_description":"Suivez ces \u00e9tapes pour l'entretien de vos chauffages en caniveau.","og_url":"https:\/\/ducttrench.com\/index.php\/fr\/nos-services\/entretien\/","og_site_name":"Duct Engineering Ltd.","article_modified_time":"2022-05-23T10:44:17+00:00","twitter_card":"summary_large_image","twitter_misc":{"Est. reading time":"1 minute"},"schema":{"@context":"https:\/\/schema.org","@graph":[{"@type":"WebSite","@id":"https:\/\/ducttrench.com\/#website","url":"https:\/\/ducttrench.com\/","name":"Duct Engineering Ltd.","description":"Trench Heating","potentialAction":[{"@type":"SearchAction","target":{"@type":"EntryPoint","urlTemplate":"https:\/\/ducttrench.com\/?s={search_term_string}"},"query-input":"required name=search_term_string"}],"inLanguage":"en-US"},{"@type":"WebPage","@id":"https:\/\/ducttrench.com\/index.php\/fr\/nos-services\/entretien\/#webpage","url":"https:\/\/ducttrench.com\/index.php\/fr\/nos-services\/entretien\/","name":"Entretien - Duct Engineering Ltd.","isPartOf":{"@id":"https:\/\/ducttrench.com\/#website"},"datePublished":"2022-05-23T10:43:29+00:00","dateModified":"2022-05-23T10:44:17+00:00","description":"Suivez ces \u00e9tapes pour l'entretien de vos chauffages en caniveau.","breadcrumb":{"@id":"https:\/\/ducttrench.com\/index.php\/fr\/nos-services\/entretien\/#breadcrumb"},"inLanguage":"en-US","potentialAction":[{"@type":"ReadAction","target":["https:\/\/ducttrench.com\/index.php\/fr\/nos-services\/entretien\/"]}]},{"@type":"BreadcrumbList","@id":"https:\/\/ducttrench.com\/index.php\/fr\/nos-services\/entretien\/#breadcrumb","itemListElement":[{"@type":"ListItem","position":1,"name":"Home","item":"https:\/\/ducttrench.com\/"},{"@type":"ListItem","position":2,"name":"Nos services","item":"https:\/\/ducttrench.com\/index.php\/fr\/nos-services\/"},{"@type":"ListItem","position":3,"name":"Entretien"}]}]}},"_links":{"self":[{"href":"https:\/\/ducttrench.com\/index.php\/wp-json\/wp\/v2\/pages\/838","targetHints":{"allow":["GET"]}}],"collection":[{"href":"https:\/\/ducttrench.com\/index.php\/wp-json\/wp\/v2\/pages"}],"about":[{"href":"https:\/\/ducttrench.com\/index.php\/wp-json\/wp\/v2\/types\/page"}],"author":[{"embeddable":true,"href":"https:\/\/ducttrench.com\/index.php\/wp-json\/wp\/v2\/users\/1"}],"replies":[{"embeddable":true,"href":"https:\/\/ducttrench.com\/index.php\/wp-json\/wp\/v2\/comments?post=838"}],"version-history":[{"count":2,"href":"https:\/\/ducttrench.com\/index.php\/wp-json\/wp\/v2\/pages\/838\/revisions"}],"predecessor-version":[{"id":840,"href":"https:\/\/ducttrench.com\/index.php\/wp-json\/wp\/v2\/pages\/838\/revisions\/840"}],"up":[{"embeddable":true,"href":"https:\/\/ducttrench.com\/index.php\/wp-json\/wp\/v2\/pages\/822"}],"wp:attachment":[{"href":"https:\/\/ducttrench.com\/index.php\/wp-json\/wp\/v2\/media?parent=838"}],"curies":[{"name":"wp","href":"https:\/\/api.w.org\/{rel}","templated":true}]}}