{"id":841,"date":"2022-05-23T10:50:51","date_gmt":"2022-05-23T10:50:51","guid":{"rendered":"https:\/\/ducttrench.com\/?page_id=841"},"modified":"2022-05-23T10:52:15","modified_gmt":"2022-05-23T10:52:15","slug":"installation","status":"publish","type":"page","link":"https:\/\/ducttrench.com\/index.php\/fr\/nos-services\/installation\/","title":{"rendered":"Installation"},"content":{"rendered":"\n<p><strong>Nous ne proposons pas l&#8217;installation de nos produits. Vous pouvez cependant suivre ces instructions pour la r\u00e9aliser vous-m\u00eame :<\/strong><\/p>\n\n\n\n<p><strong>PLANCHER SOLIDE<\/strong><\/p>\n\n\n\n<ol class=\"wp-block-list\"><li>Placez le radiateur en tranch\u00e9e dans l&#8217;ouverture du plancher et, s&#8217;il est en plusieurs morceaux, assemblez-le \u00e0 l&#8217;aide des boulons fournis.<\/li><li>Mettez \u00e0 niveau le haut de la tranch\u00e9e par rapport au niveau du sol fini sur toute la longueur de la tranch\u00e9e \u00e0 l&#8217;aide de pieds\/boucles ajustables M10, un ajustement jusqu&#8217;\u00e0 30 mm est possible.<\/li><li>Si l&#8217;angle de retenue de la grille est encastr\u00e9, utilisez la grille fournie pour trouver le niveau du sol fini.<\/li><li>Retirez l&#8217;\u0153illet aveugle situ\u00e9 \u00e0 la base de l&#8217;appareil et percez le b\u00e9ton \u00e0 une profondeur suffisante pour recevoir une t\u00eate rouge Hilti (ou une fixation similaire).<\/li><li>Montez le goujon M8, la rondelle et l&#8217;\u00e9crou. Serrez l&#8217;\u00e9crou (ajustez les pieds si n\u00e9cessaire) afin que la tranch\u00e9e soit fermement fix\u00e9e en position et au niveau correct. Assurez-vous que les \u00e9crous de blocage des pieds sont bien serr\u00e9s. Prot\u00e9gez le chauffage de tranch\u00e9e contre les dommages caus\u00e9s par d&#8217;autres personnes apr\u00e8s le montage.<\/li><\/ol>\n\n\n\n<p><strong>INSTALLATION ENTRE SOLIVES<\/strong><\/p>\n\n\n\n<ol class=\"wp-block-list\"><li>Pour un montage entre solives, le chauffage en tranch\u00e9e doit \u00eatre command\u00e9 avec des suspensions pour solives. Les supports de solives sont fabriqu\u00e9s en acier doux galvanis\u00e9 de 2 mm avec un surplomb de 50 mm. Les supports de solives peuvent \u00eatre mont\u00e9s en usine si la dimension entre le niveau du sol fini et le haut du support de support de solives est connue.<\/li><li>Placez le radiateur en tranch\u00e9e dans l&#8217;ouverture du plancher et, s&#8217;il s&#8217;agit de plusieurs pi\u00e8ces, assemblez-les \u00e0 l&#8217;aide des boulons fournis.<\/li><li>Mettez \u00e0 niveau le haut de la tranch\u00e9e par rapport au niveau du sol fini, sur toute la longueur de la tranch\u00e9e, \u00e0 l&#8217;aide des supports de solives.<\/li><li>Si l&#8217;angle de retenue de la grille est encastr\u00e9, utilisez la grille fournie pour trouver le niveau du plancher fini.<\/li><li>Fixez le radiateur de tranch\u00e9e en place \u00e0 l&#8217;aide de fixations par l&#8217;interm\u00e9diaire des supports de solives.<\/li><\/ol>\n\n\n\n<p><strong>RACCORDEMENT DES TUYAUX<\/strong><\/p>\n\n\n\n<ol class=\"wp-block-list\"><li>Soudez les tuyaux ensemble \u00e0 l&#8217;aide des raccords fournis. Le purgeur d&#8217;air doit \u00eatre mont\u00e9 sur la sortie du tuyau de retour, sauf s&#8217;il est mont\u00e9 en usine.<\/li><li>Prot\u00e9gez l&#8217;\u00e9l\u00e9ment \u00e0 ailettes contre les dommages caus\u00e9s par d&#8217;autres personnes avant d&#8217;installer la grille.<\/li><li>Posez la grille dans la tranch\u00e9e (lorsqu&#8217;il y a plusieurs tranch\u00e9es, la grille sera marqu\u00e9e du num\u00e9ro de r\u00e9f\u00e9rence de la tranch\u00e9e \u00e0 laquelle elle se rapporte).<\/li><li>La grille rigide doit \u00eatre manipul\u00e9e avec pr\u00e9caution. Il faut \u00eatre deux pour la soulever et la d\u00e9placer.<\/li><\/ol>\n","protected":false},"excerpt":{"rendered":"<p>Nous ne proposons pas l&#8217;installation de nos produits. Vous pouvez cependant suivre ces instructions pour la r\u00e9aliser vous-m\u00eame : PLANCHER<\/p>\n<p><span class=\"more-link\"><a href=\"https:\/\/ducttrench.com\/index.php\/fr\/nos-services\/installation\/\" class=\"readmore\">Continue reading<span class=\"screen-reader-text\">Installation<\/span><\/a><\/span><\/p>\n","protected":false},"author":1,"featured_media":0,"parent":822,"menu_order":1,"comment_status":"closed","ping_status":"closed","template":"","meta":{"om_disable_all_campaigns":false,"_monsterinsights_skip_tracking":false,"_monsterinsights_sitenote_active":false,"_monsterinsights_sitenote_note":"","_monsterinsights_sitenote_category":0,"footnotes":""},"class_list":["post-841","page","type-page","status-publish","hentry"],"yoast_head":"<!-- This site is optimized with the Yoast SEO plugin v18.9 - https:\/\/yoast.com\/wordpress\/plugins\/seo\/ -->\n<title>Installation - Duct Engineering Ltd.<\/title>\n<meta name=\"description\" content=\"Nous ne proposons pas l&#039;installation de nos produits. Vous pouvez suivre nos instructions en plusieurs \u00e9tapes pour r\u00e9aliser l&#039;installation.\" \/>\n<meta name=\"robots\" content=\"index, follow, max-snippet:-1, max-image-preview:large, max-video-preview:-1\" \/>\n<link rel=\"canonical\" href=\"https:\/\/ducttrench.com\/index.php\/fr\/nos-services\/installation\/\" \/>\n<meta property=\"og:locale\" content=\"en_US\" \/>\n<meta property=\"og:type\" content=\"article\" \/>\n<meta property=\"og:title\" content=\"Installation - Duct Engineering Ltd.\" \/>\n<meta property=\"og:description\" content=\"Nous ne proposons pas l&#039;installation de nos produits. Vous pouvez suivre nos instructions en plusieurs \u00e9tapes pour r\u00e9aliser l&#039;installation.\" \/>\n<meta property=\"og:url\" content=\"https:\/\/ducttrench.com\/index.php\/fr\/nos-services\/installation\/\" \/>\n<meta property=\"og:site_name\" content=\"Duct Engineering Ltd.\" \/>\n<meta property=\"article:modified_time\" content=\"2022-05-23T10:52:15+00:00\" \/>\n<meta name=\"twitter:card\" content=\"summary_large_image\" \/>\n<meta name=\"twitter:label1\" content=\"Est. reading time\" \/>\n\t<meta name=\"twitter:data1\" content=\"2 minutes\" \/>\n<script type=\"application\/ld+json\" class=\"yoast-schema-graph\">{\"@context\":\"https:\/\/schema.org\",\"@graph\":[{\"@type\":\"WebSite\",\"@id\":\"https:\/\/ducttrench.com\/#website\",\"url\":\"https:\/\/ducttrench.com\/\",\"name\":\"Duct Engineering Ltd.\",\"description\":\"Trench Heating\",\"potentialAction\":[{\"@type\":\"SearchAction\",\"target\":{\"@type\":\"EntryPoint\",\"urlTemplate\":\"https:\/\/ducttrench.com\/?s={search_term_string}\"},\"query-input\":\"required name=search_term_string\"}],\"inLanguage\":\"en-US\"},{\"@type\":\"WebPage\",\"@id\":\"https:\/\/ducttrench.com\/index.php\/fr\/nos-services\/installation\/#webpage\",\"url\":\"https:\/\/ducttrench.com\/index.php\/fr\/nos-services\/installation\/\",\"name\":\"Installation - Duct Engineering Ltd.\",\"isPartOf\":{\"@id\":\"https:\/\/ducttrench.com\/#website\"},\"datePublished\":\"2022-05-23T10:50:51+00:00\",\"dateModified\":\"2022-05-23T10:52:15+00:00\",\"description\":\"Nous ne proposons pas l'installation de nos produits. Vous pouvez suivre nos instructions en plusieurs \u00e9tapes pour r\u00e9aliser l'installation.\",\"breadcrumb\":{\"@id\":\"https:\/\/ducttrench.com\/index.php\/fr\/nos-services\/installation\/#breadcrumb\"},\"inLanguage\":\"en-US\",\"potentialAction\":[{\"@type\":\"ReadAction\",\"target\":[\"https:\/\/ducttrench.com\/index.php\/fr\/nos-services\/installation\/\"]}]},{\"@type\":\"BreadcrumbList\",\"@id\":\"https:\/\/ducttrench.com\/index.php\/fr\/nos-services\/installation\/#breadcrumb\",\"itemListElement\":[{\"@type\":\"ListItem\",\"position\":1,\"name\":\"Home\",\"item\":\"https:\/\/ducttrench.com\/\"},{\"@type\":\"ListItem\",\"position\":2,\"name\":\"Nos services\",\"item\":\"https:\/\/ducttrench.com\/index.php\/fr\/nos-services\/\"},{\"@type\":\"ListItem\",\"position\":3,\"name\":\"Installation\"}]}]}<\/script>\n<!-- \/ Yoast SEO plugin. -->","yoast_head_json":{"title":"Installation - Duct Engineering Ltd.","description":"Nous ne proposons pas l'installation de nos produits. Vous pouvez suivre nos instructions en plusieurs \u00e9tapes pour r\u00e9aliser l'installation.","robots":{"index":"index","follow":"follow","max-snippet":"max-snippet:-1","max-image-preview":"max-image-preview:large","max-video-preview":"max-video-preview:-1"},"canonical":"https:\/\/ducttrench.com\/index.php\/fr\/nos-services\/installation\/","og_locale":"en_US","og_type":"article","og_title":"Installation - Duct Engineering Ltd.","og_description":"Nous ne proposons pas l'installation de nos produits. Vous pouvez suivre nos instructions en plusieurs \u00e9tapes pour r\u00e9aliser l'installation.","og_url":"https:\/\/ducttrench.com\/index.php\/fr\/nos-services\/installation\/","og_site_name":"Duct Engineering Ltd.","article_modified_time":"2022-05-23T10:52:15+00:00","twitter_card":"summary_large_image","twitter_misc":{"Est. reading time":"2 minutes"},"schema":{"@context":"https:\/\/schema.org","@graph":[{"@type":"WebSite","@id":"https:\/\/ducttrench.com\/#website","url":"https:\/\/ducttrench.com\/","name":"Duct Engineering Ltd.","description":"Trench Heating","potentialAction":[{"@type":"SearchAction","target":{"@type":"EntryPoint","urlTemplate":"https:\/\/ducttrench.com\/?s={search_term_string}"},"query-input":"required name=search_term_string"}],"inLanguage":"en-US"},{"@type":"WebPage","@id":"https:\/\/ducttrench.com\/index.php\/fr\/nos-services\/installation\/#webpage","url":"https:\/\/ducttrench.com\/index.php\/fr\/nos-services\/installation\/","name":"Installation - Duct Engineering Ltd.","isPartOf":{"@id":"https:\/\/ducttrench.com\/#website"},"datePublished":"2022-05-23T10:50:51+00:00","dateModified":"2022-05-23T10:52:15+00:00","description":"Nous ne proposons pas l'installation de nos produits. Vous pouvez suivre nos instructions en plusieurs \u00e9tapes pour r\u00e9aliser l'installation.","breadcrumb":{"@id":"https:\/\/ducttrench.com\/index.php\/fr\/nos-services\/installation\/#breadcrumb"},"inLanguage":"en-US","potentialAction":[{"@type":"ReadAction","target":["https:\/\/ducttrench.com\/index.php\/fr\/nos-services\/installation\/"]}]},{"@type":"BreadcrumbList","@id":"https:\/\/ducttrench.com\/index.php\/fr\/nos-services\/installation\/#breadcrumb","itemListElement":[{"@type":"ListItem","position":1,"name":"Home","item":"https:\/\/ducttrench.com\/"},{"@type":"ListItem","position":2,"name":"Nos services","item":"https:\/\/ducttrench.com\/index.php\/fr\/nos-services\/"},{"@type":"ListItem","position":3,"name":"Installation"}]}]}},"_links":{"self":[{"href":"https:\/\/ducttrench.com\/index.php\/wp-json\/wp\/v2\/pages\/841","targetHints":{"allow":["GET"]}}],"collection":[{"href":"https:\/\/ducttrench.com\/index.php\/wp-json\/wp\/v2\/pages"}],"about":[{"href":"https:\/\/ducttrench.com\/index.php\/wp-json\/wp\/v2\/types\/page"}],"author":[{"embeddable":true,"href":"https:\/\/ducttrench.com\/index.php\/wp-json\/wp\/v2\/users\/1"}],"replies":[{"embeddable":true,"href":"https:\/\/ducttrench.com\/index.php\/wp-json\/wp\/v2\/comments?post=841"}],"version-history":[{"count":3,"href":"https:\/\/ducttrench.com\/index.php\/wp-json\/wp\/v2\/pages\/841\/revisions"}],"predecessor-version":[{"id":845,"href":"https:\/\/ducttrench.com\/index.php\/wp-json\/wp\/v2\/pages\/841\/revisions\/845"}],"up":[{"embeddable":true,"href":"https:\/\/ducttrench.com\/index.php\/wp-json\/wp\/v2\/pages\/822"}],"wp:attachment":[{"href":"https:\/\/ducttrench.com\/index.php\/wp-json\/wp\/v2\/media?parent=841"}],"curies":[{"name":"wp","href":"https:\/\/api.w.org\/{rel}","templated":true}]}}